{"id":21816,"date":"2024-11-07T15:49:33","date_gmt":"2024-11-07T15:49:33","guid":{"rendered":"https:\/\/www.easyglue.de\/gastos-y-plazos-de-envio\/"},"modified":"2026-02-20T12:09:01","modified_gmt":"2026-02-20T12:09:01","slug":"versandkosten-und-versandzeit","status":"publish","type":"page","link":"https:\/\/www.easyglue.de\/es\/versandkosten-und-versandzeit\/","title":{"rendered":"Gastos y plazos de env\u00edo"},"content":{"rendered":"\t\t<div data-elementor-type=\"wp-page\" data-elementor-id=\"21816\" class=\"elementor elementor-21816 elementor-16365\" data-elementor-post-type=\"page\">\n\t\t\t\t<div class=\"wd-negative-gap elementor-element elementor-element-597b8ea wd-section-stretch e-flex e-con-boxed e-con e-parent\" data-id=\"597b8ea\" data-element_type=\"container\" data-e-type=\"container\">\n\t\t\t\t\t<div class=\"e-con-inner\">\n\t\t\t\t<div class=\"elementor-element elementor-element-54d8a10 elementor-widget elementor-widget-heading\" data-id=\"54d8a10\" data-element_type=\"widget\" data-e-type=\"widget\" data-widget_type=\"heading.default\">\n\t\t\t\t<div class=\"elementor-widget-container\">\n\t\t\t\t\t<h2 class=\"elementor-heading-title elementor-size-default\">Gastos y plazos de env\u00edo\n <\/h2>\t\t\t\t<\/div>\n\t\t\t\t<\/div>\n\t\t\t\t<div class=\"elementor-element elementor-element-70dfeef elementor-widget elementor-widget-wd_table\" data-id=\"70dfeef\" data-element_type=\"widget\" data-e-type=\"widget\" data-widget_type=\"wd_table.default\">\n\t\t\t\t<div class=\"elementor-widget-container\">\n\t\t\t\t\t\t\t<div class=\"wd-el-table-wrap wd-reset-all-last\">\n\t\t\t<table class=\"wd-el-table\">\n\t\t\t\t\t\t\t\t\t<thead class=\"text-left\">\n\t\t\t\t\t\t\t\t\t\t\t\t\t\t\t\t\t\t\t\t\t\t\t\t\t\t\t\t\t\t<tr class=\"wd-table-row elementor-repeater-item-de152b5\">\n\t\t\t\t\t\t\t\t\t\t\t\t\t\t\t\t\t\t\t\t\t\t\t\t\t\t\t\t\t\t\t\t\t\t\t\t<th class=\"wd-table-cell elementor-repeater-item-3e7e4fe\" colspan=\"1\" rowspan=\"1\">\n\t\t\t\t\t\t\t\t\t<p>Pa\u00eds de destino<\/p>\t\t\t\t\t\t\t\t<\/th>\n\t\t\t\t\t\t\t\t\t\t\t\t\t\t\t\t\t\t\t\t\t\t\t\t\t\t\t\t<th class=\"wd-table-cell elementor-repeater-item-25c8758\" colspan=\"1\" rowspan=\"1\">\n\t\t\t\t\t\t\t\t\t<p>Hora de env\u00edo<\/p>\t\t\t\t\t\t\t\t<\/th>\n\t\t\t\t\t\t\t\t\t\t\t\t\t\t\t\t\t\t\t\t\t\t\t\t\t\t\t\t<th class=\"wd-table-cell elementor-repeater-item-d4a35b9\" colspan=\"1\" rowspan=\"1\">\n\t\t\t\t\t\t\t\t\t<p>Gastos de env\u00edo<\/p>\t\t\t\t\t\t\t\t<\/th>\n\t\t\t\t\t\t\t\t\t\t\t\t\t\t\t\t\t\t\t<\/tr>\n\t\t\t\t\t<\/thead>\n\t\t\t\t\n\t\t\t\t<tbody class=\"text-left\">\n\t\t\t\t\t\t\t\t\t\t\t\t\t\t\t\t\t\t\t\t\t\t\t\t\t\t<tr class=\"wd-table-row elementor-repeater-item-3570d59\">\n\t\t\t\t\t\t\t\t\t\t\t\t\t\t\t\t\t\t\t\t\t\t\t\t\t\t\t\t\t\t\t\n\t\t\t\t\t\t\t<td class=\"wd-table-cell elementor-repeater-item-1aef3a0\" colspan=\"1\" rowspan=\"1\">\n\t\t\t\t\t\t\t\t<p>Alemania<\/p>\t\t\t\t\t\t\t<\/td>\n\t\t\t\t\t\t\t\t\t\t\t\t\t\t\t\t\t\t\t\t\t\t\t\t\n\t\t\t\t\t\t\t<td class=\"wd-table-cell elementor-repeater-item-a6cfdb1\" colspan=\"1\" rowspan=\"1\">\n\t\t\t\t\t\t\t\t<p>1-3 d\u00edas<\/p>\t\t\t\t\t\t\t<\/td>\n\t\t\t\t\t\t\t\t\t\t\t\t\t\t\t\t\t\t\t\t\t\t\t\t\n\t\t\t\t\t\t\t<td class=\"wd-table-cell elementor-repeater-item-ff4fda8\" colspan=\"1\" rowspan=\"1\">\n\t\t\t\t\t\t\t\t<p>Calculado en la caja<\/p>\t\t\t\t\t\t\t<\/td>\n\t\t\t\t\t\t\t\t\t\t\t\t\t\t\t\t\t\t\t\t\t\t\t\t\t\t\t\t\t\t\t\t<\/tr>\n\t\t\t\t\t\t\t\t<tr class=\"wd-table-row elementor-repeater-item-60b47db\">\n\t\t\t\t\t\t\t\t\t\t\t\t\t\t\t\t\t\t\t\t\t\t\t\t\t\t\t\t\t\t\t\n\t\t\t\t\t\t\t<td class=\"wd-table-cell elementor-repeater-item-c789d7c\" colspan=\"1\" rowspan=\"1\">\n\t\t\t\t\t\t\t\t<p>Uni\u00f3n Europea, excepto Malta<\/p>\t\t\t\t\t\t\t<\/td>\n\t\t\t\t\t\t\t\t\t\t\t\t\t\t\t\t\t\t\t\t\t\t\t\t\n\t\t\t\t\t\t\t<td class=\"wd-table-cell elementor-repeater-item-bea1b63\" colspan=\"1\" rowspan=\"1\">\n\t\t\t\t\t\t\t\t<p>2-5 d\u00edas<\/p>\t\t\t\t\t\t\t<\/td>\n\t\t\t\t\t\t\t\t\t\t\t\t\t\t\t\t\t\t\t\t\t\t\t\t\n\t\t\t\t\t\t\t<td class=\"wd-table-cell elementor-repeater-item-9743c5d\" colspan=\"1\" rowspan=\"1\">\n\t\t\t\t\t\t\t\t<p>Calculado en la caja<\/p>\t\t\t\t\t\t\t<\/td>\n\t\t\t\t\t\t\t\t\t\t\t\t\t\t\t\t\t\t\t\t\t\t\t\t\t\t\t\t\t\t\t\t<\/tr>\n\t\t\t\t\t\t\t\t<tr class=\"wd-table-row elementor-repeater-item-7dd11db\">\n\t\t\t\t\t\t\t\t\t\t\t\t\t\t\t\t\t\t\t\t\t\t\t\t\t\t\t\t\t\t\t\n\t\t\t\t\t\t\t<td class=\"wd-table-cell elementor-repeater-item-50d0ca3\" colspan=\"1\" rowspan=\"1\">\n\t\t\t\t\t\t\t\t<p>Reino Unido<\/p>\t\t\t\t\t\t\t<\/td>\n\t\t\t\t\t\t\t\t\t\t\t\t\t\t\t\t\t\t\t\t\t\t\t\t\n\t\t\t\t\t\t\t<td class=\"wd-table-cell elementor-repeater-item-2648a41\" colspan=\"1\" rowspan=\"1\">\n\t\t\t\t\t\t\t\t<p>2-5 d\u00edas<\/p>\t\t\t\t\t\t\t<\/td>\n\t\t\t\t\t\t\t\t\t\t\t\t\t\t\t\t\t\t\t\t\t\t\t\t\n\t\t\t\t\t\t\t<td class=\"wd-table-cell elementor-repeater-item-856609e\" colspan=\"1\" rowspan=\"1\">\n\t\t\t\t\t\t\t\t<p>Calculado en la caja<\/p>\t\t\t\t\t\t\t<\/td>\n\t\t\t\t\t\t\t\t\t\t\t\t\t\t\t\t\t\t\t\t\t\t\t\t\t\t\t\t\t\t\t\t<\/tr>\n\t\t\t\t\t\t\t\t<tr class=\"wd-table-row elementor-repeater-item-021c19b\">\n\t\t\t\t\t\t\t\t\t\t\t\t\t\t\t\t\t\t\t\t\t\t\t\t\t\t\t\t\t\t\t\n\t\t\t\t\t\t\t<td class=\"wd-table-cell elementor-repeater-item-b521d71\" colspan=\"1\" rowspan=\"1\">\n\t\t\t\t\t\t\t\t<p>Europa<\/p>\t\t\t\t\t\t\t<\/td>\n\t\t\t\t\t\t\t\t\t\t\t\t\t\t\t\t\t\t\t\t\t\t\t\t\n\t\t\t\t\t\t\t<td class=\"wd-table-cell elementor-repeater-item-f615088\" colspan=\"1\" rowspan=\"1\">\n\t\t\t\t\t\t\t\t<p>2-6 d\u00edas<\/p>\t\t\t\t\t\t\t<\/td>\n\t\t\t\t\t\t\t\t\t\t\t\t\t\t\t\t\t\t\t\t\t\t\t\t\n\t\t\t\t\t\t\t<td class=\"wd-table-cell elementor-repeater-item-f7c6156\" colspan=\"1\" rowspan=\"1\">\n\t\t\t\t\t\t\t\t<p>Calculado en la caja<\/p>\t\t\t\t\t\t\t<\/td>\n\t\t\t\t\t\t\t\t\t\t\t\t\t\t\t\t\t\t\t\t\t\t\t\t\t\t\t\t\t\t\t\t<\/tr>\n\t\t\t\t\t\t\t\t<tr class=\"wd-table-row elementor-repeater-item-50dce6a\">\n\t\t\t\t\t\t\t\t\t\t\t\t\t\t\t\t\t\t\t\t\t\t\t\t\t\t\t\t\t\t\t\n\t\t\t\t\t\t\t<td class=\"wd-table-cell elementor-repeater-item-d64b38e\" colspan=\"1\" rowspan=\"1\">\n\t\t\t\t\t\t\t\t<p>En todo el mundo<\/p>\t\t\t\t\t\t\t<\/td>\n\t\t\t\t\t\t\t\t\t\t\t\t\t\t\t\t\t\t\t\t\t\t\t\t\n\t\t\t\t\t\t\t<td class=\"wd-table-cell elementor-repeater-item-dd2a16b\" colspan=\"1\" rowspan=\"1\">\n\t\t\t\t\t\t\t\t<p>2-10 d\u00edas<\/p>\t\t\t\t\t\t\t<\/td>\n\t\t\t\t\t\t\t\t\t\t\t\t\t\t\t\t\t\t\t\t\t\t\t\t\n\t\t\t\t\t\t\t<td class=\"wd-table-cell elementor-repeater-item-552e8eb\" colspan=\"1\" rowspan=\"1\">\n\t\t\t\t\t\t\t\t<p>Calculado en la caja<\/p>\t\t\t\t\t\t\t<\/td>\n\t\t\t\t\t\t\t\t\t\t\t\t\t\t\t\t<\/tr>\n\t\t\t\t<\/tbody>\n\t\t\t<\/table>\n\t\t<\/div>\n\t\t\t\t\t\t<\/div>\n\t\t\t\t<\/div>\n\t\t\t\t<div class=\"elementor-element elementor-element-a63d1b0 elementor-widget elementor-widget-heading\" data-id=\"a63d1b0\" data-element_type=\"widget\" data-e-type=\"widget\" data-widget_type=\"heading.default\">\n\t\t\t\t<div class=\"elementor-widget-container\">\n\t\t\t\t\t<h2 class=\"elementor-heading-title elementor-size-default\">Condiciones de env\u00edo<\/h2>\t\t\t\t<\/div>\n\t\t\t\t<\/div>\n\t\t\t\t<div class=\"elementor-element elementor-element-44f3d52 color-scheme-inherit text-left elementor-widget elementor-widget-text-editor\" data-id=\"44f3d52\" data-element_type=\"widget\" data-e-type=\"widget\" data-widget_type=\"text-editor.default\">\n\t\t\t\t<div class=\"elementor-widget-container\">\n\t\t\t\t\t\t\t\t\t<p>El Comprador acepta expresamente que la factura del Vendedor y sus t\u00e9rminos y condiciones constituyen el acuerdo completo de las partes en relaci\u00f3n con la venta de los productos enumerados en la factura y que ning\u00fan otro t\u00e9rmino o t\u00e9rmino adicional contenido en la orden de compra del Comprador o en cualquier otra comunicaci\u00f3n anterior o posterior complementar\u00e1 o modificar\u00e1 de otro modo estos T\u00e9rminos y Condiciones de Venta y ser\u00e1 vinculante para el Vendedor. Tenga en cuenta lo siguiente: Los plazos de env\u00edo son plazos de tr\u00e1nsito est\u00e1ndar y se indican en d\u00edas laborables (de lunes a viernes, excepto festivos) y comienzan a contar a partir de la fecha en que recibe el correo electr\u00f3nico \u00abSu pedido ha sido enviado\u00bb. El tiempo de tramitaci\u00f3n de los pedidos entrantes suele ser de 2 d\u00edas laborables<a style=\"font-size: 15px;\" href=\"https:\/\/www.youtube.com\/channel\/UCy1PSZhfZ-HDfAkTPjq5ImQ\" target=\"_blank\" rel=\"noopener\">.<\/a>  <\/p>\t\t\t\t\t\t\t\t<\/div>\n\t\t\t\t<\/div>\n\t\t\t\t\t<\/div>\n\t\t\t\t<\/div>\n\t\t\t\t<\/div>\n\t\t","protected":false},"excerpt":{"rendered":"<p>Gastos y plazos de env\u00edo Pa\u00eds de destino Hora de env\u00edo Gastos de env\u00edo Alemania 1-3 d\u00edas Calculado en la<\/p>\n","protected":false},"author":335,"featured_media":0,"parent":0,"menu_order":0,"comment_status":"closed","ping_status":"closed","template":"elementor_header_footer","meta":{"_acf_changed":false,"footnotes":""},"class_list":["post-21816","page","type-page","status-publish","hentry"],"acf":[],"_links":{"self":[{"href":"https:\/\/www.easyglue.de\/es\/wp-json\/wp\/v2\/pages\/21816","targetHints":{"allow":["GET"]}}],"collection":[{"href":"https:\/\/www.easyglue.de\/es\/wp-json\/wp\/v2\/pages"}],"about":[{"href":"https:\/\/www.easyglue.de\/es\/wp-json\/wp\/v2\/types\/page"}],"author":[{"embeddable":true,"href":"https:\/\/www.easyglue.de\/es\/wp-json\/wp\/v2\/users\/335"}],"replies":[{"embeddable":true,"href":"https:\/\/www.easyglue.de\/es\/wp-json\/wp\/v2\/comments?post=21816"}],"version-history":[{"count":0,"href":"https:\/\/www.easyglue.de\/es\/wp-json\/wp\/v2\/pages\/21816\/revisions"}],"wp:attachment":[{"href":"https:\/\/www.easyglue.de\/es\/wp-json\/wp\/v2\/media?parent=21816"}],"curies":[{"name":"wp","href":"https:\/\/api.w.org\/{rel}","templated":true}]}}