{"id":22294,"date":"2025-01-22T14:12:23","date_gmt":"2025-01-22T14:12:23","guid":{"rendered":"https:\/\/www.easyglue.de\/formas-de-pago\/"},"modified":"2025-01-22T14:12:23","modified_gmt":"2025-01-22T14:12:23","slug":"formas-de-pago","status":"publish","type":"page","link":"https:\/\/www.easyglue.de\/es\/formas-de-pago\/","title":{"rendered":"Formas de pago"},"content":{"rendered":"<div class=\"woocommerce woocommerce-gzd\">\n\t<ul class=\"payment_methods methods\">\n\t\t\t\t\t<li class=\"payment_method_bacs\">\n\t\t\t\t<label>Transferencia bancaria directa (pago por adelantado)<\/label>\n\t\t\t\t\t\t\t\t\t<div class=\"payment_box payment_method_bacs\">\n\t\t\t\t\t\t<p>Transfiera la oferta directamente a nuestra cuenta bancaria. Por favor, introduzca aqu\u00ed su n\u00famero de pedido como contrase\u00f1a de uso. Su pedido s\u00f3lo se enviar\u00e1 a nuestra cuenta una vez que se haya realizado el pago.    <\/p>\n\t\t\t\t\t<\/div>\n\t\t\t\t\t\t\t<\/li>\n\t\t\t\t\t<li class=\"payment_method_ppcp\">\n\t\t\t\t<label>PayPal<img decoding=\"async\" src=\"https:\/\/www.easyglue.de\/wp-content\/plugins\/pymntpl-paypal-woocommerce\/assets\/img\/paypal_logo.svg\" alt=\"PayPal\" \/><\/label>\n\t\t\t\t\t\t\t\t\t<div class=\"payment_box payment_method_ppcp\">\n\t\t\t\t\t\t<p><\/p>\n\t\t\t\t\t<\/div>\n\t\t\t\t\t\t\t<\/li>\n\t\t\t\t\t<li class=\"payment_method_ppcp_card\">\n\t\t\t\t<label>Tarjeta de cr\u00e9dito\/d\u00e9bito<img decoding=\"async\" src=\"https:\/\/www.easyglue.de\/wp-content\/uploads\/2025\/10\/ppcp-card-icons.svg\" alt=\"Tarjeta de cr\u00e9dito\/d\u00e9bito\" \/><\/label>\n\t\t\t\t\t\t\t\t\t<div class=\"payment_box payment_method_ppcp_card\">\n\t\t\t\t\t\t<p><\/p>\n\t\t\t\t\t<\/div>\n\t\t\t\t\t\t\t<\/li>\n\t\t\t<\/ul>\n<\/div>\n","protected":false},"excerpt":{"rendered":"","protected":false},"author":335,"featured_media":0,"parent":0,"menu_order":0,"comment_status":"closed","ping_status":"closed","template":"","meta":{"_acf_changed":false,"footnotes":""},"class_list":["post-22294","page","type-page","status-publish","hentry"],"acf":[],"_links":{"self":[{"href":"https:\/\/www.easyglue.de\/es\/wp-json\/wp\/v2\/pages\/22294","targetHints":{"allow":["GET"]}}],"collection":[{"href":"https:\/\/www.easyglue.de\/es\/wp-json\/wp\/v2\/pages"}],"about":[{"href":"https:\/\/www.easyglue.de\/es\/wp-json\/wp\/v2\/types\/page"}],"author":[{"embeddable":true,"href":"https:\/\/www.easyglue.de\/es\/wp-json\/wp\/v2\/users\/335"}],"replies":[{"embeddable":true,"href":"https:\/\/www.easyglue.de\/es\/wp-json\/wp\/v2\/comments?post=22294"}],"version-history":[{"count":0,"href":"https:\/\/www.easyglue.de\/es\/wp-json\/wp\/v2\/pages\/22294\/revisions"}],"wp:attachment":[{"href":"https:\/\/www.easyglue.de\/es\/wp-json\/wp\/v2\/media?parent=22294"}],"curies":[{"name":"wp","href":"https:\/\/api.w.org\/{rel}","templated":true}]}}