{"id":21876,"date":"2024-10-31T04:38:38","date_gmt":"2024-10-31T04:38:38","guid":{"rendered":"https:\/\/www.easyglue.de\/tanque-fusor-hmgs6-ni120\/"},"modified":"2025-11-08T10:46:25","modified_gmt":"2025-11-08T10:46:25","slug":"tanque-fusor-hmgs6-ni120","status":"publish","type":"product","link":"https:\/\/www.easyglue.de\/es\/tanque-fusor-hmgs6-ni120\/","title":{"rendered":"Tanque fusor HMGS6 Ni120"},"content":{"rendered":"","protected":false},"excerpt":{"rendered":"<ul>\n<li>Compatible con Nordson<\/li>\n<li>Sensor Ni120<\/li>\n<li>Bomba de engranajes con motor trif\u00e1sico controlado por frecuencia<\/li>\n<li>Hasta 2 conexiones de cola<\/li>\n<li>Capacidad del dep\u00f3sito de 6 kg<\/li>\n<li>Dep\u00f3sito con revestimiento antiadherente y filtro<\/li>\n<li>V\u00e1lvula de alivio de presi\u00f3n<\/li>\n<li>Control de temperatura con monitorizaci\u00f3n de canales<\/li>\n<li>Reducci\u00f3n de la temperatura (en espera)<\/li>\n<li>Regulador de temperatura con control de temperatura autooptimizante<\/li>\n<li>Visualizaci\u00f3n de aver\u00edas con localizaci\u00f3n<\/li>\n<li>Temporizador semanal programable<\/li>\n<li>Incluye instrucciones de uso en alem\u00e1n y diagrama de cableado<\/li>\n<li>Temperatura m\u00e1xima 200\u00b0C<\/li>\n<li>Contacto inversor sin potencial para habilitar<\/li>\n<li>Otras referencias: HMGS<\/li>\n<\/ul>\n","protected":false},"featured_media":18194,"comment_status":"open","ping_status":"closed","template":"","meta":{"_acf_changed":false},"kompatibel-zu":[319],"leimtyp":[329],"product_brand":[],"product_cat":[248],"product_tag":[],"class_list":{"0":"post-21876","1":"product","2":"type-product","3":"status-publish","4":"has-post-thumbnail","6":"kompatibel-zu-piezas-de-repuesto-compatibles-nordson","7":"leimtyp-adhesivostermofusibles","8":"product_cat-suministro-de-cola","10":"first","11":"instock","12":"taxable","13":"shipping-taxable","14":"product-type-variable"},"acf":[],"_links":{"self":[{"href":"https:\/\/www.easyglue.de\/es\/wp-json\/wp\/v2\/product\/21876","targetHints":{"allow":["GET"]}}],"collection":[{"href":"https:\/\/www.easyglue.de\/es\/wp-json\/wp\/v2\/product"}],"about":[{"href":"https:\/\/www.easyglue.de\/es\/wp-json\/wp\/v2\/types\/product"}],"replies":[{"embeddable":true,"href":"https:\/\/www.easyglue.de\/es\/wp-json\/wp\/v2\/comments?post=21876"}],"version-history":[{"count":0,"href":"https:\/\/www.easyglue.de\/es\/wp-json\/wp\/v2\/product\/21876\/revisions"}],"wp:featuredmedia":[{"embeddable":true,"href":"https:\/\/www.easyglue.de\/es\/wp-json\/wp\/v2\/media\/18194"}],"wp:attachment":[{"href":"https:\/\/www.easyglue.de\/es\/wp-json\/wp\/v2\/media?parent=21876"}],"wp:term":[{"taxonomy":"kompatibel-zu","embeddable":true,"href":"https:\/\/www.easyglue.de\/es\/wp-json\/wp\/v2\/kompatibel-zu?post=21876"},{"taxonomy":"leimtyp","embeddable":true,"href":"https:\/\/www.easyglue.de\/es\/wp-json\/wp\/v2\/leimtyp?post=21876"},{"taxonomy":"product_brand","embeddable":true,"href":"https:\/\/www.easyglue.de\/es\/wp-json\/wp\/v2\/product_brand?post=21876"},{"taxonomy":"product_cat","embeddable":true,"href":"https:\/\/www.easyglue.de\/es\/wp-json\/wp\/v2\/product_cat?post=21876"},{"taxonomy":"product_tag","embeddable":true,"href":"https:\/\/www.easyglue.de\/es\/wp-json\/wp\/v2\/product_tag?post=21876"}],"curies":[{"name":"wp","href":"https:\/\/api.w.org\/{rel}","templated":true}]}}