{"id":22147,"date":"2024-10-31T04:55:45","date_gmt":"2024-10-31T04:55:45","guid":{"rendered":"https:\/\/www.easyglue.de\/tanque-fusor-hmks5-ni120\/"},"modified":"2024-10-31T04:55:45","modified_gmt":"2024-10-31T04:55:45","slug":"tanque-fusor-hmks5-ni120","status":"publish","type":"product","link":"https:\/\/www.easyglue.de\/es\/tanque-fusor-hmks5-ni120\/","title":{"rendered":"Tanque fusor HMKS5 Ni120"},"content":{"rendered":"","protected":false},"excerpt":{"rendered":"<ul>\n<li>Compatible con Nordson\u00ae ProBlue Series; 3000 Series<\/li>\n<li>Sensor Ni120<\/li>\n<li>1x bomba de pist\u00f3n<\/li>\n<li>Hasta 6 conexiones de cola compuestas por manguera calentada y cabezal de aplicaci\u00f3n de cola<\/li>\n<li>Capacidad del dep\u00f3sito de 5 kg<\/li>\n<li>Cuba con revestimiento antiadherente y filtro, calentamiento de la cuba aprox. 800W<\/li>\n<li>Control con supervisi\u00f3n de canales, modo de descenso (en espera) y temporizador semanal programable<\/li>\n<li>Visualizaci\u00f3n de aver\u00edas con localizaci\u00f3n<\/li>\n<li>Alimentaci\u00f3n para 1 - 2 conexiones de cola: 230V\/16A o para 3 - 6 conexiones de cola: 3x400V\/16A<\/li>\n<li>Incluye instrucciones de uso en alem\u00e1n y diagrama de cableado<\/li>\n<li>Temperatura m\u00e1xima 200\u00b0C<\/li>\n<li>Contacto inversor sin potencial para habilitar<\/li>\n<\/ul>\n","protected":false},"featured_media":18190,"comment_status":"open","ping_status":"closed","template":"","meta":{"_acf_changed":false},"kompatibel-zu":[319],"leimtyp":[329],"product_brand":[],"product_cat":[248],"product_tag":[],"class_list":{"0":"post-22147","1":"product","2":"type-product","3":"status-publish","4":"has-post-thumbnail","6":"kompatibel-zu-piezas-de-repuesto-compatibles-nordson","7":"leimtyp-adhesivostermofusibles","8":"product_cat-suministro-de-cola","10":"first","11":"instock","12":"taxable","13":"shipping-taxable","14":"product-type-variable"},"acf":[],"_links":{"self":[{"href":"https:\/\/www.easyglue.de\/es\/wp-json\/wp\/v2\/product\/22147","targetHints":{"allow":["GET"]}}],"collection":[{"href":"https:\/\/www.easyglue.de\/es\/wp-json\/wp\/v2\/product"}],"about":[{"href":"https:\/\/www.easyglue.de\/es\/wp-json\/wp\/v2\/types\/product"}],"replies":[{"embeddable":true,"href":"https:\/\/www.easyglue.de\/es\/wp-json\/wp\/v2\/comments?post=22147"}],"version-history":[{"count":0,"href":"https:\/\/www.easyglue.de\/es\/wp-json\/wp\/v2\/product\/22147\/revisions"}],"wp:featuredmedia":[{"embeddable":true,"href":"https:\/\/www.easyglue.de\/es\/wp-json\/wp\/v2\/media\/18190"}],"wp:attachment":[{"href":"https:\/\/www.easyglue.de\/es\/wp-json\/wp\/v2\/media?parent=22147"}],"wp:term":[{"taxonomy":"kompatibel-zu","embeddable":true,"href":"https:\/\/www.easyglue.de\/es\/wp-json\/wp\/v2\/kompatibel-zu?post=22147"},{"taxonomy":"leimtyp","embeddable":true,"href":"https:\/\/www.easyglue.de\/es\/wp-json\/wp\/v2\/leimtyp?post=22147"},{"taxonomy":"product_brand","embeddable":true,"href":"https:\/\/www.easyglue.de\/es\/wp-json\/wp\/v2\/product_brand?post=22147"},{"taxonomy":"product_cat","embeddable":true,"href":"https:\/\/www.easyglue.de\/es\/wp-json\/wp\/v2\/product_cat?post=22147"},{"taxonomy":"product_tag","embeddable":true,"href":"https:\/\/www.easyglue.de\/es\/wp-json\/wp\/v2\/product_tag?post=22147"}],"curies":[{"name":"wp","href":"https:\/\/api.w.org\/{rel}","templated":true}]}}