{"id":22389,"date":"2024-10-31T04:21:10","date_gmt":"2024-10-31T04:21:10","guid":{"rendered":"https:\/\/www.easyglue.de\/unidad-de-alimentacion-de-adhesivo-41-con-filtro-y-control-automatico-de-la-presion-del-adhesivo\/"},"modified":"2025-11-08T10:53:21","modified_gmt":"2025-11-08T10:53:21","slug":"unidad-de-alimentacion-de-adhesivo-41-con-filtro-y-control-automatico-de-la-presion-del-adhesivo","status":"publish","type":"product","link":"https:\/\/www.easyglue.de\/es\/unidad-de-alimentacion-de-adhesivo-41-con-filtro-y-control-automatico-de-la-presion-del-adhesivo\/","title":{"rendered":"Unidad de alimentaci\u00f3n de adhesivo 4:1 con filtro y control autom\u00e1tico de la presi\u00f3n del adhesivo"},"content":{"rendered":"","protected":false},"excerpt":{"rendered":"<ul>\n<li>Relaci\u00f3n de transmisi\u00f3n 4:1<\/li>\n<li>M\u00e1x. 32 bar de presi\u00f3n adhesiva <\/li>\n<li>Regulador neum\u00e1tico de la presi\u00f3n del material<\/li>\n<li>Filtro de alta presi\u00f3n de acero inoxidable<\/li>\n<li>Montado sobre una tapa con asas y tubo de aspiraci\u00f3n<\/li>\n<li>Compatible con Baumerhhs\u00ae\/hhs\u00ae, Nordson\u00ae, Robatech\u00ae, B\u00fchnen\u00ae, Puffe\u00ae, Meler\u00ae, ITW Dynatec\u00ae\/Inatec\u00ae, ValcoMelton\u00ae.<\/li>\n<li>N\u00famero de referencia: 16911100<\/li>\n<li>Tipo de cola: Cola fr\u00eda<\/li>\n<\/ul>\n<div class=\"attributes-row\">\n<div class=\"attributes-label\">\n<div class=\"attributes-row\">\n<div><\/div>\n<\/div>\n<\/div>\n<\/div>\n","protected":false},"featured_media":18173,"comment_status":"open","ping_status":"closed","template":"","meta":{"_acf_changed":false},"kompatibel-zu":[317,319,321,323,325,327],"leimtyp":[331],"product_brand":[],"product_cat":[248],"product_tag":[],"class_list":{"0":"post-22389","1":"product","2":"type-product","3":"status-publish","4":"has-post-thumbnail","6":"kompatibel-zu-piezas-de-repuesto-compatibles-baumer-hhs","7":"kompatibel-zu-piezas-de-repuesto-compatibles-nordson","8":"kompatibel-zu-piezas-de-repuesto-compatibles-robatech","9":"kompatibel-zu-piezas-de-repuesto-compatibles-meler","10":"kompatibel-zu-piezas-de-repuesto-compatibles-itw-dynatec","11":"kompatibel-zu-piezas-de-repuesto-compatibles-valco-melton","12":"leimtyp-cola-fria","13":"product_cat-suministro-de-cola","15":"first","16":"instock","17":"taxable","18":"shipping-taxable","19":"product-type-simple"},"acf":[],"_links":{"self":[{"href":"https:\/\/www.easyglue.de\/es\/wp-json\/wp\/v2\/product\/22389","targetHints":{"allow":["GET"]}}],"collection":[{"href":"https:\/\/www.easyglue.de\/es\/wp-json\/wp\/v2\/product"}],"about":[{"href":"https:\/\/www.easyglue.de\/es\/wp-json\/wp\/v2\/types\/product"}],"replies":[{"embeddable":true,"href":"https:\/\/www.easyglue.de\/es\/wp-json\/wp\/v2\/comments?post=22389"}],"version-history":[{"count":0,"href":"https:\/\/www.easyglue.de\/es\/wp-json\/wp\/v2\/product\/22389\/revisions"}],"wp:featuredmedia":[{"embeddable":true,"href":"https:\/\/www.easyglue.de\/es\/wp-json\/wp\/v2\/media\/18173"}],"wp:attachment":[{"href":"https:\/\/www.easyglue.de\/es\/wp-json\/wp\/v2\/media?parent=22389"}],"wp:term":[{"taxonomy":"kompatibel-zu","embeddable":true,"href":"https:\/\/www.easyglue.de\/es\/wp-json\/wp\/v2\/kompatibel-zu?post=22389"},{"taxonomy":"leimtyp","embeddable":true,"href":"https:\/\/www.easyglue.de\/es\/wp-json\/wp\/v2\/leimtyp?post=22389"},{"taxonomy":"product_brand","embeddable":true,"href":"https:\/\/www.easyglue.de\/es\/wp-json\/wp\/v2\/product_brand?post=22389"},{"taxonomy":"product_cat","embeddable":true,"href":"https:\/\/www.easyglue.de\/es\/wp-json\/wp\/v2\/product_cat?post=22389"},{"taxonomy":"product_tag","embeddable":true,"href":"https:\/\/www.easyglue.de\/es\/wp-json\/wp\/v2\/product_tag?post=22389"}],"curies":[{"name":"wp","href":"https:\/\/api.w.org\/{rel}","templated":true}]}}