{"id":22789,"date":"2024-11-09T19:18:56","date_gmt":"2024-11-09T19:18:56","guid":{"rendered":"https:\/\/www.easyglue.de\/manguera-de-fusion-en-caliente-con-manguera-de-aire-de-pulverizacion-integrada-compatible-con-baumer-hhs-18-m\/"},"modified":"2024-11-09T19:18:56","modified_gmt":"2024-11-09T19:18:56","slug":"manguera-de-fusion-en-caliente-con-manguera-de-aire-de-pulverizacion-integrada-compatible-con-baumer-hhs-18-m","status":"publish","type":"product","link":"https:\/\/www.easyglue.de\/es\/manguera-de-fusion-en-caliente-con-manguera-de-aire-de-pulverizacion-integrada-compatible-con-baumer-hhs-18-m\/","title":{"rendered":"Manguera de fusi\u00f3n en caliente con manguera de aire de pulverizaci\u00f3n integrada compatible con Baumer hhs \u00ae 1,8 m"},"content":{"rendered":"<div>Nuestras mangueras para adhesivos termofusibles son sin\u00f3nimo de la m\u00e1xima calidad y fiabilidad en el procesamiento industrial de adhesivos termofusibles. La manguera calefactada garantiza un control constante de la temperatura y un transporte fiable del adhesivo fundido desde la unidad de fusi\u00f3n hasta el cabezal de aplicaci\u00f3n. Gracias al aislamiento de alta calidad, se garantiza una viscosidad \u00f3ptima del adhesivo, lo que permite una aplicaci\u00f3n uniforme y precisa del mismo. Nuestras mangueras est\u00e1n disponibles en varias longitudes, di\u00e1metros y tipos de conexi\u00f3n para que puedan integrarse perfectamente en su sistema actual. Todas nuestras mangueras son compatibles por conexi\u00f3n con diversos fabricantes de equipos de aplicaci\u00f3n de cola y son ideales para su uso en entornos de producci\u00f3n exigentes, como las industrias del envasado o del autom\u00f3vil.    <\/div>\n<p>Esta manguera de fusi\u00f3n en caliente con manguera de aire de pulverizaci\u00f3n integrada es adecuada para la conexi\u00f3n a dispositivos Baumer hhs \u00ae y tiene un <strong>di\u00e1metro interior de 8 mm<\/strong>. Nuestra alternativa econ\u00f3mica y de alto rendimiento puede utilizarse como pieza de recambio o para ampliar su sistema existente. Esta manguera de fusi\u00f3n en caliente <a href=\"https:\/\/www.easyglue.de\/heissleimschlauch-baumer-hhs-18m-kompatibel\/\">tambi\u00e9n est\u00e1 disponible en una longitud de 1,8 m sin manguera de aire de pulverizaci\u00f3n<\/a>.  <\/p>\n","protected":false},"excerpt":{"rendered":"<ul>\n<li>Manguera de fusi\u00f3n en caliente para equipos fusores en caliente, fusores de bolsas, fusores de bidones y fusores de dep\u00f3sitos<\/li>\n<li>Longitud: 1,8 m<\/li>\n<li>Di\u00e1metro interior: 8 mm<\/li>\n<li>Tipo de sensor: Pt100<\/li>\n<li>Resistencia a temperaturas de hasta 200 \u00b0C<\/li>\n<li>Conducto de aire de pulverizaci\u00f3n integrado y calentado<\/li>\n<li>Compatible con las series Baumer hhs \u00ae\/hhs \u00ae HMG y HMP<\/li>\n<li>N\u00famero de referencia: 41211800<\/li>\n<li>Tipo de cola: Hot melt<\/li>\n<\/ul>\n","protected":false},"featured_media":17394,"comment_status":"open","ping_status":"closed","template":"","meta":{"_acf_changed":false},"kompatibel-zu":[317],"leimtyp":[329],"product_brand":[],"product_cat":[260],"product_tag":[],"class_list":{"0":"post-22789","1":"product","2":"type-product","3":"status-publish","4":"has-post-thumbnail","6":"kompatibel-zu-piezas-de-repuesto-compatibles-baumer-hhs","7":"leimtyp-adhesivostermofusibles","8":"product_cat-mangueras","10":"first","11":"instock","12":"taxable","13":"shipping-taxable","14":"product-type-simple"},"acf":[],"_links":{"self":[{"href":"https:\/\/www.easyglue.de\/es\/wp-json\/wp\/v2\/product\/22789","targetHints":{"allow":["GET"]}}],"collection":[{"href":"https:\/\/www.easyglue.de\/es\/wp-json\/wp\/v2\/product"}],"about":[{"href":"https:\/\/www.easyglue.de\/es\/wp-json\/wp\/v2\/types\/product"}],"replies":[{"embeddable":true,"href":"https:\/\/www.easyglue.de\/es\/wp-json\/wp\/v2\/comments?post=22789"}],"version-history":[{"count":0,"href":"https:\/\/www.easyglue.de\/es\/wp-json\/wp\/v2\/product\/22789\/revisions"}],"wp:featuredmedia":[{"embeddable":true,"href":"https:\/\/www.easyglue.de\/es\/wp-json\/wp\/v2\/media\/17394"}],"wp:attachment":[{"href":"https:\/\/www.easyglue.de\/es\/wp-json\/wp\/v2\/media?parent=22789"}],"wp:term":[{"taxonomy":"kompatibel-zu","embeddable":true,"href":"https:\/\/www.easyglue.de\/es\/wp-json\/wp\/v2\/kompatibel-zu?post=22789"},{"taxonomy":"leimtyp","embeddable":true,"href":"https:\/\/www.easyglue.de\/es\/wp-json\/wp\/v2\/leimtyp?post=22789"},{"taxonomy":"product_brand","embeddable":true,"href":"https:\/\/www.easyglue.de\/es\/wp-json\/wp\/v2\/product_brand?post=22789"},{"taxonomy":"product_cat","embeddable":true,"href":"https:\/\/www.easyglue.de\/es\/wp-json\/wp\/v2\/product_cat?post=22789"},{"taxonomy":"product_tag","embeddable":true,"href":"https:\/\/www.easyglue.de\/es\/wp-json\/wp\/v2\/product_tag?post=22789"}],"curies":[{"name":"wp","href":"https:\/\/api.w.org\/{rel}","templated":true}]}}