{"id":22800,"date":"2024-11-09T19:18:56","date_gmt":"2024-11-09T19:18:56","guid":{"rendered":"https:\/\/www.easyglue.de\/filtro-de-tanque-compatible-con-robatech-concept\/"},"modified":"2025-11-17T10:14:14","modified_gmt":"2025-11-17T10:14:14","slug":"filtro-de-tanque-compatible-con-robatech-concept","status":"publish","type":"product","link":"https:\/\/www.easyglue.de\/es\/filtro-de-tanque-compatible-con-robatech-concept\/","title":{"rendered":"Filtro de tanque compatible con Robatech\u00ae Concept"},"content":{"rendered":"<p>Nuestros filtros de alta calidad para equipos fusores son compatibles con la renombrada serie Robatech \u00ae Concept y ofrecen un rendimiento \u00f3ptimo para su aplicaci\u00f3n de fusi\u00f3n en caliente. Como casi todas nuestras piezas de recambio, este filtro de dep\u00f3sito est\u00e1 fabricado en Alemania y garantiza una larga vida \u00fatil y un funcionamiento fiable. Filtra de forma fiable y eficaz las impurezas del dep\u00f3sito de adhesivo, garantizando un suministro constante y uniforme de adhesivo. La filtraci\u00f3n tambi\u00e9n protege de la contaminaci\u00f3n a todos los componentes posteriores, como las mangueras de adhesivo termofusible, los cabezales de aplicaci\u00f3n, los m\u00f3dulos y las boquillas. Nuestros filtros y rejillas filtrantes est\u00e1n disponibles en stock y pueden integrarse directamente en su sistema Robatech \u00ae Concept existente. Alternativamente, nuestros filtros tambi\u00e9n est\u00e1n disponibles en versiones sinterizadas.     <\/p>\n","protected":false},"excerpt":{"rendered":"<ul>\n<li>Filtro de tanque compatible con Robatech \u00ae Concept \u00ae<\/li>\n<li>Compatible con Robatech \u00ae.<\/li>\n<li>\n<div class=\"attributes-row\">\n<div class=\"attributes-label\">N\u00fameros de referencia: 133268; 133264; 133266<\/div>\n<\/div>\n<\/li>\n<li>\n<div class=\"attributes-row\">\n<div class=\"attributes-label\">Otras referencias: Concepto Robatech<\/div>\n<\/div>\n<\/li>\n<li>Tipo de cola: Hot melt<\/li>\n<\/ul>\n<div class=\"attributes-row\">\n<div><\/div>\n<\/div>\n","protected":false},"featured_media":22802,"comment_status":"open","ping_status":"closed","template":"","meta":{"_acf_changed":false},"kompatibel-zu":[321],"leimtyp":[329],"product_brand":[],"product_cat":[277],"product_tag":[],"class_list":{"0":"post-22800","1":"product","2":"type-product","3":"status-publish","4":"has-post-thumbnail","6":"kompatibel-zu-piezas-de-repuesto-compatibles-robatech","7":"leimtyp-adhesivostermofusibles","8":"product_cat-filtro-de-cola-caliente-y-filtro-de-cola-fria","10":"first","11":"instock","12":"taxable","13":"shipping-taxable","14":"product-type-simple"},"acf":[],"_links":{"self":[{"href":"https:\/\/www.easyglue.de\/es\/wp-json\/wp\/v2\/product\/22800","targetHints":{"allow":["GET"]}}],"collection":[{"href":"https:\/\/www.easyglue.de\/es\/wp-json\/wp\/v2\/product"}],"about":[{"href":"https:\/\/www.easyglue.de\/es\/wp-json\/wp\/v2\/types\/product"}],"replies":[{"embeddable":true,"href":"https:\/\/www.easyglue.de\/es\/wp-json\/wp\/v2\/comments?post=22800"}],"version-history":[{"count":0,"href":"https:\/\/www.easyglue.de\/es\/wp-json\/wp\/v2\/product\/22800\/revisions"}],"wp:featuredmedia":[{"embeddable":true,"href":"https:\/\/www.easyglue.de\/es\/wp-json\/wp\/v2\/media\/22802"}],"wp:attachment":[{"href":"https:\/\/www.easyglue.de\/es\/wp-json\/wp\/v2\/media?parent=22800"}],"wp:term":[{"taxonomy":"kompatibel-zu","embeddable":true,"href":"https:\/\/www.easyglue.de\/es\/wp-json\/wp\/v2\/kompatibel-zu?post=22800"},{"taxonomy":"leimtyp","embeddable":true,"href":"https:\/\/www.easyglue.de\/es\/wp-json\/wp\/v2\/leimtyp?post=22800"},{"taxonomy":"product_brand","embeddable":true,"href":"https:\/\/www.easyglue.de\/es\/wp-json\/wp\/v2\/product_brand?post=22800"},{"taxonomy":"product_cat","embeddable":true,"href":"https:\/\/www.easyglue.de\/es\/wp-json\/wp\/v2\/product_cat?post=22800"},{"taxonomy":"product_tag","embeddable":true,"href":"https:\/\/www.easyglue.de\/es\/wp-json\/wp\/v2\/product_tag?post=22800"}],"curies":[{"name":"wp","href":"https:\/\/api.w.org\/{rel}","templated":true}]}}