{"id":22819,"date":"2024-11-09T19:18:55","date_gmt":"2024-11-09T19:18:55","guid":{"rendered":"https:\/\/www.easyglue.de\/manguera-termofusible-impermeable-compatible-con-robatech-10-m\/"},"modified":"2024-11-09T19:18:55","modified_gmt":"2024-11-09T19:18:55","slug":"manguera-termofusible-impermeable-compatible-con-robatech-10-m","status":"publish","type":"product","link":"https:\/\/www.easyglue.de\/es\/manguera-termofusible-impermeable-compatible-con-robatech-10-m\/","title":{"rendered":"Manguera termofusible impermeable compatible con Robatech \u00ae 1,0 m"},"content":{"rendered":"<div class=\"attributes-row\">\n<ul>\n<li class=\"attributes-label\">N\u00famero de referencia: 136462<\/li>\n<li class=\"attributes-label\">Referencia adicional: Robatech \u00ae NW6 Waterproof<\/li>\n<\/ul>\n<p>Nuestras mangueras para adhesivos termofusibles son sin\u00f3nimo de la m\u00e1xima calidad y fiabilidad en el procesamiento industrial de adhesivos termofusibles. La manguera calefactada garantiza un control constante de la temperatura y un transporte fiable del adhesivo fundido desde la unidad de fusi\u00f3n hasta el cabezal de aplicaci\u00f3n. Gracias al aislamiento de alta calidad, se garantiza una viscosidad \u00f3ptima del adhesivo, lo que permite una aplicaci\u00f3n uniforme y precisa del mismo. Nuestras mangueras est\u00e1n disponibles en varias longitudes, di\u00e1metros y tipos de conexi\u00f3n para que puedan integrarse perfectamente en su sistema actual. Todas nuestras mangueras son compatibles por conexi\u00f3n con diversos fabricantes de equipos de aplicaci\u00f3n de cola y son ideales para su uso en entornos de producci\u00f3n exigentes, como las industrias del envasado o del autom\u00f3vil.    <\/p>\n<p>Esta manguera <strong>impermeable<\/strong> de fusi\u00f3n en caliente es adecuada para la conexi\u00f3n a dispositivos Robatech \u00ae con una <strong>conexi\u00f3n roscada de G1\/4 \u00ab<\/strong> y tiene un <strong>di\u00e1metro interior de 6 mm<\/strong>. Nuestra alternativa econ\u00f3mica y de alto rendimiento puede utilizarse como pieza de repuesto o para ampliar su sistema actual. <\/p>\n<\/div>\n","protected":false},"excerpt":{"rendered":"<ul>\n<li>Manguera de fusi\u00f3n en caliente para equipos fusores en caliente, fusores de bolsas, fusores de bidones y fusores de dep\u00f3sitos<\/li>\n<li>Longitud: 1,0 m<\/li>\n<li>Di\u00e1metro interior: 6 mm<\/li>\n<li>Tipo de sonda: NTC<\/li>\n<li>Resistente a temperaturas de hasta 200 \u00b0C<\/li>\n<li>Resistencia a la presi\u00f3n de hasta 149 bar a 200 \u00b0C<\/li>\n<li>Impermeable<\/li>\n<li>Conexi\u00f3n de cola: G1\/4<\/li>\n<li>Compatible con la serie Robatech \u00ae Concept<\/li>\n<li>Tipo de cola: Hot melt<\/li>\n<\/ul>\n","protected":false},"featured_media":17392,"comment_status":"open","ping_status":"closed","template":"","meta":{"_acf_changed":false},"kompatibel-zu":[321],"leimtyp":[329],"product_brand":[],"product_cat":[260],"product_tag":[],"class_list":{"0":"post-22819","1":"product","2":"type-product","3":"status-publish","4":"has-post-thumbnail","6":"kompatibel-zu-piezas-de-repuesto-compatibles-robatech","7":"leimtyp-adhesivostermofusibles","8":"product_cat-mangueras","10":"first","11":"instock","12":"taxable","13":"shipping-taxable","14":"product-type-simple"},"acf":[],"_links":{"self":[{"href":"https:\/\/www.easyglue.de\/es\/wp-json\/wp\/v2\/product\/22819","targetHints":{"allow":["GET"]}}],"collection":[{"href":"https:\/\/www.easyglue.de\/es\/wp-json\/wp\/v2\/product"}],"about":[{"href":"https:\/\/www.easyglue.de\/es\/wp-json\/wp\/v2\/types\/product"}],"replies":[{"embeddable":true,"href":"https:\/\/www.easyglue.de\/es\/wp-json\/wp\/v2\/comments?post=22819"}],"version-history":[{"count":0,"href":"https:\/\/www.easyglue.de\/es\/wp-json\/wp\/v2\/product\/22819\/revisions"}],"wp:featuredmedia":[{"embeddable":true,"href":"https:\/\/www.easyglue.de\/es\/wp-json\/wp\/v2\/media\/17392"}],"wp:attachment":[{"href":"https:\/\/www.easyglue.de\/es\/wp-json\/wp\/v2\/media?parent=22819"}],"wp:term":[{"taxonomy":"kompatibel-zu","embeddable":true,"href":"https:\/\/www.easyglue.de\/es\/wp-json\/wp\/v2\/kompatibel-zu?post=22819"},{"taxonomy":"leimtyp","embeddable":true,"href":"https:\/\/www.easyglue.de\/es\/wp-json\/wp\/v2\/leimtyp?post=22819"},{"taxonomy":"product_brand","embeddable":true,"href":"https:\/\/www.easyglue.de\/es\/wp-json\/wp\/v2\/product_brand?post=22819"},{"taxonomy":"product_cat","embeddable":true,"href":"https:\/\/www.easyglue.de\/es\/wp-json\/wp\/v2\/product_cat?post=22819"},{"taxonomy":"product_tag","embeddable":true,"href":"https:\/\/www.easyglue.de\/es\/wp-json\/wp\/v2\/product_tag?post=22819"}],"curies":[{"name":"wp","href":"https:\/\/api.w.org\/{rel}","templated":true}]}}