{"id":23185,"date":"2024-11-09T19:18:51","date_gmt":"2024-11-09T19:18:51","guid":{"rendered":"https:\/\/www.easyglue.de\/valvula-de-cola-dd-40x\/"},"modified":"2025-12-16T06:09:37","modified_gmt":"2025-12-16T06:09:37","slug":"valvula-de-cola-dd-40x","status":"publish","type":"product","link":"https:\/\/www.easyglue.de\/es\/valvula-de-cola-dd-40x\/","title":{"rendered":"V\u00e1lvula de cola fr\u00eda DD-400"},"content":{"rendered":"<p>La v\u00e1lvula de cola fr\u00eda DD-400 con boquilla corta y electrov\u00e1lvula es la soluci\u00f3n ideal para aplicaciones de cola fr\u00eda precisas y fiables. Est\u00e1 disponible con una bobina de solenoide de 24 V o 6 V. <\/p>\n<p>La v\u00e1lvula de cola est\u00e1 disponible en di\u00e1metros de boquilla de 0,3 mm, 0,4 mm y 0,6 mm, lo que permite optimizarla para las distintas necesidades de cola. Si el di\u00e1metro de boquilla que necesita no aparece en la lista, p\u00f3ngase en contacto con nosotros (shop@easyglue.de).<\/p>\n<p>La robusta v\u00e1lvula de aplicaci\u00f3n de cola puede integrarse f\u00e1cilmente en los sistemas de aplicaci\u00f3n existentes y es totalmente compatible con Baumer hhs\u00ae\/hhs\u00ae.<\/p>\n<p>Encontrar\u00e1 la boquilla de recambio correspondiente con el n\u00famero de art\u00edculo EG102100114.<\/p>\n","protected":false},"excerpt":{"rendered":"<ul>\n<li>V\u00e1lvula el\u00e9ctrica de cola fr\u00eda para la aplicaci\u00f3n de puntos y l\u00edneas<\/li>\n<li>Dise\u00f1o de acero inoxidable extremadamente robusto<\/li>\n<li>Di\u00e1metro de la boquilla: 0,3 mm - 0,6 mm<\/li>\n<li>Bobinas magn\u00e9ticas de 24 V o 6 V<\/li>\n<li>Compatible con Baumer hhs\u00ae\/hhs\u00ae<\/li>\n<li>N\u00fameros de referencia: 27460300; 27460400; 27460600; 27450300; 27450400; 27450600<\/li>\n<li>\n<div class=\"attributes-row\">\n<div class=\"attributes-label\">Otras referencias: DD-400; DD-40X; DD400; DD-403; DD-404; DD-406<\/div>\n<\/div>\n<\/li>\n<\/ul>\n<div class=\"attributes-row\">\n<p>&nbsp;<\/p>\n<\/div>\n","protected":false},"featured_media":23187,"comment_status":"open","ping_status":"closed","template":"","meta":{"_acf_changed":false},"kompatibel-zu":[317],"leimtyp":[331],"product_brand":[],"product_cat":[291,297],"product_tag":[],"class_list":{"0":"post-23185","1":"product","2":"type-product","3":"status-publish","4":"has-post-thumbnail","6":"kompatibel-zu-piezas-de-repuesto-compatibles-baumer-hhs","7":"leimtyp-cola-fria","8":"product_cat-valvulas-de-cola","9":"product_cat-valvulas-de-cola-fria","11":"first","12":"instock","13":"taxable","14":"shipping-taxable","15":"product-type-variable"},"acf":[],"_links":{"self":[{"href":"https:\/\/www.easyglue.de\/es\/wp-json\/wp\/v2\/product\/23185","targetHints":{"allow":["GET"]}}],"collection":[{"href":"https:\/\/www.easyglue.de\/es\/wp-json\/wp\/v2\/product"}],"about":[{"href":"https:\/\/www.easyglue.de\/es\/wp-json\/wp\/v2\/types\/product"}],"replies":[{"embeddable":true,"href":"https:\/\/www.easyglue.de\/es\/wp-json\/wp\/v2\/comments?post=23185"}],"version-history":[{"count":0,"href":"https:\/\/www.easyglue.de\/es\/wp-json\/wp\/v2\/product\/23185\/revisions"}],"wp:featuredmedia":[{"embeddable":true,"href":"https:\/\/www.easyglue.de\/es\/wp-json\/wp\/v2\/media\/23187"}],"wp:attachment":[{"href":"https:\/\/www.easyglue.de\/es\/wp-json\/wp\/v2\/media?parent=23185"}],"wp:term":[{"taxonomy":"kompatibel-zu","embeddable":true,"href":"https:\/\/www.easyglue.de\/es\/wp-json\/wp\/v2\/kompatibel-zu?post=23185"},{"taxonomy":"leimtyp","embeddable":true,"href":"https:\/\/www.easyglue.de\/es\/wp-json\/wp\/v2\/leimtyp?post=23185"},{"taxonomy":"product_brand","embeddable":true,"href":"https:\/\/www.easyglue.de\/es\/wp-json\/wp\/v2\/product_brand?post=23185"},{"taxonomy":"product_cat","embeddable":true,"href":"https:\/\/www.easyglue.de\/es\/wp-json\/wp\/v2\/product_cat?post=23185"},{"taxonomy":"product_tag","embeddable":true,"href":"https:\/\/www.easyglue.de\/es\/wp-json\/wp\/v2\/product_tag?post=23185"}],"curies":[{"name":"wp","href":"https:\/\/api.w.org\/{rel}","templated":true}]}}