{"id":23214,"date":"2024-11-09T19:18:51","date_gmt":"2024-11-09T19:18:51","guid":{"rendered":"https:\/\/www.easyglue.de\/valvula-de-cola-mmkd40x-lv-ra-24v-230v\/"},"modified":"2025-12-15T15:16:51","modified_gmt":"2025-12-15T15:16:51","slug":"valvula-de-cola-mmkd40x-lv-ra-24v-230v","status":"publish","type":"product","link":"https:\/\/www.easyglue.de\/es\/valvula-de-cola-mmkd40x-lv-ra-24v-230v\/","title":{"rendered":"V\u00e1lvula de cola fr\u00eda MMKD-400 con boquilla larga y rejilla"},"content":{"rendered":"<p>La v\u00e1lvula de cola fr\u00eda MMKD-400 con electrov\u00e1lvula y boquilla larga, as\u00ed como regulaci\u00f3n de rejilla, es la soluci\u00f3n \u00f3ptima para aplicaciones de cola fr\u00eda precisas y reproducibles. El control electroneum\u00e1tico garantiza una dosificaci\u00f3n fiable y uniforme de la cola incluso a altas frecuencias de conmutaci\u00f3n. <\/p>\n<p>La robusta v\u00e1lvula de cola est\u00e1 dise\u00f1ada para presiones de cola de hasta 80 bar y ofrece la m\u00e1xima flexibilidad para una amplia gama de requisitos de aplicaci\u00f3n de cola industrial gracias a los distintos di\u00e1metros de boquilla de 0,3 mm a 1,0 mm. Est\u00e1 disponible con una bobina de 24 V CC o 230 V CA. El ajuste integrado de la rejilla permite una regulaci\u00f3n r\u00e1pida y sencilla de la cantidad de aplicaci\u00f3n directamente en la v\u00e1lvula de cola.<\/p>\n<p>El cabezal pulverizador para cola fr\u00eda puede integrarse f\u00e1cilmente en los sistemas de aplicaci\u00f3n existentes y es totalmente compatible con Baumer hhs\u00ae\/hhs\u00ae.<\/p>\n<p>Si el di\u00e1metro de boquilla que necesita no aparece en la lista, p\u00f3ngase en contacto con nosotros (shop@easyglue.de). Encontrar\u00e1 la boquilla de recambio correspondiente con el n\u00famero de art\u00edculo EG102100105.<\/p>\n","protected":false},"excerpt":{"rendered":"<ul>\n<li>V\u00e1lvula electroneum\u00e1tica de cola fr\u00eda con regulaci\u00f3n de rejilla<\/li>\n<li>Bobinas magn\u00e9ticas de 24 V CC o 230 V CA<\/li>\n<li>Presiones de adherencia de hasta 80 bar<\/li>\n<li>Di\u00e1metro de la boquilla: 0,3 mm - 1,0 mm<\/li>\n<li>Compatible con: Baumer hhs\u00ae\/hhs\u00ae<\/li>\n<li>\n<div class=\"attributes-row\">\n<div class=\"attributes-label\">N\u00fameros de referencia: 32640300; 32640400; 32640500; 32640600; 32640800; 32641000; 32660300; 32660400; 32660500; 32660600; 32660800; 32661000<\/div>\n<\/div>\n<\/li>\n<li>Referencia adicional: MMKD<\/li>\n<\/ul>\n","protected":false},"featured_media":23216,"comment_status":"open","ping_status":"closed","template":"","meta":{"_acf_changed":false},"kompatibel-zu":[317],"leimtyp":[331],"product_brand":[],"product_cat":[291,297],"product_tag":[],"class_list":{"0":"post-23214","1":"product","2":"type-product","3":"status-publish","4":"has-post-thumbnail","6":"kompatibel-zu-piezas-de-repuesto-compatibles-baumer-hhs","7":"leimtyp-cola-fria","8":"product_cat-valvulas-de-cola","9":"product_cat-valvulas-de-cola-fria","11":"first","12":"instock","13":"taxable","14":"shipping-taxable","15":"product-type-variable"},"acf":[],"_links":{"self":[{"href":"https:\/\/www.easyglue.de\/es\/wp-json\/wp\/v2\/product\/23214","targetHints":{"allow":["GET"]}}],"collection":[{"href":"https:\/\/www.easyglue.de\/es\/wp-json\/wp\/v2\/product"}],"about":[{"href":"https:\/\/www.easyglue.de\/es\/wp-json\/wp\/v2\/types\/product"}],"replies":[{"embeddable":true,"href":"https:\/\/www.easyglue.de\/es\/wp-json\/wp\/v2\/comments?post=23214"}],"version-history":[{"count":0,"href":"https:\/\/www.easyglue.de\/es\/wp-json\/wp\/v2\/product\/23214\/revisions"}],"wp:featuredmedia":[{"embeddable":true,"href":"https:\/\/www.easyglue.de\/es\/wp-json\/wp\/v2\/media\/23216"}],"wp:attachment":[{"href":"https:\/\/www.easyglue.de\/es\/wp-json\/wp\/v2\/media?parent=23214"}],"wp:term":[{"taxonomy":"kompatibel-zu","embeddable":true,"href":"https:\/\/www.easyglue.de\/es\/wp-json\/wp\/v2\/kompatibel-zu?post=23214"},{"taxonomy":"leimtyp","embeddable":true,"href":"https:\/\/www.easyglue.de\/es\/wp-json\/wp\/v2\/leimtyp?post=23214"},{"taxonomy":"product_brand","embeddable":true,"href":"https:\/\/www.easyglue.de\/es\/wp-json\/wp\/v2\/product_brand?post=23214"},{"taxonomy":"product_cat","embeddable":true,"href":"https:\/\/www.easyglue.de\/es\/wp-json\/wp\/v2\/product_cat?post=23214"},{"taxonomy":"product_tag","embeddable":true,"href":"https:\/\/www.easyglue.de\/es\/wp-json\/wp\/v2\/product_tag?post=23214"}],"curies":[{"name":"wp","href":"https:\/\/api.w.org\/{rel}","templated":true}]}}