{"id":23469,"date":"2024-11-09T19:18:50","date_gmt":"2024-11-09T19:18:50","guid":{"rendered":"https:\/\/www.easyglue.de\/valvula-de-fusion-en-caliente-900-gl-pt\/"},"modified":"2024-11-09T19:18:50","modified_gmt":"2024-11-09T19:18:50","slug":"valvula-de-fusion-en-caliente-900-gl-pt","status":"publish","type":"product","link":"https:\/\/www.easyglue.de\/es\/valvula-de-fusion-en-caliente-900-gl-pt\/","title":{"rendered":"V\u00e1lvula de fusi\u00f3n en caliente 900-GL Pt"},"content":{"rendered":"<p>Son adecuadas las siguientes boquillas:<\/p>\n<ul>\n<li>Boquilla SK H200\/H40<\/li>\n<li>Boquilla para cola 0,25 - 1,0 mm<\/li>\n<li>Boquilla acodada 90\u00b0 1 orificio<\/li>\n<li>Boquilla acodada 90\u00b0 2 orificios 15<\/li>\n<li>Boquilla acodada 90\u00b0 2 orificios 30<\/li>\n<\/ul>\n","protected":false},"excerpt":{"rendered":"<ul>\n<li>V\u00e1lvula electroneum\u00e1tica de fusi\u00f3n en caliente con sensor de temperatura Pt100<\/li>\n<li>V\u00e1lvula de aplicaci\u00f3n de boquilla accionada por aire\/resorte<\/li>\n<li>Tiempos de conmutaci\u00f3n r\u00e1pidos<\/li>\n<li>Filtro de cola integrado para reducir los atascos de la boquilla<\/li>\n<li>Bobina de solenoide de 24 V CC, incluido el tap\u00f3n de la v\u00e1lvula<\/li>\n<li>Compatible con Baumerhhs\u00ae\/hhs<\/li>\n<li>N\u00fameros de referencia: 800-GL; 900<\/li>\n<\/ul>\n<p>Nota: Las boquillas deben pedirse por separado.<\/p>\n","protected":false},"featured_media":18062,"comment_status":"open","ping_status":"closed","template":"","meta":{"_acf_changed":false},"kompatibel-zu":[317],"leimtyp":[329],"product_brand":[],"product_cat":[291,292],"product_tag":[],"class_list":{"0":"post-23469","1":"product","2":"type-product","3":"status-publish","4":"has-post-thumbnail","6":"kompatibel-zu-piezas-de-repuesto-compatibles-baumer-hhs","7":"leimtyp-adhesivostermofusibles","8":"product_cat-valvulas-de-cola","9":"product_cat-valvulas-de-fusion-en-caliente","11":"first","12":"instock","13":"taxable","14":"shipping-taxable","15":"product-type-simple"},"acf":[],"_links":{"self":[{"href":"https:\/\/www.easyglue.de\/es\/wp-json\/wp\/v2\/product\/23469","targetHints":{"allow":["GET"]}}],"collection":[{"href":"https:\/\/www.easyglue.de\/es\/wp-json\/wp\/v2\/product"}],"about":[{"href":"https:\/\/www.easyglue.de\/es\/wp-json\/wp\/v2\/types\/product"}],"replies":[{"embeddable":true,"href":"https:\/\/www.easyglue.de\/es\/wp-json\/wp\/v2\/comments?post=23469"}],"version-history":[{"count":0,"href":"https:\/\/www.easyglue.de\/es\/wp-json\/wp\/v2\/product\/23469\/revisions"}],"wp:featuredmedia":[{"embeddable":true,"href":"https:\/\/www.easyglue.de\/es\/wp-json\/wp\/v2\/media\/18062"}],"wp:attachment":[{"href":"https:\/\/www.easyglue.de\/es\/wp-json\/wp\/v2\/media?parent=23469"}],"wp:term":[{"taxonomy":"kompatibel-zu","embeddable":true,"href":"https:\/\/www.easyglue.de\/es\/wp-json\/wp\/v2\/kompatibel-zu?post=23469"},{"taxonomy":"leimtyp","embeddable":true,"href":"https:\/\/www.easyglue.de\/es\/wp-json\/wp\/v2\/leimtyp?post=23469"},{"taxonomy":"product_brand","embeddable":true,"href":"https:\/\/www.easyglue.de\/es\/wp-json\/wp\/v2\/product_brand?post=23469"},{"taxonomy":"product_cat","embeddable":true,"href":"https:\/\/www.easyglue.de\/es\/wp-json\/wp\/v2\/product_cat?post=23469"},{"taxonomy":"product_tag","embeddable":true,"href":"https:\/\/www.easyglue.de\/es\/wp-json\/wp\/v2\/product_tag?post=23469"}],"curies":[{"name":"wp","href":"https:\/\/api.w.org\/{rel}","templated":true}]}}