{"id":23511,"date":"2024-11-09T19:18:49","date_gmt":"2024-11-09T19:18:49","guid":{"rendered":"https:\/\/www.easyglue.de\/modulo-sb-as\/"},"modified":"2025-11-17T12:52:47","modified_gmt":"2025-11-17T12:52:47","slug":"modulo-sb-as","status":"publish","type":"product","link":"https:\/\/www.easyglue.de\/es\/modulo-sb-as\/","title":{"rendered":"M\u00f3dulo Alternativa a Nordson\u00ae SolidBlue"},"content":{"rendered":"<p>El m\u00f3dulo como alternativa al Nordson\u00ae SolidBlue\u00ae es una pieza de recambio a medida para sistemas de aplicaci\u00f3n de hot melt en plantas de producci\u00f3n industrial. Impresiona por su procesamiento preciso, su resistencia a altas temperaturas y su rendimiento fiable, incluso en funcionamiento continuo. <\/p>\n<p>Esta pieza de recambio compatible es adecuada para su uso en los sectores del envasado, la carpinter\u00eda, el mobiliario y otras aplicaciones en las que es fundamental una aplicaci\u00f3n de cola precisa y repetible. Puede integrarse f\u00e1cilmente en su sistema Nordson existente y ofrece una soluci\u00f3n rentable con una calidad constante. <\/p>\n<p>La producci\u00f3n y el control de calidad se llevan a cabo en nuestras instalaciones de Alemania para garantizar una larga vida \u00fatil y una estabilidad operativa \u00f3ptima.<\/p>\n<p>Su instalaci\u00f3n y mantenimiento sencillos minimizan los tiempos de inactividad y aumentan la fiabilidad del proceso.<\/p>\n<p>El m\u00f3dulo tambi\u00e9n puede conectarse parcialmente a los sistemas Meler\u00ae. Si no est\u00e1 seguro de si el m\u00f3dulo es adecuado para su sistema actual, no dude en ponerse en contacto con nosotros. Estaremos encantados de atenderle.  <\/p>\n<p>Otros n\u00fameros de referencia: 1054951; 1052928; 1052929; 1052931; 1052932; 1056127; 1056128; 1054951; 1051790; 1051791; 1051792; 1051793; 1051794; 1054376; 1051736; 1051737; 1051738; 1051740; 1051741; 1051742; 1051743; 1051744; 1051745; 1051746; 1054375; 1054379<\/p>\n","protected":false},"excerpt":{"rendered":"<ul>\n<li>M\u00f3dulo compatible con Nordson\u00ae SolidBlue<\/li>\n<li>M\u00f3dulo est\u00e1ndar para la aplicaci\u00f3n de puntos y cordones<\/li>\n<li>Apertura por aire y cierre por muelle<\/li>\n<li>Compatible con las series Nordson\u00ae SolidBlue\u00ae S y ClassicBlue\u00ae S y con Meler\u00ae.<\/li>\n<li>Referencias: 1052925; 1048115; SolidBlue S; ClassicBlue; SureBead S; Meler NDS<\/li>\n<li>\n<div class=\"attributes-row\">\n<div class=\"attributes-label\">Tipo de cola: Hot melt<\/div>\n<\/div>\n<\/li>\n<\/ul>\n","protected":false},"featured_media":23514,"comment_status":"open","ping_status":"closed","template":"","meta":{"_acf_changed":false},"kompatibel-zu":[319,323],"leimtyp":[329],"product_brand":[],"product_cat":[263],"product_tag":[],"class_list":{"0":"post-23511","1":"product","2":"type-product","3":"status-publish","4":"has-post-thumbnail","6":"kompatibel-zu-piezas-de-repuesto-compatibles-nordson","7":"kompatibel-zu-piezas-de-repuesto-compatibles-meler","8":"leimtyp-adhesivostermofusibles","9":"product_cat-modulos","11":"first","12":"instock","13":"taxable","14":"shipping-taxable","15":"product-type-simple"},"acf":[],"_links":{"self":[{"href":"https:\/\/www.easyglue.de\/es\/wp-json\/wp\/v2\/product\/23511","targetHints":{"allow":["GET"]}}],"collection":[{"href":"https:\/\/www.easyglue.de\/es\/wp-json\/wp\/v2\/product"}],"about":[{"href":"https:\/\/www.easyglue.de\/es\/wp-json\/wp\/v2\/types\/product"}],"replies":[{"embeddable":true,"href":"https:\/\/www.easyglue.de\/es\/wp-json\/wp\/v2\/comments?post=23511"}],"version-history":[{"count":0,"href":"https:\/\/www.easyglue.de\/es\/wp-json\/wp\/v2\/product\/23511\/revisions"}],"wp:featuredmedia":[{"embeddable":true,"href":"https:\/\/www.easyglue.de\/es\/wp-json\/wp\/v2\/media\/23514"}],"wp:attachment":[{"href":"https:\/\/www.easyglue.de\/es\/wp-json\/wp\/v2\/media?parent=23511"}],"wp:term":[{"taxonomy":"kompatibel-zu","embeddable":true,"href":"https:\/\/www.easyglue.de\/es\/wp-json\/wp\/v2\/kompatibel-zu?post=23511"},{"taxonomy":"leimtyp","embeddable":true,"href":"https:\/\/www.easyglue.de\/es\/wp-json\/wp\/v2\/leimtyp?post=23511"},{"taxonomy":"product_brand","embeddable":true,"href":"https:\/\/www.easyglue.de\/es\/wp-json\/wp\/v2\/product_brand?post=23511"},{"taxonomy":"product_cat","embeddable":true,"href":"https:\/\/www.easyglue.de\/es\/wp-json\/wp\/v2\/product_cat?post=23511"},{"taxonomy":"product_tag","embeddable":true,"href":"https:\/\/www.easyglue.de\/es\/wp-json\/wp\/v2\/product_tag?post=23511"}],"curies":[{"name":"wp","href":"https:\/\/api.w.org\/{rel}","templated":true}]}}