{"id":23687,"date":"2024-11-09T19:18:49","date_gmt":"2024-11-09T19:18:49","guid":{"rendered":"https:\/\/www.easyglue.de\/filtro-satu-90\/"},"modified":"2025-12-14T19:17:57","modified_gmt":"2025-12-14T19:17:57","slug":"filtro-satu-90","status":"publish","type":"product","link":"https:\/\/www.easyglue.de\/es\/filtro-satu-90\/","title":{"rendered":"Nordson\u00ae Saturn\u00ae Alternativa de filtro en l\u00ednea - 90"},"content":{"rendered":"<div class=\"attributes-row\">\n<p>Nuestra alternativa al filtro Nordson\u00ae Saturn\u00ae Inline \/ En l\u00ednea puede integrarse perfectamente en su sistema Nordson\u00ae existente. Esto significa que su filtro actual puede sustituirse directamente por nuestra alternativa. El plazo de entrega tambi\u00e9n se minimiza en este caso gracias a nuestro elevado nivel de existencias y a nuestro alto nivel de integraci\u00f3n vertical. El filtro propiamente dicho no est\u00e1 incluido en el volumen de suministro. Est\u00e1 disponible por separado en Easyglue en varios tama\u00f1os de malla (50\/100\/200) con el n\u00famero de art\u00edculo EG106100115 . Si tiene alguna pregunta sobre nuestros productos, \u00a1no dude en ponerse en contacto con nosotros!     <\/p>\n<ul>\n<li class=\"attributes-label\">N\u00fameros de referencia: 1007230; 1007231; 1007233; 959xx058; 26000019; 959xx057; 26000020; 169891; 50.CF1011.100; 959xx056; 26000021; 169892; 50.CF1012.100<\/li>\n<\/ul>\n<\/div>\n","protected":false},"excerpt":{"rendered":"<ul>\n<li>Compatible con Nordson\u00ae y Meler<\/li>\n<li>Rosca en ambos lados 9\/16 \u00ab<\/li>\n<li>Referencia adicional: Saturno, Filtro en l\u00ednea, Filtro en l\u00ednea<\/li>\n<\/ul>\n<p>Nota: Los tornillos del filtro deben pedirse por separado y se encuentran bajo el n\u00famero de art\u00edculo EG106100115.<\/p>\n","protected":false},"featured_media":23327,"comment_status":"open","ping_status":"closed","template":"","meta":{"_acf_changed":false},"kompatibel-zu":[319,323],"leimtyp":[329],"product_brand":[],"product_cat":[277],"product_tag":[],"class_list":{"0":"post-23687","1":"product","2":"type-product","3":"status-publish","4":"has-post-thumbnail","6":"kompatibel-zu-piezas-de-repuesto-compatibles-nordson","7":"kompatibel-zu-piezas-de-repuesto-compatibles-meler","8":"leimtyp-adhesivostermofusibles","9":"product_cat-filtro-de-cola-caliente-y-filtro-de-cola-fria","11":"first","12":"instock","13":"taxable","14":"shipping-taxable","15":"product-type-simple"},"acf":[],"_links":{"self":[{"href":"https:\/\/www.easyglue.de\/es\/wp-json\/wp\/v2\/product\/23687","targetHints":{"allow":["GET"]}}],"collection":[{"href":"https:\/\/www.easyglue.de\/es\/wp-json\/wp\/v2\/product"}],"about":[{"href":"https:\/\/www.easyglue.de\/es\/wp-json\/wp\/v2\/types\/product"}],"replies":[{"embeddable":true,"href":"https:\/\/www.easyglue.de\/es\/wp-json\/wp\/v2\/comments?post=23687"}],"version-history":[{"count":0,"href":"https:\/\/www.easyglue.de\/es\/wp-json\/wp\/v2\/product\/23687\/revisions"}],"wp:featuredmedia":[{"embeddable":true,"href":"https:\/\/www.easyglue.de\/es\/wp-json\/wp\/v2\/media\/23327"}],"wp:attachment":[{"href":"https:\/\/www.easyglue.de\/es\/wp-json\/wp\/v2\/media?parent=23687"}],"wp:term":[{"taxonomy":"kompatibel-zu","embeddable":true,"href":"https:\/\/www.easyglue.de\/es\/wp-json\/wp\/v2\/kompatibel-zu?post=23687"},{"taxonomy":"leimtyp","embeddable":true,"href":"https:\/\/www.easyglue.de\/es\/wp-json\/wp\/v2\/leimtyp?post=23687"},{"taxonomy":"product_brand","embeddable":true,"href":"https:\/\/www.easyglue.de\/es\/wp-json\/wp\/v2\/product_brand?post=23687"},{"taxonomy":"product_cat","embeddable":true,"href":"https:\/\/www.easyglue.de\/es\/wp-json\/wp\/v2\/product_cat?post=23687"},{"taxonomy":"product_tag","embeddable":true,"href":"https:\/\/www.easyglue.de\/es\/wp-json\/wp\/v2\/product_tag?post=23687"}],"curies":[{"name":"wp","href":"https:\/\/api.w.org\/{rel}","templated":true}]}}