{"id":23869,"date":"2024-11-09T19:19:06","date_gmt":"2024-11-09T19:19:06","guid":{"rendered":"https:\/\/www.easyglue.de\/tapon-pulverizador-mkdd-chorro-redondo\/"},"modified":"2024-11-09T19:19:06","modified_gmt":"2024-11-09T19:19:06","slug":"tapon-pulverizador-mkdd-chorro-redondo","status":"publish","type":"product","link":"https:\/\/www.easyglue.de\/es\/tapon-pulverizador-mkdd-chorro-redondo\/","title":{"rendered":"Tap\u00f3n pulverizador MKDD chorro redondo"},"content":{"rendered":"","protected":false},"excerpt":{"rendered":"<ul>\n<li>Tap\u00f3n pulverizador de chorro redondo para la v\u00e1lvula de cola fr\u00eda MKDD-100-ISR\/ISF-RA<\/li>\n<li>\n<div class=\"attributes-row\">\n<div class=\"attributes-label\">Compatible con Baumerhhs\u00ae\/hhs<\/div>\n<\/div>\n<\/li>\n<li>\n<div class=\"attributes-row\">\n<div class=\"attributes-label\">N\u00fameros de referencia: 85792110; 85792112<\/div>\n<\/div>\n<\/li>\n<li>\n<div class=\"attributes-row\">\n<div class=\"attributes-label\">Otras referencias: MKDD-100-ISR\/ISF-RA<\/div>\n<\/div>\n<\/li>\n<li>(Tipo de cola: cola fr\u00eda)<\/li>\n<\/ul>\n","protected":false},"featured_media":19752,"comment_status":"open","ping_status":"closed","template":"","meta":{"_acf_changed":false},"kompatibel-zu":[317],"leimtyp":[331],"product_brand":[],"product_cat":[279],"product_tag":[],"class_list":{"0":"post-23869","1":"product","2":"type-product","3":"status-publish","4":"has-post-thumbnail","6":"kompatibel-zu-piezas-de-repuesto-compatibles-baumer-hhs","7":"leimtyp-cola-fria","8":"product_cat-varios","10":"first","11":"instock","12":"taxable","13":"shipping-taxable","14":"product-type-simple"},"acf":[],"_links":{"self":[{"href":"https:\/\/www.easyglue.de\/es\/wp-json\/wp\/v2\/product\/23869","targetHints":{"allow":["GET"]}}],"collection":[{"href":"https:\/\/www.easyglue.de\/es\/wp-json\/wp\/v2\/product"}],"about":[{"href":"https:\/\/www.easyglue.de\/es\/wp-json\/wp\/v2\/types\/product"}],"replies":[{"embeddable":true,"href":"https:\/\/www.easyglue.de\/es\/wp-json\/wp\/v2\/comments?post=23869"}],"version-history":[{"count":0,"href":"https:\/\/www.easyglue.de\/es\/wp-json\/wp\/v2\/product\/23869\/revisions"}],"wp:featuredmedia":[{"embeddable":true,"href":"https:\/\/www.easyglue.de\/es\/wp-json\/wp\/v2\/media\/19752"}],"wp:attachment":[{"href":"https:\/\/www.easyglue.de\/es\/wp-json\/wp\/v2\/media?parent=23869"}],"wp:term":[{"taxonomy":"kompatibel-zu","embeddable":true,"href":"https:\/\/www.easyglue.de\/es\/wp-json\/wp\/v2\/kompatibel-zu?post=23869"},{"taxonomy":"leimtyp","embeddable":true,"href":"https:\/\/www.easyglue.de\/es\/wp-json\/wp\/v2\/leimtyp?post=23869"},{"taxonomy":"product_brand","embeddable":true,"href":"https:\/\/www.easyglue.de\/es\/wp-json\/wp\/v2\/product_brand?post=23869"},{"taxonomy":"product_cat","embeddable":true,"href":"https:\/\/www.easyglue.de\/es\/wp-json\/wp\/v2\/product_cat?post=23869"},{"taxonomy":"product_tag","embeddable":true,"href":"https:\/\/www.easyglue.de\/es\/wp-json\/wp\/v2\/product_tag?post=23869"}],"curies":[{"name":"wp","href":"https:\/\/api.w.org\/{rel}","templated":true}]}}