{"id":23935,"date":"2024-11-09T19:19:06","date_gmt":"2024-11-09T19:19:06","guid":{"rendered":"https:\/\/www.easyglue.de\/tapon-pulverizador-mkdd-lvm\/"},"modified":"2024-11-09T19:19:06","modified_gmt":"2024-11-09T19:19:06","slug":"tapon-pulverizador-mkdd-lvm","status":"publish","type":"product","link":"https:\/\/www.easyglue.de\/es\/tapon-pulverizador-mkdd-lvm\/","title":{"rendered":"Tap\u00f3n pulverizador MKDD LVM"},"content":{"rendered":"<p>Tap\u00f3n pulverizador para la v\u00e1lvula de cola fr\u00eda MKDD-10X-LVM<\/p>\n","protected":false},"excerpt":{"rendered":"<p>Tap\u00f3n pulverizador para la v\u00e1lvula de cola fr\u00eda MKDD-10X-LVM<\/p>\n","protected":false},"featured_media":0,"comment_status":"open","ping_status":"closed","template":"","meta":{"_acf_changed":false},"kompatibel-zu":[],"leimtyp":[],"product_brand":[],"product_cat":[279],"product_tag":[],"class_list":{"0":"post-23935","1":"product","2":"type-product","3":"status-publish","5":"product_cat-varios","7":"first","8":"instock","9":"taxable","10":"shipping-taxable","11":"product-type-simple"},"acf":[],"_links":{"self":[{"href":"https:\/\/www.easyglue.de\/es\/wp-json\/wp\/v2\/product\/23935","targetHints":{"allow":["GET"]}}],"collection":[{"href":"https:\/\/www.easyglue.de\/es\/wp-json\/wp\/v2\/product"}],"about":[{"href":"https:\/\/www.easyglue.de\/es\/wp-json\/wp\/v2\/types\/product"}],"replies":[{"embeddable":true,"href":"https:\/\/www.easyglue.de\/es\/wp-json\/wp\/v2\/comments?post=23935"}],"version-history":[{"count":0,"href":"https:\/\/www.easyglue.de\/es\/wp-json\/wp\/v2\/product\/23935\/revisions"}],"wp:attachment":[{"href":"https:\/\/www.easyglue.de\/es\/wp-json\/wp\/v2\/media?parent=23935"}],"wp:term":[{"taxonomy":"kompatibel-zu","embeddable":true,"href":"https:\/\/www.easyglue.de\/es\/wp-json\/wp\/v2\/kompatibel-zu?post=23935"},{"taxonomy":"leimtyp","embeddable":true,"href":"https:\/\/www.easyglue.de\/es\/wp-json\/wp\/v2\/leimtyp?post=23935"},{"taxonomy":"product_brand","embeddable":true,"href":"https:\/\/www.easyglue.de\/es\/wp-json\/wp\/v2\/product_brand?post=23935"},{"taxonomy":"product_cat","embeddable":true,"href":"https:\/\/www.easyglue.de\/es\/wp-json\/wp\/v2\/product_cat?post=23935"},{"taxonomy":"product_tag","embeddable":true,"href":"https:\/\/www.easyglue.de\/es\/wp-json\/wp\/v2\/product_tag?post=23935"}],"curies":[{"name":"wp","href":"https:\/\/api.w.org\/{rel}","templated":true}]}}