{"id":23955,"date":"2024-11-09T19:19:05","date_gmt":"2024-11-09T19:19:05","guid":{"rendered":"https:\/\/www.easyglue.de\/regulacion-de-la-red-mmkd\/"},"modified":"2024-11-09T19:19:05","modified_gmt":"2024-11-09T19:19:05","slug":"regulacion-de-la-red-mmkd","status":"publish","type":"product","link":"https:\/\/www.easyglue.de\/es\/regulacion-de-la-red-mmkd\/","title":{"rendered":"Regulaci\u00f3n de la red MMKD"},"content":{"rendered":"","protected":false},"excerpt":{"rendered":"<ul>\n<li>Regulaci\u00f3n de la red MMKD<\/li>\n<li>Ajuste de trama para v\u00e1lvula de aplicaci\u00f3n de cola fr\u00eda MMKD como pieza de recambio<\/li>\n<li>Compatible con Baumerhhs\u00ae\/hhs<\/li>\n<li>\n<div class=\"attributes-label\">N\u00famero de referencia: 32500007<\/div>\n<\/li>\n<li>Otras referencias: MMKD; RA<\/li>\n<\/ul>\n","protected":false},"featured_media":18000,"comment_status":"open","ping_status":"closed","template":"","meta":{"_acf_changed":false},"kompatibel-zu":[317],"leimtyp":[331],"product_brand":[],"product_cat":[283],"product_tag":[],"class_list":{"0":"post-23955","1":"product","2":"type-product","3":"status-publish","4":"has-post-thumbnail","6":"kompatibel-zu-piezas-de-repuesto-compatibles-baumer-hhs","7":"leimtyp-cola-fria","8":"product_cat-cierres-para-valvulas-de-cola","10":"first","11":"instock","12":"taxable","13":"shipping-taxable","14":"product-type-simple"},"acf":[],"_links":{"self":[{"href":"https:\/\/www.easyglue.de\/es\/wp-json\/wp\/v2\/product\/23955","targetHints":{"allow":["GET"]}}],"collection":[{"href":"https:\/\/www.easyglue.de\/es\/wp-json\/wp\/v2\/product"}],"about":[{"href":"https:\/\/www.easyglue.de\/es\/wp-json\/wp\/v2\/types\/product"}],"replies":[{"embeddable":true,"href":"https:\/\/www.easyglue.de\/es\/wp-json\/wp\/v2\/comments?post=23955"}],"version-history":[{"count":0,"href":"https:\/\/www.easyglue.de\/es\/wp-json\/wp\/v2\/product\/23955\/revisions"}],"wp:featuredmedia":[{"embeddable":true,"href":"https:\/\/www.easyglue.de\/es\/wp-json\/wp\/v2\/media\/18000"}],"wp:attachment":[{"href":"https:\/\/www.easyglue.de\/es\/wp-json\/wp\/v2\/media?parent=23955"}],"wp:term":[{"taxonomy":"kompatibel-zu","embeddable":true,"href":"https:\/\/www.easyglue.de\/es\/wp-json\/wp\/v2\/kompatibel-zu?post=23955"},{"taxonomy":"leimtyp","embeddable":true,"href":"https:\/\/www.easyglue.de\/es\/wp-json\/wp\/v2\/leimtyp?post=23955"},{"taxonomy":"product_brand","embeddable":true,"href":"https:\/\/www.easyglue.de\/es\/wp-json\/wp\/v2\/product_brand?post=23955"},{"taxonomy":"product_cat","embeddable":true,"href":"https:\/\/www.easyglue.de\/es\/wp-json\/wp\/v2\/product_cat?post=23955"},{"taxonomy":"product_tag","embeddable":true,"href":"https:\/\/www.easyglue.de\/es\/wp-json\/wp\/v2\/product_tag?post=23955"}],"curies":[{"name":"wp","href":"https:\/\/api.w.org\/{rel}","templated":true}]}}