{"id":24018,"date":"2024-11-09T19:19:04","date_gmt":"2024-11-09T19:19:04","guid":{"rendered":"https:\/\/www.easyglue.de\/cuerpo-principal-mmdd\/"},"modified":"2024-11-09T19:19:04","modified_gmt":"2024-11-09T19:19:04","slug":"cuerpo-principal-mmdd","status":"publish","type":"product","link":"https:\/\/www.easyglue.de\/es\/cuerpo-principal-mmdd\/","title":{"rendered":"Cuerpo principal MMDD"},"content":{"rendered":"","protected":false},"excerpt":{"rendered":"<ul>\n<li>Cuerpo principal de la v\u00e1lvula de aplicaci\u00f3n de cola fr\u00eda MMDD<\/li>\n<li>\n<div class=\"attributes-row\">\n<div class=\"attributes-label\">Compatible con Baumerhhs\u00ae\/hhs<\/div>\n<\/div>\n<\/li>\n<li>\n<div class=\"attributes-row\">\n<div class=\"attributes-label\">N\u00famero de referencia: 31200001<\/div>\n<\/div>\n<\/li>\n<li>Otras referencias: MMDD<\/li>\n<\/ul>\n","protected":false},"featured_media":18008,"comment_status":"open","ping_status":"closed","template":"","meta":{"_acf_changed":false},"kompatibel-zu":[317],"leimtyp":[331],"product_brand":[],"product_cat":[301],"product_tag":[],"class_list":{"0":"post-24018","1":"product","2":"type-product","3":"status-publish","4":"has-post-thumbnail","6":"kompatibel-zu-piezas-de-repuesto-compatibles-baumer-hhs","7":"leimtyp-cola-fria","8":"product_cat-soporte-y-cuerpo-principal","10":"first","11":"instock","12":"taxable","13":"shipping-taxable","14":"product-type-simple"},"acf":[],"_links":{"self":[{"href":"https:\/\/www.easyglue.de\/es\/wp-json\/wp\/v2\/product\/24018","targetHints":{"allow":["GET"]}}],"collection":[{"href":"https:\/\/www.easyglue.de\/es\/wp-json\/wp\/v2\/product"}],"about":[{"href":"https:\/\/www.easyglue.de\/es\/wp-json\/wp\/v2\/types\/product"}],"replies":[{"embeddable":true,"href":"https:\/\/www.easyglue.de\/es\/wp-json\/wp\/v2\/comments?post=24018"}],"version-history":[{"count":0,"href":"https:\/\/www.easyglue.de\/es\/wp-json\/wp\/v2\/product\/24018\/revisions"}],"wp:featuredmedia":[{"embeddable":true,"href":"https:\/\/www.easyglue.de\/es\/wp-json\/wp\/v2\/media\/18008"}],"wp:attachment":[{"href":"https:\/\/www.easyglue.de\/es\/wp-json\/wp\/v2\/media?parent=24018"}],"wp:term":[{"taxonomy":"kompatibel-zu","embeddable":true,"href":"https:\/\/www.easyglue.de\/es\/wp-json\/wp\/v2\/kompatibel-zu?post=24018"},{"taxonomy":"leimtyp","embeddable":true,"href":"https:\/\/www.easyglue.de\/es\/wp-json\/wp\/v2\/leimtyp?post=24018"},{"taxonomy":"product_brand","embeddable":true,"href":"https:\/\/www.easyglue.de\/es\/wp-json\/wp\/v2\/product_brand?post=24018"},{"taxonomy":"product_cat","embeddable":true,"href":"https:\/\/www.easyglue.de\/es\/wp-json\/wp\/v2\/product_cat?post=24018"},{"taxonomy":"product_tag","embeddable":true,"href":"https:\/\/www.easyglue.de\/es\/wp-json\/wp\/v2\/product_tag?post=24018"}],"curies":[{"name":"wp","href":"https:\/\/api.w.org\/{rel}","templated":true}]}}