{"id":24087,"date":"2024-11-09T19:19:04","date_gmt":"2024-11-09T19:19:04","guid":{"rendered":"https:\/\/www.easyglue.de\/filtro-de-cabeza-ax-compatible-con-robatech\/"},"modified":"2026-04-10T08:49:38","modified_gmt":"2026-04-10T08:49:38","slug":"robatech-ax-kopffilter-kopffiltersieb","status":"publish","type":"product","link":"https:\/\/www.easyglue.de\/es\/robatech-ax-kopffilter-kopffiltersieb\/","title":{"rendered":"Alternativa de filtro de cabezal Robatech\u00ae AX"},"content":{"rendered":"<p>Este filtro Robatech es un recambio compatible para los cabezales pulverizadores Robatech\u00ae de la serie AX. El inserto filtrante est\u00e1 dise\u00f1ado para eliminar de forma fiable las impurezas del adhesivo directamente en el cabezal termofusible para garantizar una dosificaci\u00f3n perfecta del adhesivo y evitar la obstrucci\u00f3n de la boquilla. El filtro de cabezal puede instalarse f\u00e1cilmente en su cabezal pulverizador Robatech\u00ae o en su cabezal pulverizador Robatech\u00ae y, por lo tanto, puede sustituirse f\u00e1cilmente por su filtro actual. La sustituci\u00f3n peri\u00f3dica del filtro no s\u00f3lo garantiza una aplicaci\u00f3n de adhesivo homog\u00e9nea y uniforme, sino que tambi\u00e9n aumenta considerablemente la vida \u00fatil de su cabezal de aplicaci\u00f3n.   <\/p>\n<p>Todos nuestros filtros est\u00e1n disponibles en stock, por lo que los posibles tiempos de inactividad pueden reducirse al m\u00ednimo gracias a la r\u00e1pida adquisici\u00f3n de piezas de repuesto.<\/p>\n<p>Adem\u00e1s del filtro, tambi\u00e9n recibir\u00e1 la junta t\u00f3rica correspondiente para su estanqueidad.<\/p>\n","protected":false},"excerpt":{"rendered":"<ul>\n<li>Compatible con la serie AX de Robatech<\/li>\n<li>\n<div class=\"attributes-row\">\n<div class=\"attributes-label\">N\u00fameros de referencia: Robatech 102912; 120568; AX, Robatech AX, filtro de dep\u00f3sito AX<\/div>\n<\/div>\n<\/li>\n<li>\n<div class=\"attributes-row\">Tipo de cola: Hot melt<\/div>\n<\/li>\n<\/ul>\n","protected":false},"featured_media":23335,"comment_status":"open","ping_status":"closed","template":"","meta":{"_acf_changed":false},"kompatibel-zu":[321],"leimtyp":[329],"product_brand":[],"product_cat":[277],"product_tag":[],"class_list":{"0":"post-24087","1":"product","2":"type-product","3":"status-publish","4":"has-post-thumbnail","6":"kompatibel-zu-piezas-de-repuesto-compatibles-robatech","7":"leimtyp-adhesivostermofusibles","8":"product_cat-filtro-de-cola-caliente-y-filtro-de-cola-fria","10":"first","11":"instock","12":"taxable","13":"shipping-taxable","14":"product-type-simple"},"acf":[],"_links":{"self":[{"href":"https:\/\/www.easyglue.de\/es\/wp-json\/wp\/v2\/product\/24087","targetHints":{"allow":["GET"]}}],"collection":[{"href":"https:\/\/www.easyglue.de\/es\/wp-json\/wp\/v2\/product"}],"about":[{"href":"https:\/\/www.easyglue.de\/es\/wp-json\/wp\/v2\/types\/product"}],"replies":[{"embeddable":true,"href":"https:\/\/www.easyglue.de\/es\/wp-json\/wp\/v2\/comments?post=24087"}],"version-history":[{"count":1,"href":"https:\/\/www.easyglue.de\/es\/wp-json\/wp\/v2\/product\/24087\/revisions"}],"predecessor-version":[{"id":29462,"href":"https:\/\/www.easyglue.de\/es\/wp-json\/wp\/v2\/product\/24087\/revisions\/29462"}],"wp:featuredmedia":[{"embeddable":true,"href":"https:\/\/www.easyglue.de\/es\/wp-json\/wp\/v2\/media\/23335"}],"wp:attachment":[{"href":"https:\/\/www.easyglue.de\/es\/wp-json\/wp\/v2\/media?parent=24087"}],"wp:term":[{"taxonomy":"kompatibel-zu","embeddable":true,"href":"https:\/\/www.easyglue.de\/es\/wp-json\/wp\/v2\/kompatibel-zu?post=24087"},{"taxonomy":"leimtyp","embeddable":true,"href":"https:\/\/www.easyglue.de\/es\/wp-json\/wp\/v2\/leimtyp?post=24087"},{"taxonomy":"product_brand","embeddable":true,"href":"https:\/\/www.easyglue.de\/es\/wp-json\/wp\/v2\/product_brand?post=24087"},{"taxonomy":"product_cat","embeddable":true,"href":"https:\/\/www.easyglue.de\/es\/wp-json\/wp\/v2\/product_cat?post=24087"},{"taxonomy":"product_tag","embeddable":true,"href":"https:\/\/www.easyglue.de\/es\/wp-json\/wp\/v2\/product_tag?post=24087"}],"curies":[{"name":"wp","href":"https:\/\/api.w.org\/{rel}","templated":true}]}}