{"id":24248,"date":"2024-11-09T19:19:02","date_gmt":"2024-11-09T19:19:02","guid":{"rendered":"https:\/\/www.easyglue.de\/valvula-de-fusion-en-caliente-micro-ntc-f-24v\/"},"modified":"2024-11-09T19:19:02","modified_gmt":"2024-11-09T19:19:02","slug":"valvula-de-fusion-en-caliente-micro-ntc-f-24v","status":"publish","type":"product","link":"https:\/\/www.easyglue.de\/es\/valvula-de-fusion-en-caliente-micro-ntc-f-24v\/","title":{"rendered":"V\u00e1lvula de fusi\u00f3n en caliente Micro NTC-F-24V"},"content":{"rendered":"<p>V\u00e1lvula termofusible electroneum\u00e1tica con sensor de temperatura NTC<\/p>\n<p>V\u00e1lvula de aplicaci\u00f3n de boquilla de conmutaci\u00f3n de aire \/ aire<\/p>\n<p>Las boquillas deben pedirse por separado<\/p>\n<p>Tiempos de conmutaci\u00f3n extremadamente r\u00e1pidos<\/p>\n<p>Filtro de cola integrado, reduce los atascos de la boquilla<\/p>\n<p>Bobina de solenoide de 24 V CC, incluido el tap\u00f3n de la v\u00e1lvula<\/p>\n<p>Son adecuadas las siguientes boquillas:<\/p>\n<p><a href=\"https:\/\/shop.easyglue.de\/de\/kategorien\/dusen\/duse-sk-h200-h40.html\" rel=\"noopener\">Boquilla SK H200\/H40<\/a><\/p>\n<p><a href=\"https:\/\/shop.easyglue.de\/de\/kategorien\/dusen\/duse-100730-100731-122956-100732-101223-100729.html\" rel=\"noopener\">Boquilla para cola 0,25 - 1,0 mm<\/a><\/p>\n<p><a href=\"https:\/\/shop.easyglue.de\/de\/kategorien\/dusen\/90-1-loch-1011012-1011014-1011016-1011018.html\" rel=\"noopener\">Boquilla acodada 90\u00b0 1 orificio<\/a><\/p>\n<p><a href=\"https:\/\/shop.easyglue.de\/de\/kategorien\/dusen\/winkelduse-90-2-loch-15.html\" rel=\"noopener\">Boquilla acodada 90\u00b0 2 orificios 15<\/a><\/p>\n<p><a href=\"https:\/\/shop.easyglue.de\/de\/kategorien\/dusen\/winkelduse-90-2-loch-30.html\" rel=\"noopener\">Boquilla acodada 90\u00b0 2 orificios 30<\/a><\/p>\n","protected":false},"excerpt":{"rendered":"<p>V\u00e1lvula termofusible electroneum\u00e1tica con sensor de temperatura NTC V\u00e1lvula de aplicaci\u00f3n de boquilla de conmutaci\u00f3n de aire \/ aire Las<\/p>\n","protected":false},"featured_media":0,"comment_status":"open","ping_status":"closed","template":"","meta":{"_acf_changed":false},"kompatibel-zu":[],"leimtyp":[329],"product_brand":[],"product_cat":[291,292],"product_tag":[],"class_list":{"0":"post-24248","1":"product","2":"type-product","3":"status-publish","5":"leimtyp-adhesivostermofusibles","6":"product_cat-valvulas-de-cola","7":"product_cat-valvulas-de-fusion-en-caliente","9":"first","10":"instock","11":"taxable","12":"shipping-taxable","13":"product-type-simple"},"acf":[],"_links":{"self":[{"href":"https:\/\/www.easyglue.de\/es\/wp-json\/wp\/v2\/product\/24248","targetHints":{"allow":["GET"]}}],"collection":[{"href":"https:\/\/www.easyglue.de\/es\/wp-json\/wp\/v2\/product"}],"about":[{"href":"https:\/\/www.easyglue.de\/es\/wp-json\/wp\/v2\/types\/product"}],"replies":[{"embeddable":true,"href":"https:\/\/www.easyglue.de\/es\/wp-json\/wp\/v2\/comments?post=24248"}],"version-history":[{"count":0,"href":"https:\/\/www.easyglue.de\/es\/wp-json\/wp\/v2\/product\/24248\/revisions"}],"wp:attachment":[{"href":"https:\/\/www.easyglue.de\/es\/wp-json\/wp\/v2\/media?parent=24248"}],"wp:term":[{"taxonomy":"kompatibel-zu","embeddable":true,"href":"https:\/\/www.easyglue.de\/es\/wp-json\/wp\/v2\/kompatibel-zu?post=24248"},{"taxonomy":"leimtyp","embeddable":true,"href":"https:\/\/www.easyglue.de\/es\/wp-json\/wp\/v2\/leimtyp?post=24248"},{"taxonomy":"product_brand","embeddable":true,"href":"https:\/\/www.easyglue.de\/es\/wp-json\/wp\/v2\/product_brand?post=24248"},{"taxonomy":"product_cat","embeddable":true,"href":"https:\/\/www.easyglue.de\/es\/wp-json\/wp\/v2\/product_cat?post=24248"},{"taxonomy":"product_tag","embeddable":true,"href":"https:\/\/www.easyglue.de\/es\/wp-json\/wp\/v2\/product_tag?post=24248"}],"curies":[{"name":"wp","href":"https:\/\/api.w.org\/{rel}","templated":true}]}}