{"id":24687,"date":"2024-11-09T19:19:13","date_gmt":"2024-11-09T19:19:13","guid":{"rendered":"https:\/\/www.easyglue.de\/juego-de-valvulas-para-aplicacion-de-cola-fria-465m-con-sensor\/"},"modified":"2025-12-14T12:42:09","modified_gmt":"2025-12-14T12:42:09","slug":"juego-de-valvulas-para-aplicacion-de-cola-fria-465m-con-sensor","status":"publish","type":"product","link":"https:\/\/www.easyglue.de\/es\/juego-de-valvulas-para-aplicacion-de-cola-fria-465m-con-sensor\/","title":{"rendered":"Conjunto de v\u00e1lvula de cola fr\u00eda DLK-400 con sensor"},"content":{"rendered":"<p>El juego de v\u00e1lvulas de cola fr\u00eda DLK-400, que incluye manguera de alta presi\u00f3n y sensor, es la soluci\u00f3n ideal para aplicaciones de cola fr\u00eda precisas y fiables. El juego completo de v\u00e1lvulas impresiona por su alta calidad de procesamiento y su f\u00e1cil integraci\u00f3n en los sistemas existentes de aplicaci\u00f3n de cola fr\u00eda hhs\u00ae\/hhs\u00ae de Baumer. <\/p>\n<p>El volumen de suministro incluye una v\u00e1lvula DLK-400 con cable de 2 a 5 m (en funci\u00f3n de la longitud de la manguera de alta presi\u00f3n), tap\u00f3n incluido, una manguera de alta presi\u00f3n de 1\/4&#8243; (1,65 m - 4,65 m) para conectar la v\u00e1lvula de aplicaci\u00f3n de cola al distribuidor de cola y un sensor difuso con cable de 2 a 5 m.<\/p>\n<p>La v\u00e1lvula de cola est\u00e1 disponible en di\u00e1metros de boquilla de 0,3 mm, 0,4 mm, 0,6 mm y 0,8 mm, lo que permite adaptarla de forma \u00f3ptima a las distintas necesidades de cola. Si el di\u00e1metro de boquilla que necesita no aparece en la lista, p\u00f3ngase en contacto con nosotros (shop@easyglue.de).<\/p>\n<p>Impresiona por su dosificaci\u00f3n precisa, su alta frecuencia de conmutaci\u00f3n y su larga vida \u00fatil, ideal para uso industrial y totalmente compatible con los sistemas hhs\u00ae\/hhs\u00ae de Baumer.<\/p>\n","protected":false},"excerpt":{"rendered":"<ul>\n<li>Juego de v\u00e1lvulas para aplicaciones de cola fr\u00eda, compuesto por\n<ul>\n<li>V\u00e1lvula de cola DLK-400 con cable de 2-5 m (dependiendo de la longitud de la manguera de alta presi\u00f3n) incl. enchufe (compatible con Easyglue\/Baumer hhs\u00ae) <\/li>\n<li>Manguera de alta presi\u00f3n 1\/4&#8243; 1,65 m-4,65 m (conexi\u00f3n v\u00e1lvula DLK - distribuidor de cola)<\/li>\n<li>Sensor difuso con cable de 2-5 m (dependiendo de la longitud de la manguera de alta presi\u00f3n)<\/li>\n<li>Manguera en espiral enrollada<\/li>\n<\/ul>\n<\/li>\n<li>Tensi\u00f3n de la bobina: 6 V CC<\/li>\n<li>Di\u00e1metro de la boquilla: 0,3 mm - 0,8 mm<\/li>\n<li>Compatible con Baumerhhs\u00ae\/hhs<\/li>\n<li>Referencias: cola fr\u00eda; DLK, DLK-400, DLK400, DLK-40X, DLK40X<\/li>\n<\/ul>\n<div class=\"attributes-row\"><\/div>\n","protected":false},"featured_media":24661,"comment_status":"open","ping_status":"closed","template":"","meta":{"_acf_changed":false},"kompatibel-zu":[317],"leimtyp":[331],"product_brand":[],"product_cat":[291,297],"product_tag":[],"class_list":{"0":"post-24687","1":"product","2":"type-product","3":"status-publish","4":"has-post-thumbnail","6":"kompatibel-zu-piezas-de-repuesto-compatibles-baumer-hhs","7":"leimtyp-cola-fria","8":"product_cat-valvulas-de-cola","9":"product_cat-valvulas-de-cola-fria","11":"first","12":"instock","13":"taxable","14":"shipping-taxable","15":"product-type-variable"},"acf":[],"_links":{"self":[{"href":"https:\/\/www.easyglue.de\/es\/wp-json\/wp\/v2\/product\/24687","targetHints":{"allow":["GET"]}}],"collection":[{"href":"https:\/\/www.easyglue.de\/es\/wp-json\/wp\/v2\/product"}],"about":[{"href":"https:\/\/www.easyglue.de\/es\/wp-json\/wp\/v2\/types\/product"}],"replies":[{"embeddable":true,"href":"https:\/\/www.easyglue.de\/es\/wp-json\/wp\/v2\/comments?post=24687"}],"version-history":[{"count":0,"href":"https:\/\/www.easyglue.de\/es\/wp-json\/wp\/v2\/product\/24687\/revisions"}],"wp:featuredmedia":[{"embeddable":true,"href":"https:\/\/www.easyglue.de\/es\/wp-json\/wp\/v2\/media\/24661"}],"wp:attachment":[{"href":"https:\/\/www.easyglue.de\/es\/wp-json\/wp\/v2\/media?parent=24687"}],"wp:term":[{"taxonomy":"kompatibel-zu","embeddable":true,"href":"https:\/\/www.easyglue.de\/es\/wp-json\/wp\/v2\/kompatibel-zu?post=24687"},{"taxonomy":"leimtyp","embeddable":true,"href":"https:\/\/www.easyglue.de\/es\/wp-json\/wp\/v2\/leimtyp?post=24687"},{"taxonomy":"product_brand","embeddable":true,"href":"https:\/\/www.easyglue.de\/es\/wp-json\/wp\/v2\/product_brand?post=24687"},{"taxonomy":"product_cat","embeddable":true,"href":"https:\/\/www.easyglue.de\/es\/wp-json\/wp\/v2\/product_cat?post=24687"},{"taxonomy":"product_tag","embeddable":true,"href":"https:\/\/www.easyglue.de\/es\/wp-json\/wp\/v2\/product_tag?post=24687"}],"curies":[{"name":"wp","href":"https:\/\/api.w.org\/{rel}","templated":true}]}}