{"id":24757,"date":"2024-11-09T19:19:12","date_gmt":"2024-11-09T19:19:12","guid":{"rendered":"https:\/\/www.easyglue.de\/valvula-de-cola-boquilla-de-pulverizacion-plana-mfs\/"},"modified":"2025-12-14T12:51:38","modified_gmt":"2025-12-14T12:51:38","slug":"valvula-de-cola-boquilla-de-pulverizacion-plana-mfs","status":"publish","type":"product","link":"https:\/\/www.easyglue.de\/es\/valvula-de-cola-boquilla-de-pulverizacion-plana-mfs\/","title":{"rendered":"V\u00e1lvula de cola fr\u00eda MFS con boquilla de pulverizaci\u00f3n plana"},"content":{"rendered":"<p>La v\u00e1lvula de cola fr\u00eda MFS con boquilla de pulverizaci\u00f3n plana es la soluci\u00f3n ideal para aplicaciones de cola fr\u00eda precisas y fiables. Se caracteriza por su alta calidad de procesamiento y puede integrarse perfectamente en los sistemas de aplicaci\u00f3n de cola existentes.  El ajuste de la trama garantiza un ajuste infinitamente variable de la carrera de la aguja.<\/p>\n<p>La v\u00e1lvula de cola est\u00e1 disponible en di\u00e1metros de boquilla de 0,3 mm, 0,5 mm y 0,8 mm, lo que permite adaptarla de forma \u00f3ptima a las distintas necesidades de cola. Si el di\u00e1metro de boquilla que necesita no figura en la lista, p\u00f3ngase en contacto con nosotros (shop@easyglue.de). <\/p>\n<p>Impresiona por su dosificaci\u00f3n precisa, su alta frecuencia de conmutaci\u00f3n y su larga vida \u00fatil: ideal para uso industrial, incluso en condiciones de producci\u00f3n exigentes, y 100% compatible con la conexi\u00f3n de los sistemas hhs\u00ae\/hhs\u00ae de Baumer.<\/p>\n","protected":false},"excerpt":{"rendered":"<ul>\n<li>V\u00e1lvula neum\u00e1tica de pulverizaci\u00f3n plana de cola fr\u00eda con regulaci\u00f3n de rejilla<\/li>\n<li>Compatible con Baumer hhs\u00ae\/hhs\u00ae<\/li>\n<li>\n<div class=\"attributes-row\">\n<div class=\"attributes-label\">N\u00fameros de referencia: 36140800; 36140500; 36140300<\/div>\n<\/div>\n<\/li>\n<li>\n<div class=\"attributes-row\">\n<div class=\"attributes-label\">Otras referencias: MFS<\/div>\n<\/div>\n<\/li>\n<\/ul>\n","protected":false},"featured_media":24759,"comment_status":"open","ping_status":"closed","template":"","meta":{"_acf_changed":false},"kompatibel-zu":[317],"leimtyp":[331],"product_brand":[],"product_cat":[291,297],"product_tag":[],"class_list":{"0":"post-24757","1":"product","2":"type-product","3":"status-publish","4":"has-post-thumbnail","6":"kompatibel-zu-piezas-de-repuesto-compatibles-baumer-hhs","7":"leimtyp-cola-fria","8":"product_cat-valvulas-de-cola","9":"product_cat-valvulas-de-cola-fria","11":"first","12":"instock","13":"taxable","14":"shipping-taxable","15":"product-type-variable"},"acf":[],"_links":{"self":[{"href":"https:\/\/www.easyglue.de\/es\/wp-json\/wp\/v2\/product\/24757","targetHints":{"allow":["GET"]}}],"collection":[{"href":"https:\/\/www.easyglue.de\/es\/wp-json\/wp\/v2\/product"}],"about":[{"href":"https:\/\/www.easyglue.de\/es\/wp-json\/wp\/v2\/types\/product"}],"replies":[{"embeddable":true,"href":"https:\/\/www.easyglue.de\/es\/wp-json\/wp\/v2\/comments?post=24757"}],"version-history":[{"count":0,"href":"https:\/\/www.easyglue.de\/es\/wp-json\/wp\/v2\/product\/24757\/revisions"}],"wp:featuredmedia":[{"embeddable":true,"href":"https:\/\/www.easyglue.de\/es\/wp-json\/wp\/v2\/media\/24759"}],"wp:attachment":[{"href":"https:\/\/www.easyglue.de\/es\/wp-json\/wp\/v2\/media?parent=24757"}],"wp:term":[{"taxonomy":"kompatibel-zu","embeddable":true,"href":"https:\/\/www.easyglue.de\/es\/wp-json\/wp\/v2\/kompatibel-zu?post=24757"},{"taxonomy":"leimtyp","embeddable":true,"href":"https:\/\/www.easyglue.de\/es\/wp-json\/wp\/v2\/leimtyp?post=24757"},{"taxonomy":"product_brand","embeddable":true,"href":"https:\/\/www.easyglue.de\/es\/wp-json\/wp\/v2\/product_brand?post=24757"},{"taxonomy":"product_cat","embeddable":true,"href":"https:\/\/www.easyglue.de\/es\/wp-json\/wp\/v2\/product_cat?post=24757"},{"taxonomy":"product_tag","embeddable":true,"href":"https:\/\/www.easyglue.de\/es\/wp-json\/wp\/v2\/product_tag?post=24757"}],"curies":[{"name":"wp","href":"https:\/\/api.w.org\/{rel}","templated":true}]}}