{"id":24788,"date":"2024-11-09T19:19:12","date_gmt":"2024-11-09T19:19:12","guid":{"rendered":"https:\/\/www.easyglue.de\/valvula-de-fusion-en-caliente-900-rs-boquilla-de-pulverizacion-plana-ntc\/"},"modified":"2024-11-09T19:19:12","modified_gmt":"2024-11-09T19:19:12","slug":"valvula-de-fusion-en-caliente-900-rs-boquilla-de-pulverizacion-plana-ntc","status":"publish","type":"product","link":"https:\/\/www.easyglue.de\/es\/valvula-de-fusion-en-caliente-900-rs-boquilla-de-pulverizacion-plana-ntc\/","title":{"rendered":"V\u00e1lvula de fusi\u00f3n en caliente 900-RS Boquilla de pulverizaci\u00f3n plana NTC"},"content":{"rendered":"","protected":false},"excerpt":{"rendered":"<ul>\n<li>V\u00e1lvula termofusible electroneum\u00e1tica con sensor de temperatura NTC<\/li>\n<li>V\u00e1lvula de pulverizaci\u00f3n plana accionada por aire \/ muelle<\/li>\n<li>Tiempos de conmutaci\u00f3n r\u00e1pidos<\/li>\n<li>Aguja autolimpiante con tap\u00f3n de boquilla<\/li>\n<li>Filtro de cola integrado para reducir los atascos de la boquilla<\/li>\n<li>Bobina de solenoide de 24 V CC<\/li>\n<li>Compatible con Robatech<\/li>\n<li>\n<div class=\"attributes-row\">\n<div class=\"attributes-label\">N\u00famero de referencia: 900<\/div>\n<\/div>\n<\/li>\n<\/ul>\n","protected":false},"featured_media":18039,"comment_status":"open","ping_status":"closed","template":"","meta":{"_acf_changed":false},"kompatibel-zu":[321],"leimtyp":[329],"product_brand":[],"product_cat":[291,292],"product_tag":[],"class_list":{"0":"post-24788","1":"product","2":"type-product","3":"status-publish","4":"has-post-thumbnail","6":"kompatibel-zu-piezas-de-repuesto-compatibles-robatech","7":"leimtyp-adhesivostermofusibles","8":"product_cat-valvulas-de-cola","9":"product_cat-valvulas-de-fusion-en-caliente","11":"first","12":"instock","13":"taxable","14":"shipping-taxable","15":"product-type-variable"},"acf":[],"_links":{"self":[{"href":"https:\/\/www.easyglue.de\/es\/wp-json\/wp\/v2\/product\/24788","targetHints":{"allow":["GET"]}}],"collection":[{"href":"https:\/\/www.easyglue.de\/es\/wp-json\/wp\/v2\/product"}],"about":[{"href":"https:\/\/www.easyglue.de\/es\/wp-json\/wp\/v2\/types\/product"}],"replies":[{"embeddable":true,"href":"https:\/\/www.easyglue.de\/es\/wp-json\/wp\/v2\/comments?post=24788"}],"version-history":[{"count":0,"href":"https:\/\/www.easyglue.de\/es\/wp-json\/wp\/v2\/product\/24788\/revisions"}],"wp:featuredmedia":[{"embeddable":true,"href":"https:\/\/www.easyglue.de\/es\/wp-json\/wp\/v2\/media\/18039"}],"wp:attachment":[{"href":"https:\/\/www.easyglue.de\/es\/wp-json\/wp\/v2\/media?parent=24788"}],"wp:term":[{"taxonomy":"kompatibel-zu","embeddable":true,"href":"https:\/\/www.easyglue.de\/es\/wp-json\/wp\/v2\/kompatibel-zu?post=24788"},{"taxonomy":"leimtyp","embeddable":true,"href":"https:\/\/www.easyglue.de\/es\/wp-json\/wp\/v2\/leimtyp?post=24788"},{"taxonomy":"product_brand","embeddable":true,"href":"https:\/\/www.easyglue.de\/es\/wp-json\/wp\/v2\/product_brand?post=24788"},{"taxonomy":"product_cat","embeddable":true,"href":"https:\/\/www.easyglue.de\/es\/wp-json\/wp\/v2\/product_cat?post=24788"},{"taxonomy":"product_tag","embeddable":true,"href":"https:\/\/www.easyglue.de\/es\/wp-json\/wp\/v2\/product_tag?post=24788"}],"curies":[{"name":"wp","href":"https:\/\/api.w.org\/{rel}","templated":true}]}}