{"id":24831,"date":"2024-11-09T19:19:11","date_gmt":"2024-11-09T19:19:11","guid":{"rendered":"https:\/\/www.easyglue.de\/valvula-de-cola-mmkd40x-kv-nr-l-l\/"},"modified":"2025-12-15T14:52:22","modified_gmt":"2025-12-15T14:52:22","slug":"valvula-de-cola-mmkd40x-kv-nr-l-l","status":"publish","type":"product","link":"https:\/\/www.easyglue.de\/es\/valvula-de-cola-mmkd40x-kv-nr-l-l\/","title":{"rendered":"V\u00e1lvula de cola fr\u00eda MMKD-400 con boquilla corta sin rejilla"},"content":{"rendered":"<p>La v\u00e1lvula de cola fr\u00eda MMKD-400 con boquilla corta sin regulaci\u00f3n de trama es la soluci\u00f3n ideal para aplicaciones de cola fr\u00eda precisas y reproducibles. El control neum\u00e1tico mediante aire comprimido externo garantiza una dosificaci\u00f3n de cola fiable y constante incluso con frecuencias de conmutaci\u00f3n elevadas. <\/p>\n<p>La robusta v\u00e1lvula de cola est\u00e1 dise\u00f1ada para presiones de cola de hasta 80 bar y ofrece la m\u00e1xima flexibilidad para una amplia gama de requisitos de aplicaci\u00f3n de cola industrial gracias a los distintos di\u00e1metros de boquilla de 0,3 mm a 1,5 mm.<\/p>\n<p>El cabezal pulverizador para cola fr\u00eda puede integrarse f\u00e1cilmente en los sistemas de aplicaci\u00f3n existentes y es totalmente compatible con Baumer hhs\u00ae\/hhs\u00ae.<\/p>\n<p>Si el di\u00e1metro de boquilla que necesita no aparece en la lista, p\u00f3ngase en contacto con nosotros (shop@easyglue.de). Encontrar\u00e1 la boquilla de recambio correspondiente con el n\u00famero de art\u00edculo EG102100104.<\/p>\n","protected":false},"excerpt":{"rendered":"<ul>\n<li>V\u00e1lvula neum\u00e1tica de cola fr\u00eda<\/li>\n<li>Control mediante aire comprimido externo<\/li>\n<li>Presiones de adherencia de hasta 80 bar<\/li>\n<li>Di\u00e1metro de la boquilla: 0,3 mm - 1,5 mm<\/li>\n<li>\n<div class=\"attributes-row\">\n<div class=\"attributes-label\">Compatible con: Baumer hhs\u00ae\/hhs\u00ae<\/div>\n<\/div>\n<\/li>\n<li>Referencia adicional: MMKD<\/li>\n<\/ul>\n","protected":false},"featured_media":24833,"comment_status":"open","ping_status":"closed","template":"","meta":{"_acf_changed":false},"kompatibel-zu":[317],"leimtyp":[331],"product_brand":[],"product_cat":[291,297],"product_tag":[],"class_list":{"0":"post-24831","1":"product","2":"type-product","3":"status-publish","4":"has-post-thumbnail","6":"kompatibel-zu-piezas-de-repuesto-compatibles-baumer-hhs","7":"leimtyp-cola-fria","8":"product_cat-valvulas-de-cola","9":"product_cat-valvulas-de-cola-fria","11":"first","12":"instock","13":"taxable","14":"shipping-taxable","15":"product-type-variable"},"acf":[],"_links":{"self":[{"href":"https:\/\/www.easyglue.de\/es\/wp-json\/wp\/v2\/product\/24831","targetHints":{"allow":["GET"]}}],"collection":[{"href":"https:\/\/www.easyglue.de\/es\/wp-json\/wp\/v2\/product"}],"about":[{"href":"https:\/\/www.easyglue.de\/es\/wp-json\/wp\/v2\/types\/product"}],"replies":[{"embeddable":true,"href":"https:\/\/www.easyglue.de\/es\/wp-json\/wp\/v2\/comments?post=24831"}],"version-history":[{"count":0,"href":"https:\/\/www.easyglue.de\/es\/wp-json\/wp\/v2\/product\/24831\/revisions"}],"wp:featuredmedia":[{"embeddable":true,"href":"https:\/\/www.easyglue.de\/es\/wp-json\/wp\/v2\/media\/24833"}],"wp:attachment":[{"href":"https:\/\/www.easyglue.de\/es\/wp-json\/wp\/v2\/media?parent=24831"}],"wp:term":[{"taxonomy":"kompatibel-zu","embeddable":true,"href":"https:\/\/www.easyglue.de\/es\/wp-json\/wp\/v2\/kompatibel-zu?post=24831"},{"taxonomy":"leimtyp","embeddable":true,"href":"https:\/\/www.easyglue.de\/es\/wp-json\/wp\/v2\/leimtyp?post=24831"},{"taxonomy":"product_brand","embeddable":true,"href":"https:\/\/www.easyglue.de\/es\/wp-json\/wp\/v2\/product_brand?post=24831"},{"taxonomy":"product_cat","embeddable":true,"href":"https:\/\/www.easyglue.de\/es\/wp-json\/wp\/v2\/product_cat?post=24831"},{"taxonomy":"product_tag","embeddable":true,"href":"https:\/\/www.easyglue.de\/es\/wp-json\/wp\/v2\/product_tag?post=24831"}],"curies":[{"name":"wp","href":"https:\/\/api.w.org\/{rel}","templated":true}]}}