{"id":25046,"date":"2024-11-09T19:19:09","date_gmt":"2024-11-09T19:19:09","guid":{"rendered":"https:\/\/www.easyglue.de\/modulo-alternativo-al-nordson-miniblue-ii\/"},"modified":"2025-12-18T19:32:50","modified_gmt":"2025-12-18T19:32:50","slug":"modulo-alternativo-al-nordson-miniblue-ii","status":"publish","type":"product","link":"https:\/\/www.easyglue.de\/es\/modulo-alternativo-al-nordson-miniblue-ii\/","title":{"rendered":"M\u00f3dulo alternativo al MiniBlue\u00ae II de Nordson"},"content":{"rendered":"<p>El m\u00f3dulo como alternativa al Nordson\u00ae MiniBlue\u00ae II es una pieza de recambio a medida para sistemas de aplicaci\u00f3n de hot melt en plantas de producci\u00f3n industrial. Impresiona por su procesamiento preciso, su resistencia a altas temperaturas y su rendimiento fiable, incluso en funcionamiento continuo. <\/p>\n<p>Esta pieza de recambio compatible es adecuada para su uso en los sectores del envasado, la carpinter\u00eda, el mobiliario y otras aplicaciones en las que es fundamental una aplicaci\u00f3n de cola precisa y repetible. Puede integrarse f\u00e1cilmente en su sistema Nordson existente y ofrece una soluci\u00f3n rentable con una calidad constante. <\/p>\n<p>La producci\u00f3n y el control de calidad se llevan a cabo en nuestras instalaciones de Alemania para garantizar una larga vida \u00fatil y una estabilidad operativa \u00f3ptima.<\/p>\n<p>Su instalaci\u00f3n y mantenimiento sencillos minimizan los tiempos de inactividad y aumentan la fiabilidad del proceso.<\/p>\n<p>Disponemos de la correspondiente boquilla de encolado en di\u00e1metros de 0,3 mm, 0,4 mm y 0,5 mm. Ya est\u00e1 incluida en el volumen de suministro.<\/p>\n","protected":false},"excerpt":{"rendered":"<ul>\n<li>M\u00f3dulo compatible con Nordson\u00ae MiniBlue\u00ae II<\/li>\n<li>M\u00f3dulo de fusi\u00f3n en caliente para aplicaci\u00f3n de puntos y cordones<\/li>\n<li>Apertura y cierre del aire<\/li>\n<li>Compatible con Nordson<\/li>\n<li>Referencias: Nordson\u00ae MiniBlue\u00ae II<\/li>\n<li>Tipo de cola: Hot melt<\/li>\n<\/ul>\n<p>&nbsp;<\/p>\n<div class=\"attributes-row\">\n<div>\n<div class=\"attributes-row\"><\/div>\n<\/div>\n<\/div>\n<p>&nbsp;<\/p>\n","protected":false},"featured_media":24424,"comment_status":"open","ping_status":"closed","template":"","meta":{"_acf_changed":false},"kompatibel-zu":[319],"leimtyp":[329],"product_brand":[],"product_cat":[263],"product_tag":[],"class_list":{"0":"post-25046","1":"product","2":"type-product","3":"status-publish","4":"has-post-thumbnail","6":"kompatibel-zu-piezas-de-repuesto-compatibles-nordson","7":"leimtyp-adhesivostermofusibles","8":"product_cat-modulos","10":"first","11":"instock","12":"taxable","13":"shipping-taxable","14":"product-type-variable"},"acf":[],"_links":{"self":[{"href":"https:\/\/www.easyglue.de\/es\/wp-json\/wp\/v2\/product\/25046","targetHints":{"allow":["GET"]}}],"collection":[{"href":"https:\/\/www.easyglue.de\/es\/wp-json\/wp\/v2\/product"}],"about":[{"href":"https:\/\/www.easyglue.de\/es\/wp-json\/wp\/v2\/types\/product"}],"replies":[{"embeddable":true,"href":"https:\/\/www.easyglue.de\/es\/wp-json\/wp\/v2\/comments?post=25046"}],"version-history":[{"count":0,"href":"https:\/\/www.easyglue.de\/es\/wp-json\/wp\/v2\/product\/25046\/revisions"}],"wp:featuredmedia":[{"embeddable":true,"href":"https:\/\/www.easyglue.de\/es\/wp-json\/wp\/v2\/media\/24424"}],"wp:attachment":[{"href":"https:\/\/www.easyglue.de\/es\/wp-json\/wp\/v2\/media?parent=25046"}],"wp:term":[{"taxonomy":"kompatibel-zu","embeddable":true,"href":"https:\/\/www.easyglue.de\/es\/wp-json\/wp\/v2\/kompatibel-zu?post=25046"},{"taxonomy":"leimtyp","embeddable":true,"href":"https:\/\/www.easyglue.de\/es\/wp-json\/wp\/v2\/leimtyp?post=25046"},{"taxonomy":"product_brand","embeddable":true,"href":"https:\/\/www.easyglue.de\/es\/wp-json\/wp\/v2\/product_brand?post=25046"},{"taxonomy":"product_cat","embeddable":true,"href":"https:\/\/www.easyglue.de\/es\/wp-json\/wp\/v2\/product_cat?post=25046"},{"taxonomy":"product_tag","embeddable":true,"href":"https:\/\/www.easyglue.de\/es\/wp-json\/wp\/v2\/product_tag?post=25046"}],"curies":[{"name":"wp","href":"https:\/\/api.w.org\/{rel}","templated":true}]}}