{"id":25122,"date":"2024-11-09T19:19:08","date_gmt":"2024-11-09T19:19:08","guid":{"rendered":"https:\/\/www.easyglue.de\/valvula-de-cola-mkdd-108-fl-ra-24v-230v\/"},"modified":"2025-12-10T07:30:39","modified_gmt":"2025-12-10T07:30:39","slug":"valvula-de-cola-mkdd-108-fl-ra-24v-230v","status":"publish","type":"product","link":"https:\/\/www.easyglue.de\/es\/valvula-de-cola-mkdd-108-fl-ra-24v-230v\/","title":{"rendered":"V\u00e1lvula de cola fr\u00eda MKDD-100 con boquilla de superficie y rejilla"},"content":{"rendered":"<p>A la m\u00e1scara en bruto<\/p>\n<p>A la m\u00e1scara acabada<\/p>\n","protected":false},"excerpt":{"rendered":"<ul>\n<li>V\u00e1lvula electroneum\u00e1tica de cola fr\u00eda con regulaci\u00f3n de rejilla<\/li>\n<li>Bobinas magn\u00e9ticas de 24 V CC o 230 V CA<\/li>\n<li>Presiones de adherencia de hasta 35 bar<\/li>\n<li>Con boquilla de ranura ancha, sin m\u00e1scara<\/li>\n<li>Anchura de aplicaci\u00f3n con m\u00e1scara m\u00e1x. 20 mm <\/li>\n<li>Compatible con: Baumerhhs\u00ae\/hhs\u00ae<\/li>\n<li>\n<div class=\"attributes-row\">\n<div class=\"attributes-label\">N\u00famero de referencia: 34740800<\/div>\n<\/div>\n<\/li>\n<li>Referencia adicional: MKDD-108-FL-RA<\/li>\n<\/ul>\n","protected":false},"featured_media":25124,"comment_status":"open","ping_status":"closed","template":"","meta":{"_acf_changed":false},"kompatibel-zu":[317],"leimtyp":[331],"product_brand":[],"product_cat":[291,297],"product_tag":[],"class_list":{"0":"post-25122","1":"product","2":"type-product","3":"status-publish","4":"has-post-thumbnail","6":"kompatibel-zu-piezas-de-repuesto-compatibles-baumer-hhs","7":"leimtyp-cola-fria","8":"product_cat-valvulas-de-cola","9":"product_cat-valvulas-de-cola-fria","11":"first","12":"instock","13":"taxable","14":"shipping-taxable","15":"product-type-variable"},"acf":[],"_links":{"self":[{"href":"https:\/\/www.easyglue.de\/es\/wp-json\/wp\/v2\/product\/25122","targetHints":{"allow":["GET"]}}],"collection":[{"href":"https:\/\/www.easyglue.de\/es\/wp-json\/wp\/v2\/product"}],"about":[{"href":"https:\/\/www.easyglue.de\/es\/wp-json\/wp\/v2\/types\/product"}],"replies":[{"embeddable":true,"href":"https:\/\/www.easyglue.de\/es\/wp-json\/wp\/v2\/comments?post=25122"}],"version-history":[{"count":0,"href":"https:\/\/www.easyglue.de\/es\/wp-json\/wp\/v2\/product\/25122\/revisions"}],"wp:featuredmedia":[{"embeddable":true,"href":"https:\/\/www.easyglue.de\/es\/wp-json\/wp\/v2\/media\/25124"}],"wp:attachment":[{"href":"https:\/\/www.easyglue.de\/es\/wp-json\/wp\/v2\/media?parent=25122"}],"wp:term":[{"taxonomy":"kompatibel-zu","embeddable":true,"href":"https:\/\/www.easyglue.de\/es\/wp-json\/wp\/v2\/kompatibel-zu?post=25122"},{"taxonomy":"leimtyp","embeddable":true,"href":"https:\/\/www.easyglue.de\/es\/wp-json\/wp\/v2\/leimtyp?post=25122"},{"taxonomy":"product_brand","embeddable":true,"href":"https:\/\/www.easyglue.de\/es\/wp-json\/wp\/v2\/product_brand?post=25122"},{"taxonomy":"product_cat","embeddable":true,"href":"https:\/\/www.easyglue.de\/es\/wp-json\/wp\/v2\/product_cat?post=25122"},{"taxonomy":"product_tag","embeddable":true,"href":"https:\/\/www.easyglue.de\/es\/wp-json\/wp\/v2\/product_tag?post=25122"}],"curies":[{"name":"wp","href":"https:\/\/api.w.org\/{rel}","templated":true}]}}