{"id":25369,"date":"2024-11-07T14:37:15","date_gmt":"2024-11-07T14:37:15","guid":{"rendered":"https:\/\/www.easyglue.de\/instructions-de-paiement-et-securite\/"},"modified":"2025-11-14T09:57:36","modified_gmt":"2025-11-14T09:57:36","slug":"instructions-de-paiement-et-securite","status":"publish","type":"page","link":"https:\/\/www.easyglue.de\/fr\/instructions-de-paiement-et-securite\/","title":{"rendered":"Instructions de paiement et s\u00e9curit\u00e9"},"content":{"rendered":"\t\t<div data-elementor-type=\"wp-page\" data-elementor-id=\"25369\" class=\"elementor elementor-25369 elementor-16344\" data-elementor-post-type=\"page\">\n\t\t\t\t<div class=\"wd-negative-gap elementor-element elementor-element-945ee04 wd-section-stretch e-flex e-con-boxed e-con e-parent\" data-id=\"945ee04\" data-element_type=\"container\" data-e-type=\"container\">\n\t\t\t\t\t<div class=\"e-con-inner\">\n\t\t\t\t<div class=\"elementor-element elementor-element-5374b1c elementor-widget elementor-widget-heading\" data-id=\"5374b1c\" data-element_type=\"widget\" data-e-type=\"widget\" data-widget_type=\"heading.default\">\n\t\t\t\t<div class=\"elementor-widget-container\">\n\t\t\t\t\t<h2 class=\"elementor-heading-title elementor-size-default\">Instructions de paiement et s\u00e9curit\u00e9\n<\/h2>\t\t\t\t<\/div>\n\t\t\t\t<\/div>\n\t\t\t\t<div class=\"elementor-element elementor-element-0b14665 color-scheme-inherit text-left elementor-widget elementor-widget-text-editor\" data-id=\"0b14665\" data-element_type=\"widget\" data-e-type=\"widget\" data-widget_type=\"text-editor.default\">\n\t\t\t\t<div class=\"elementor-widget-container\">\n\t\t\t\t\t\t\t\t\t<p>Lorsqu&rsquo;il s&rsquo;agit d&rsquo;acheter quelque chose en ligne, la question de la s\u00e9curit\u00e9 est en t\u00eate de liste. Nous ne prenons pas \u00e0 la l\u00e9g\u00e8re la cybers\u00e9curit\u00e9 g\u00e9n\u00e9rale de notre boutique, et en particulier la s\u00e9curit\u00e9 du processus de facturation. Nous pouvons vous assurer que toutes vos commandes sont trait\u00e9es en toute s\u00e9curit\u00e9<a href=\"https:\/\/www.youtube.com\/channel\/UCy1PSZhfZ-HDfAkTPjq5ImQ\" rel=\"noopener\">.<\/a>  <\/p>\t\t\t\t\t\t\t\t<\/div>\n\t\t\t\t<\/div>\n\t\t<div class=\"elementor-element elementor-element-19f02b8 e-grid e-con-full e-con e-child\" data-id=\"19f02b8\" data-element_type=\"container\" data-e-type=\"container\">\n\t\t\t\t<div class=\"elementor-element elementor-element-64493ea elementor-position-inline-start elementor-view-default elementor-mobile-position-block-start elementor-widget elementor-widget-icon-box\" data-id=\"64493ea\" data-element_type=\"widget\" data-e-type=\"widget\" data-widget_type=\"icon-box.default\">\n\t\t\t\t<div class=\"elementor-widget-container\">\n\t\t\t\t\t\t\t<div class=\"elementor-icon-box-wrapper\">\n\n\t\t\t\t\t\t<div class=\"elementor-icon-box-icon\">\n\t\t\t\t<span  class=\"elementor-icon\">\n\t\t\t\t<i aria-hidden=\"true\" class=\"fas fa-shield-alt\"><\/i>\t\t\t\t<\/span>\n\t\t\t<\/div>\n\t\t\t\n\t\t\t\t\t\t<div class=\"elementor-icon-box-content\">\n\n\t\t\t\t\t\t\t\t\t<h3 class=\"elementor-icon-box-title\">\n\t\t\t\t\t\t<span  >\n\t\t\t\t\t\t\tCertificat SSL\t\t\t\t\t\t<\/span>\n\t\t\t\t\t<\/h3>\n\t\t\t\t\n\t\t\t\t\t\t\t\t\t<p class=\"elementor-icon-box-description\">\n\t\t\t\t\t\tNotre site web dispose d'un certificat SSL. Cela signifie que nous nous soucions de votre s\u00e9curit\u00e9 et que nous voulons nous assurer que toutes les donn\u00e9es (y compris financi\u00e8res) sont crypt\u00e9es en toute s\u00e9curit\u00e9 ! \n\t\t\t\t\t<\/p>\n\t\t\t\t\n\t\t\t<\/div>\n\t\t\t\n\t\t<\/div>\n\t\t\t\t\t\t<\/div>\n\t\t\t\t<\/div>\n\t\t\t\t<div class=\"elementor-element elementor-element-940c1c1 elementor-position-inline-start elementor-view-default elementor-mobile-position-block-start elementor-widget elementor-widget-icon-box\" data-id=\"940c1c1\" data-element_type=\"widget\" data-e-type=\"widget\" data-widget_type=\"icon-box.default\">\n\t\t\t\t<div class=\"elementor-widget-container\">\n\t\t\t\t\t\t\t<div class=\"elementor-icon-box-wrapper\">\n\n\t\t\t\t\t\t<div class=\"elementor-icon-box-icon\">\n\t\t\t\t<span  class=\"elementor-icon\">\n\t\t\t\t<i aria-hidden=\"true\" class=\"fas fa-hand-holding-usd\"><\/i>\t\t\t\t<\/span>\n\t\t\t<\/div>\n\t\t\t\n\t\t\t\t\t\t<div class=\"elementor-icon-box-content\">\n\n\t\t\t\t\t\t\t\t\t<h3 class=\"elementor-icon-box-title\">\n\t\t\t\t\t\t<span  >\n\t\t\t\t\t\t\tModes de paiement s\u00e9curis\u00e9s\t\t\t\t\t\t<\/span>\n\t\t\t\t\t<\/h3>\n\t\t\t\t\n\t\t\t\t\t\t\t\t\t<p class=\"elementor-icon-box-description\">\n\t\t\t\t\t\tLes modes de paiement propos\u00e9s sur notre site se limitent exclusivement \u00e0 des fournisseurs s\u00e9curis\u00e9s. Nous n'utilisons pas de fournisseurs tiers inutiles afin de prot\u00e9ger vos donn\u00e9es ! \n\t\t\t\t\t<\/p>\n\t\t\t\t\n\t\t\t<\/div>\n\t\t\t\n\t\t<\/div>\n\t\t\t\t\t\t<\/div>\n\t\t\t\t<\/div>\n\t\t\t\t<div class=\"elementor-element elementor-element-6ab03c7 elementor-position-inline-start elementor-view-default elementor-mobile-position-block-start elementor-widget elementor-widget-icon-box\" data-id=\"6ab03c7\" data-element_type=\"widget\" data-e-type=\"widget\" data-widget_type=\"icon-box.default\">\n\t\t\t\t<div class=\"elementor-widget-container\">\n\t\t\t\t\t\t\t<div class=\"elementor-icon-box-wrapper\">\n\n\t\t\t\t\t\t<div class=\"elementor-icon-box-icon\">\n\t\t\t\t<span  class=\"elementor-icon\">\n\t\t\t\t<i aria-hidden=\"true\" class=\"fas fa-euro-sign\"><\/i>\t\t\t\t<\/span>\n\t\t\t<\/div>\n\t\t\t\n\t\t\t\t\t\t<div class=\"elementor-icon-box-content\">\n\n\t\t\t\t\t\t\t\t\t<h3 class=\"elementor-icon-box-title\">\n\t\t\t\t\t\t<span  >\n\t\t\t\t\t\t\tOptions de paiement\t\t\t\t\t\t<\/span>\n\t\t\t\t\t<\/h3>\n\t\t\t\t\n\t\t\t\t\t\t\t\t\t<p class=\"elementor-icon-box-description\">\n\t\t\t\t\t\tVous pouvez payer par pr\u00e9l\u00e8vement automatique, carte de cr\u00e9dit, PayPal, ou avec 3% de r\u00e9duction par paiement anticip\u00e9.\n\t\t\t\t\t<\/p>\n\t\t\t\t\n\t\t\t<\/div>\n\t\t\t\n\t\t<\/div>\n\t\t\t\t\t\t<\/div>\n\t\t\t\t<\/div>\n\t\t\t\t<div class=\"elementor-element elementor-element-e9963e0 elementor-position-inline-start elementor-view-default elementor-mobile-position-block-start elementor-widget elementor-widget-icon-box\" data-id=\"e9963e0\" data-element_type=\"widget\" data-e-type=\"widget\" data-widget_type=\"icon-box.default\">\n\t\t\t\t<div class=\"elementor-widget-container\">\n\t\t\t\t\t\t\t<div class=\"elementor-icon-box-wrapper\">\n\n\t\t\t\t\t\t<div class=\"elementor-icon-box-icon\">\n\t\t\t\t<span  class=\"elementor-icon\">\n\t\t\t\t<i aria-hidden=\"true\" class=\"far fa-comments\"><\/i>\t\t\t\t<\/span>\n\t\t\t<\/div>\n\t\t\t\n\t\t\t\t\t\t<div class=\"elementor-icon-box-content\">\n\n\t\t\t\t\t\t\t\t\t<h3 class=\"elementor-icon-box-title\">\n\t\t\t\t\t\t<span  >\n\t\t\t\t\t\t\tService client\u00e8le 24h\/24 et 7j\/7\t\t\t\t\t\t<\/span>\n\t\t\t\t\t<\/h3>\n\t\t\t\t\n\t\t\t\t\t\t\t\t\t<p class=\"elementor-icon-box-description\">\n\t\t\t\t\t\tSi vous rencontrez des probl\u00e8mes techniques pendant le processus de commande, vous pouvez \u00e0 tout moment contacter notre service client\u00e8le (shop@easyglue.de) pour poser vos questions sur la facturation. Nous nous ferons un plaisir d'y r\u00e9pondre ! \n\t\t\t\t\t<\/p>\n\t\t\t\t\n\t\t\t<\/div>\n\t\t\t\n\t\t<\/div>\n\t\t\t\t\t\t<\/div>\n\t\t\t\t<\/div>\n\t\t\t\t<\/div>\n\t\t\t\t\t<\/div>\n\t\t\t\t<\/div>\n\t\t\t\t<\/div>\n\t\t","protected":false},"excerpt":{"rendered":"<p>Instructions de paiement et s\u00e9curit\u00e9 Lorsqu&rsquo;il s&rsquo;agit d&rsquo;acheter quelque chose en ligne, la question de la s\u00e9curit\u00e9 est en t\u00eate<\/p>\n","protected":false},"author":335,"featured_media":0,"parent":0,"menu_order":0,"comment_status":"closed","ping_status":"closed","template":"elementor_header_footer","meta":{"_acf_changed":false,"footnotes":""},"class_list":["post-25369","page","type-page","status-publish","hentry"],"acf":[],"_links":{"self":[{"href":"https:\/\/www.easyglue.de\/fr\/wp-json\/wp\/v2\/pages\/25369","targetHints":{"allow":["GET"]}}],"collection":[{"href":"https:\/\/www.easyglue.de\/fr\/wp-json\/wp\/v2\/pages"}],"about":[{"href":"https:\/\/www.easyglue.de\/fr\/wp-json\/wp\/v2\/types\/page"}],"author":[{"embeddable":true,"href":"https:\/\/www.easyglue.de\/fr\/wp-json\/wp\/v2\/users\/335"}],"replies":[{"embeddable":true,"href":"https:\/\/www.easyglue.de\/fr\/wp-json\/wp\/v2\/comments?post=25369"}],"version-history":[{"count":0,"href":"https:\/\/www.easyglue.de\/fr\/wp-json\/wp\/v2\/pages\/25369\/revisions"}],"wp:attachment":[{"href":"https:\/\/www.easyglue.de\/fr\/wp-json\/wp\/v2\/media?parent=25369"}],"curies":[{"name":"wp","href":"https:\/\/api.w.org\/{rel}","templated":true}]}}