{"id":25371,"date":"2024-11-07T15:49:33","date_gmt":"2024-11-07T15:49:33","guid":{"rendered":"https:\/\/www.easyglue.de\/frais-et-delais-dexpedition\/"},"modified":"2026-02-20T12:09:02","modified_gmt":"2026-02-20T12:09:02","slug":"versandkosten-und-versandzeit","status":"publish","type":"page","link":"https:\/\/www.easyglue.de\/fr\/versandkosten-und-versandzeit\/","title":{"rendered":"Frais et d\u00e9lais d&rsquo;exp\u00e9dition"},"content":{"rendered":"\t\t<div data-elementor-type=\"wp-page\" data-elementor-id=\"25371\" class=\"elementor elementor-25371 elementor-16365\" data-elementor-post-type=\"page\">\n\t\t\t\t<div class=\"wd-negative-gap elementor-element elementor-element-597b8ea wd-section-stretch e-flex e-con-boxed e-con e-parent\" data-id=\"597b8ea\" data-element_type=\"container\" data-e-type=\"container\">\n\t\t\t\t\t<div class=\"e-con-inner\">\n\t\t\t\t<div class=\"elementor-element elementor-element-54d8a10 elementor-widget elementor-widget-heading\" data-id=\"54d8a10\" data-element_type=\"widget\" data-e-type=\"widget\" data-widget_type=\"heading.default\">\n\t\t\t\t<div class=\"elementor-widget-container\">\n\t\t\t\t\t<h2 class=\"elementor-heading-title elementor-size-default\">Frais et d\u00e9lais d'exp\u00e9dition\n <\/h2>\t\t\t\t<\/div>\n\t\t\t\t<\/div>\n\t\t\t\t<div class=\"elementor-element elementor-element-70dfeef elementor-widget elementor-widget-wd_table\" data-id=\"70dfeef\" data-element_type=\"widget\" data-e-type=\"widget\" data-widget_type=\"wd_table.default\">\n\t\t\t\t<div class=\"elementor-widget-container\">\n\t\t\t\t\t\t\t<div class=\"wd-el-table-wrap wd-reset-all-last\">\n\t\t\t<table class=\"wd-el-table\">\n\t\t\t\t\t\t\t\t\t<thead class=\"text-left\">\n\t\t\t\t\t\t\t\t\t\t\t\t\t\t\t\t\t\t\t\t\t\t\t\t\t\t\t\t\t\t<tr class=\"wd-table-row elementor-repeater-item-de152b5\">\n\t\t\t\t\t\t\t\t\t\t\t\t\t\t\t\t\t\t\t\t\t\t\t\t\t\t\t\t\t\t\t\t\t\t\t\t<th class=\"wd-table-cell elementor-repeater-item-3e7e4fe\" colspan=\"1\" rowspan=\"1\">\n\t\t\t\t\t\t\t\t\t<p>Pays de destination<\/p>\t\t\t\t\t\t\t\t<\/th>\n\t\t\t\t\t\t\t\t\t\t\t\t\t\t\t\t\t\t\t\t\t\t\t\t\t\t\t\t<th class=\"wd-table-cell elementor-repeater-item-25c8758\" colspan=\"1\" rowspan=\"1\">\n\t\t\t\t\t\t\t\t\t<p>D\u00e9lai d'envoi<\/p>\t\t\t\t\t\t\t\t<\/th>\n\t\t\t\t\t\t\t\t\t\t\t\t\t\t\t\t\t\t\t\t\t\t\t\t\t\t\t\t<th class=\"wd-table-cell elementor-repeater-item-d4a35b9\" colspan=\"1\" rowspan=\"1\">\n\t\t\t\t\t\t\t\t\t<p>Frais d'exp\u00e9dition<\/p>\t\t\t\t\t\t\t\t<\/th>\n\t\t\t\t\t\t\t\t\t\t\t\t\t\t\t\t\t\t\t<\/tr>\n\t\t\t\t\t<\/thead>\n\t\t\t\t\n\t\t\t\t<tbody class=\"text-left\">\n\t\t\t\t\t\t\t\t\t\t\t\t\t\t\t\t\t\t\t\t\t\t\t\t\t\t<tr class=\"wd-table-row elementor-repeater-item-3570d59\">\n\t\t\t\t\t\t\t\t\t\t\t\t\t\t\t\t\t\t\t\t\t\t\t\t\t\t\t\t\t\t\t\n\t\t\t\t\t\t\t<td class=\"wd-table-cell elementor-repeater-item-1aef3a0\" colspan=\"1\" rowspan=\"1\">\n\t\t\t\t\t\t\t\t<p>Allemagne<\/p>\t\t\t\t\t\t\t<\/td>\n\t\t\t\t\t\t\t\t\t\t\t\t\t\t\t\t\t\t\t\t\t\t\t\t\n\t\t\t\t\t\t\t<td class=\"wd-table-cell elementor-repeater-item-a6cfdb1\" colspan=\"1\" rowspan=\"1\">\n\t\t\t\t\t\t\t\t<p>1-3 jours<\/p>\t\t\t\t\t\t\t<\/td>\n\t\t\t\t\t\t\t\t\t\t\t\t\t\t\t\t\t\t\t\t\t\t\t\t\n\t\t\t\t\t\t\t<td class=\"wd-table-cell elementor-repeater-item-ff4fda8\" colspan=\"1\" rowspan=\"1\">\n\t\t\t\t\t\t\t\t<p>Le calcul est effectu\u00e9 \u00e0 la caisse<\/p>\t\t\t\t\t\t\t<\/td>\n\t\t\t\t\t\t\t\t\t\t\t\t\t\t\t\t\t\t\t\t\t\t\t\t\t\t\t\t\t\t\t\t<\/tr>\n\t\t\t\t\t\t\t\t<tr class=\"wd-table-row elementor-repeater-item-60b47db\">\n\t\t\t\t\t\t\t\t\t\t\t\t\t\t\t\t\t\t\t\t\t\t\t\t\t\t\t\t\t\t\t\n\t\t\t\t\t\t\t<td class=\"wd-table-cell elementor-repeater-item-c789d7c\" colspan=\"1\" rowspan=\"1\">\n\t\t\t\t\t\t\t\t<p>Union europ\u00e9enne, sauf Malte<\/p>\t\t\t\t\t\t\t<\/td>\n\t\t\t\t\t\t\t\t\t\t\t\t\t\t\t\t\t\t\t\t\t\t\t\t\n\t\t\t\t\t\t\t<td class=\"wd-table-cell elementor-repeater-item-bea1b63\" colspan=\"1\" rowspan=\"1\">\n\t\t\t\t\t\t\t\t<p>2-5 jours<\/p>\t\t\t\t\t\t\t<\/td>\n\t\t\t\t\t\t\t\t\t\t\t\t\t\t\t\t\t\t\t\t\t\t\t\t\n\t\t\t\t\t\t\t<td class=\"wd-table-cell elementor-repeater-item-9743c5d\" colspan=\"1\" rowspan=\"1\">\n\t\t\t\t\t\t\t\t<p>Le calcul est effectu\u00e9 \u00e0 la caisse<\/p>\t\t\t\t\t\t\t<\/td>\n\t\t\t\t\t\t\t\t\t\t\t\t\t\t\t\t\t\t\t\t\t\t\t\t\t\t\t\t\t\t\t\t<\/tr>\n\t\t\t\t\t\t\t\t<tr class=\"wd-table-row elementor-repeater-item-7dd11db\">\n\t\t\t\t\t\t\t\t\t\t\t\t\t\t\t\t\t\t\t\t\t\t\t\t\t\t\t\t\t\t\t\n\t\t\t\t\t\t\t<td class=\"wd-table-cell elementor-repeater-item-50d0ca3\" colspan=\"1\" rowspan=\"1\">\n\t\t\t\t\t\t\t\t<p>Royaume-Uni<\/p>\t\t\t\t\t\t\t<\/td>\n\t\t\t\t\t\t\t\t\t\t\t\t\t\t\t\t\t\t\t\t\t\t\t\t\n\t\t\t\t\t\t\t<td class=\"wd-table-cell elementor-repeater-item-2648a41\" colspan=\"1\" rowspan=\"1\">\n\t\t\t\t\t\t\t\t<p>2-5 jours<\/p>\t\t\t\t\t\t\t<\/td>\n\t\t\t\t\t\t\t\t\t\t\t\t\t\t\t\t\t\t\t\t\t\t\t\t\n\t\t\t\t\t\t\t<td class=\"wd-table-cell elementor-repeater-item-856609e\" colspan=\"1\" rowspan=\"1\">\n\t\t\t\t\t\t\t\t<p>Le calcul est effectu\u00e9 \u00e0 la caisse<\/p>\t\t\t\t\t\t\t<\/td>\n\t\t\t\t\t\t\t\t\t\t\t\t\t\t\t\t\t\t\t\t\t\t\t\t\t\t\t\t\t\t\t\t<\/tr>\n\t\t\t\t\t\t\t\t<tr class=\"wd-table-row elementor-repeater-item-021c19b\">\n\t\t\t\t\t\t\t\t\t\t\t\t\t\t\t\t\t\t\t\t\t\t\t\t\t\t\t\t\t\t\t\n\t\t\t\t\t\t\t<td class=\"wd-table-cell elementor-repeater-item-b521d71\" colspan=\"1\" rowspan=\"1\">\n\t\t\t\t\t\t\t\t<p>Europe<\/p>\t\t\t\t\t\t\t<\/td>\n\t\t\t\t\t\t\t\t\t\t\t\t\t\t\t\t\t\t\t\t\t\t\t\t\n\t\t\t\t\t\t\t<td class=\"wd-table-cell elementor-repeater-item-f615088\" colspan=\"1\" rowspan=\"1\">\n\t\t\t\t\t\t\t\t<p>2 \u00e0 6 jours<\/p>\t\t\t\t\t\t\t<\/td>\n\t\t\t\t\t\t\t\t\t\t\t\t\t\t\t\t\t\t\t\t\t\t\t\t\n\t\t\t\t\t\t\t<td class=\"wd-table-cell elementor-repeater-item-f7c6156\" colspan=\"1\" rowspan=\"1\">\n\t\t\t\t\t\t\t\t<p>Le calcul est effectu\u00e9 \u00e0 la caisse<\/p>\t\t\t\t\t\t\t<\/td>\n\t\t\t\t\t\t\t\t\t\t\t\t\t\t\t\t\t\t\t\t\t\t\t\t\t\t\t\t\t\t\t\t<\/tr>\n\t\t\t\t\t\t\t\t<tr class=\"wd-table-row elementor-repeater-item-50dce6a\">\n\t\t\t\t\t\t\t\t\t\t\t\t\t\t\t\t\t\t\t\t\t\t\t\t\t\t\t\t\t\t\t\n\t\t\t\t\t\t\t<td class=\"wd-table-cell elementor-repeater-item-d64b38e\" colspan=\"1\" rowspan=\"1\">\n\t\t\t\t\t\t\t\t<p>Dans le monde entier<\/p>\t\t\t\t\t\t\t<\/td>\n\t\t\t\t\t\t\t\t\t\t\t\t\t\t\t\t\t\t\t\t\t\t\t\t\n\t\t\t\t\t\t\t<td class=\"wd-table-cell elementor-repeater-item-dd2a16b\" colspan=\"1\" rowspan=\"1\">\n\t\t\t\t\t\t\t\t<p>2-10 jours<\/p>\t\t\t\t\t\t\t<\/td>\n\t\t\t\t\t\t\t\t\t\t\t\t\t\t\t\t\t\t\t\t\t\t\t\t\n\t\t\t\t\t\t\t<td class=\"wd-table-cell elementor-repeater-item-552e8eb\" colspan=\"1\" rowspan=\"1\">\n\t\t\t\t\t\t\t\t<p>Le calcul est effectu\u00e9 \u00e0 la caisse<\/p>\t\t\t\t\t\t\t<\/td>\n\t\t\t\t\t\t\t\t\t\t\t\t\t\t\t\t<\/tr>\n\t\t\t\t<\/tbody>\n\t\t\t<\/table>\n\t\t<\/div>\n\t\t\t\t\t\t<\/div>\n\t\t\t\t<\/div>\n\t\t\t\t<div class=\"elementor-element elementor-element-a63d1b0 elementor-widget elementor-widget-heading\" data-id=\"a63d1b0\" data-element_type=\"widget\" data-e-type=\"widget\" data-widget_type=\"heading.default\">\n\t\t\t\t<div class=\"elementor-widget-container\">\n\t\t\t\t\t<h2 class=\"elementor-heading-title elementor-size-default\">Politique d'exp\u00e9dition<\/h2>\t\t\t\t<\/div>\n\t\t\t\t<\/div>\n\t\t\t\t<div class=\"elementor-element elementor-element-44f3d52 color-scheme-inherit text-left elementor-widget elementor-widget-text-editor\" data-id=\"44f3d52\" data-element_type=\"widget\" data-e-type=\"widget\" data-widget_type=\"text-editor.default\">\n\t\t\t\t<div class=\"elementor-widget-container\">\n\t\t\t\t\t\t\t\t\t<p>L&rsquo;Acheteur accepte express\u00e9ment que la facture du Vendeur et ses conditions g\u00e9n\u00e9rales de vente constituent l&rsquo;int\u00e9gralit\u00e9 de l&rsquo;accord entre les parties concernant la vente des produits mentionn\u00e9s sur la facture et qu&rsquo;aucune condition diff\u00e9rente ou suppl\u00e9mentaire figurant dans la commande de l&rsquo;Acheteur ou dans toute autre communication ant\u00e9rieure ou post\u00e9rieure, de quelque mani\u00e8re que ce soit, compl\u00e9tant ou modifiant d&rsquo;une autre mani\u00e8re les pr\u00e9sentes conditions de vente, ne lie le Vendeur. Veuillez noter ce qui suit : Les d\u00e9lais d&rsquo;exp\u00e9dition sont des d\u00e9lais normaux et sont exprim\u00e9s en jours ouvrables (du lundi au vendredi, sauf les jours f\u00e9ri\u00e9s) et commencent \u00e0 courir \u00e0 partir de la date \u00e0 laquelle vous avez re\u00e7u l&rsquo;e-mail \u00ab\u00a0Votre commande a \u00e9t\u00e9 exp\u00e9di\u00e9e\u00a0\u00bb. Le d\u00e9lai de traitement des commandes re\u00e7ues est g\u00e9n\u00e9ralement de 2 jours ouvrables<a style=\"font-size: 15px;\" href=\"https:\/\/www.youtube.com\/channel\/UCy1PSZhfZ-HDfAkTPjq5ImQ\" target=\"_blank\" rel=\"noopener\">.<\/a>  <\/p>\t\t\t\t\t\t\t\t<\/div>\n\t\t\t\t<\/div>\n\t\t\t\t\t<\/div>\n\t\t\t\t<\/div>\n\t\t\t\t<\/div>\n\t\t","protected":false},"excerpt":{"rendered":"<p>Frais et d\u00e9lais d&rsquo;exp\u00e9dition Pays de destination D\u00e9lai d&rsquo;envoi Frais d&rsquo;exp\u00e9dition Allemagne 1-3 jours Le calcul est effectu\u00e9 \u00e0 la<\/p>\n","protected":false},"author":335,"featured_media":0,"parent":0,"menu_order":0,"comment_status":"closed","ping_status":"closed","template":"elementor_header_footer","meta":{"_acf_changed":false,"footnotes":""},"class_list":["post-25371","page","type-page","status-publish","hentry"],"acf":[],"_links":{"self":[{"href":"https:\/\/www.easyglue.de\/fr\/wp-json\/wp\/v2\/pages\/25371","targetHints":{"allow":["GET"]}}],"collection":[{"href":"https:\/\/www.easyglue.de\/fr\/wp-json\/wp\/v2\/pages"}],"about":[{"href":"https:\/\/www.easyglue.de\/fr\/wp-json\/wp\/v2\/types\/page"}],"author":[{"embeddable":true,"href":"https:\/\/www.easyglue.de\/fr\/wp-json\/wp\/v2\/users\/335"}],"replies":[{"embeddable":true,"href":"https:\/\/www.easyglue.de\/fr\/wp-json\/wp\/v2\/comments?post=25371"}],"version-history":[{"count":0,"href":"https:\/\/www.easyglue.de\/fr\/wp-json\/wp\/v2\/pages\/25371\/revisions"}],"wp:attachment":[{"href":"https:\/\/www.easyglue.de\/fr\/wp-json\/wp\/v2\/media?parent=25371"}],"curies":[{"name":"wp","href":"https:\/\/api.w.org\/{rel}","templated":true}]}}