{"id":25384,"date":"2025-05-24T00:40:35","date_gmt":"2025-05-24T00:40:35","guid":{"rendered":"https:\/\/www.easyglue.de\/compatibilite-avec-la-gamme-nordson\/"},"modified":"2026-04-19T18:14:16","modified_gmt":"2026-04-19T18:14:16","slug":"zu-nordson-kompatible-module-heizschlaeuche-filter","status":"publish","type":"page","link":"https:\/\/www.easyglue.de\/fr\/zu-nordson-kompatible-module-heizschlaeuche-filter\/","title":{"rendered":"Compatibilit\u00e9 avec la gamme Nordson"},"content":{"rendered":"\t\t<div data-elementor-type=\"wp-page\" data-elementor-id=\"25384\" class=\"elementor elementor-25384 elementor-20453\" data-elementor-post-type=\"page\">\n\t\t\t\t<div class=\"wd-negative-gap elementor-element elementor-element-d58f376 e-flex e-con-boxed e-con e-parent\" data-id=\"d58f376\" data-element_type=\"container\" data-e-type=\"container\">\n\t\t\t\t\t<div class=\"e-con-inner\">\n\t\t<div class=\"elementor-element elementor-element-d4fc84f e-con-full e-flex e-con e-child\" data-id=\"d4fc84f\" data-element_type=\"container\" data-e-type=\"container\">\n\t\t\t\t<div class=\"elementor-element elementor-element-241e446 elementor-widget elementor-widget-heading\" data-id=\"241e446\" data-element_type=\"widget\" data-e-type=\"widget\" data-widget_type=\"heading.default\">\n\t\t\t\t<div class=\"elementor-widget-container\">\n\t\t\t\t\t<h2 class=\"elementor-heading-title elementor-size-default\">Pi\u00e8ces de rechange compatibles avec Nordson\u00ae.\n<\/h2>\t\t\t\t<\/div>\n\t\t\t\t<\/div>\n\t\t\t\t<div class=\"elementor-element elementor-element-913a70c elementor-widget__width-initial elementor-widget-tablet__width-initial elementor-widget elementor-widget-heading\" data-id=\"913a70c\" data-element_type=\"widget\" data-e-type=\"widget\" data-widget_type=\"heading.default\">\n\t\t\t\t<div class=\"elementor-widget-container\">\n\t\t\t\t\t<h2 class=\"elementor-heading-title elementor-size-default\">Grande disponibilit\u00e9 des pi\u00e8ces de rechange compatibles avec Nordson\u00ae.<\/h2>\t\t\t\t<\/div>\n\t\t\t\t<\/div>\n\t\t\t\t<\/div>\n\t\t\t\t\t<\/div>\n\t\t\t\t<\/div>\n\t\t<div class=\"wd-negative-gap elementor-element elementor-element-c735b0f wd-section-stretch e-flex e-con-boxed elementor-invisible e-con e-parent\" data-id=\"c735b0f\" data-element_type=\"container\" data-e-type=\"container\" data-settings=\"{&quot;background_background&quot;:&quot;classic&quot;,&quot;animation&quot;:&quot;fadeIn&quot;}\">\n\t\t\t\t\t<div class=\"e-con-inner\">\n\t\t<div class=\"elementor-element elementor-element-31d9d70 e-con-full e-flex e-con e-child\" data-id=\"31d9d70\" data-element_type=\"container\" data-e-type=\"container\">\n\t\t<div class=\"elementor-element elementor-element-6a05d19 wd-section-stretch e-flex e-con-boxed e-con e-child\" data-id=\"6a05d19\" data-element_type=\"container\" data-e-type=\"container\">\n\t\t\t\t\t<div class=\"e-con-inner\">\n\t\t\t\t<div class=\"elementor-element elementor-element-2caf987 elementor-widget__width-initial elementor-widget elementor-widget-wd_infobox\" data-id=\"2caf987\" data-element_type=\"widget\" data-e-type=\"widget\" data-widget_type=\"wd_infobox.default\">\n\t\t\t\t<div class=\"elementor-widget-container\">\n\t\t\t\t\t\t\t<div class=\"info-box-wrapper\">\n\t\t\t<div class=\"wd-info-box text-left box-icon-align-top box-style-base color-scheme-\">\n\t\t\t\t\n\t\t\t\t<div class=\"info-box-content\">\n\t\t\t\t\t\n\t\t\t\t\t\t\t\t\t\t\t<h4\t\t\t\t\t\tclass=\"info-box-title title box-title-style-default wd-fontsize-m\" data-elementor-setting-key=\"title\">\n\t\t\t\t\t\t\t\tPi\u00e8ces de rechange compatibles pour les s\u00e9ries Nordson\u00ae ProBlue\u00ae, AltaBlue\u2122, DuraBlue\u00ae, VersaBlue\u00ae, les modules d'application de colle MiniBlue\u00ae II, les tubes de colle thermofusible Blue Series\u2122 II, ainsi que les filtres en ligne Saturn\u00ae et les buses de pr\u00e9cision Saturn<br \/>\n\t\t\t\t\t\t<\/h4>\n\t\t\t\t\t\n\t\t\t\t\t<div class=\"info-box-inner reset-last-child\"data-elementor-setting-key=\"content\"><p>Veuillez noter que nos pi\u00e8ces de rechange Easyglue ne sont pas des pi\u00e8ces d'origine Nordson\u00ae. Il s'agit plut\u00f4t de nos propres pi\u00e8ces et composants Easyglue de haute qualit\u00e9 et de longue dur\u00e9e de vie, qui sont compatibles avec Nordson\u00ae. <\/p>\n<p>Si vous ne trouvez pas certains produits dans notre boutique en ligne, n'h\u00e9sitez pas \u00e0 nous contacter. Nous continuons \u00e0 d\u00e9velopper notre boutique en ligne. <\/p>\n<\/div>\n\n\t\t\t\t\t\t\t\t\t<\/div>\n\n\t\t\t\t\t\t\t\t\t<a href=\"#\" class=\"wd-info-box-link wd-fill\" aria-label=\"Infobox link\"><\/a>\n\t\t\t\t\t\t\t<\/div>\n\t\t<\/div>\n\t\t\t\t\t\t<\/div>\n\t\t\t\t<\/div>\n\t\t\t\t\t<\/div>\n\t\t\t\t<\/div>\n\t\t\t\t<\/div>\n\t\t\t\t\t<\/div>\n\t\t\t\t<\/div>\n\t\t<div class=\"wd-negative-gap elementor-element elementor-element-418b2bb wd-section-stretch e-flex e-con-boxed e-con e-parent\" data-id=\"418b2bb\" data-element_type=\"container\" data-e-type=\"container\" data-settings=\"{&quot;background_background&quot;:&quot;classic&quot;}\">\n\t\t\t\t\t<div class=\"e-con-inner\">\n\t\t<div class=\"elementor-element elementor-element-f9117e1 e-con-full e-flex e-con e-child\" data-id=\"f9117e1\" data-element_type=\"container\" data-e-type=\"container\">\n\t\t\t\t<div class=\"elementor-element elementor-element-d5fd00d elementor-widget elementor-widget-image\" data-id=\"d5fd00d\" data-element_type=\"widget\" data-e-type=\"widget\" data-widget_type=\"image.default\">\n\t\t\t\t<div class=\"elementor-widget-container\">\n\t\t\t\t\t\t\t\t\t\t\t\t\t\t\t<img loading=\"lazy\" decoding=\"async\" width=\"1199\" height=\"800\" src=\"https:\/\/www.easyglue.de\/wp-content\/uploads\/2025\/03\/CNC-Slideshow-1199x800.jpg\" class=\"attachment-large size-large wp-image-25376\" alt=\"Easyglue Compatible avec Nordson \u00ae, Robatech \u00ae, Meler \u00ae.\" srcset=\"https:\/\/www.easyglue.de\/wp-content\/uploads\/2025\/03\/CNC-Slideshow-1199x800.jpg 1199w, https:\/\/www.easyglue.de\/wp-content\/uploads\/2025\/03\/CNC-Slideshow-scaled-800x534.jpg 800w, https:\/\/www.easyglue.de\/wp-content\/uploads\/2025\/03\/CNC-Slideshow-400x267.jpg 400w, https:\/\/www.easyglue.de\/wp-content\/uploads\/2025\/03\/CNC-Slideshow-768x513.jpg 768w, https:\/\/www.easyglue.de\/wp-content\/uploads\/2025\/03\/CNC-Slideshow-1536x1025.jpg 1536w, https:\/\/www.easyglue.de\/wp-content\/uploads\/2025\/03\/CNC-Slideshow-2048x1367.jpg 2048w, https:\/\/www.easyglue.de\/wp-content\/uploads\/2025\/03\/CNC-Slideshow-18x12.jpg 18w, https:\/\/www.easyglue.de\/wp-content\/uploads\/2025\/03\/CNC-Slideshow-860x574.jpg 860w\" sizes=\"auto, (max-width: 1199px) 100vw, 1199px\" \/>\t\t\t\t\t\t\t\t\t\t\t\t\t\t\t<\/div>\n\t\t\t\t<\/div>\n\t\t\t\t<\/div>\n\t\t<div class=\"elementor-element elementor-element-abd9e50 e-con-full e-flex e-con e-child\" data-id=\"abd9e50\" data-element_type=\"container\" data-e-type=\"container\">\n\t\t\t\t\t<link rel=\"stylesheet\" id=\"wd-mod-animations-keyframes-css\" href=\"https:\/\/www.easyglue.de\/wp-content\/themes\/woodmart\/css\/parts\/mod-animations-keyframes.min.css?ver=8.4.1\" type=\"text\/css\" media=\"all\" \/> \t\t\t\t\t<div class=\"elementor-element elementor-element-998459c elementor-invisible elementor-widget elementor-widget-heading\" data-id=\"998459c\" data-element_type=\"widget\" data-e-type=\"widget\" data-settings=\"{&quot;_animation&quot;:&quot;fadeInUp&quot;}\" data-widget_type=\"heading.default\">\n\t\t\t\t<div class=\"elementor-widget-container\">\n\t\t\t\t\t<h2 class=\"elementor-heading-title elementor-size-default\">Tuyaux de colle chaude compatibles avec Nordson\u00ae.\n<\/h2>\t\t\t\t<\/div>\n\t\t\t\t<\/div>\n\t\t\t\t<div class=\"elementor-element elementor-element-2f07523 elementor-invisible elementor-widget elementor-widget-heading\" data-id=\"2f07523\" data-element_type=\"widget\" data-e-type=\"widget\" data-settings=\"{&quot;_animation&quot;:&quot;fadeInUp&quot;}\" data-widget_type=\"heading.default\">\n\t\t\t\t<div class=\"elementor-widget-container\">\n\t\t\t\t\t<h2 class=\"elementor-heading-title elementor-size-default\">Flexibles de colle chaude et flexibles chauffants compatibles avec Nordson\u00ae.\n<\/h2>\t\t\t\t<\/div>\n\t\t\t\t<\/div>\n\t\t\t\t<div class=\"elementor-element elementor-element-ad1df28 color-scheme-inherit text-left elementor-widget elementor-widget-text-editor\" data-id=\"ad1df28\" data-element_type=\"widget\" data-e-type=\"widget\" data-widget_type=\"text-editor.default\">\n\t\t\t\t<div class=\"elementor-widget-container\">\n\t\t\t\t\t\t\t\t\t<p data-start=\"142\" data-end=\"215\"><strong data-start=\"142\" data-end=\"215\">Flexibles de colle chaude et flexibles chauffants - durables et compatibles avec Nordson\u00ae.<\/strong><\/p><p data-start=\"217\" data-end=\"421\">D\u00e9couvrez notre large gamme de tuyaux de colle chaude et de chauffage de haute qualit\u00e9 - compatibles avec les raccords des syst\u00e8mes Nordson\u00ae. Ils conviennent notamment pour le remplacement compatible des tuyaux Blue Series\u2122 II, PureFlow\u2122 et DuraBraid\u2122. <\/p><ul><li data-start=\"423\" data-end=\"471\">durable<\/li><li data-start=\"423\" data-end=\"471\">parfaitement adapt\u00e9<\/li><li data-start=\"423\" data-end=\"471\">disponible imm\u00e9diatement<\/li><\/ul><p>Vous trouverez <a href=\"https:\/\/www.easyglue.de\/fr\/produkt-kategorie\/tuyaux\/\"><strong>ici<\/strong><\/a> les tubes de colle thermofusible compatibles avec votre syst\u00e8me d&rsquo;application de colle Nordson\u00ae .<\/p>\t\t\t\t\t\t\t\t<\/div>\n\t\t\t\t<\/div>\n\t\t<div class=\"elementor-element elementor-element-fb456a2 e-grid e-con-full e-con e-child\" data-id=\"fb456a2\" data-element_type=\"container\" data-e-type=\"container\">\n\t\t\t\t<div class=\"elementor-element elementor-element-1286b22 elementor-widget elementor-widget-wd_counter\" data-id=\"1286b22\" data-element_type=\"widget\" data-e-type=\"widget\" data-widget_type=\"wd_counter.default\">\n\t\t\t\t<div class=\"elementor-widget-container\">\n\t\t\t\t\t\t\t<div class=\"woodmart-counter counter-small text-left color-scheme-custom\">\n\t\t\t<div class=\"counter-value\" data-state=\"new\" data-final=\"1483\">\n\t\t\t\t0\t\t\t<\/div>\n\n\t\t\t\t\t\t\t<div class=\"counter-label\">\n\t\t\t\t\tProduits disponibles\t\t\t\t<\/div>\n\t\t\t\t\t<\/div>\n\t\t\t\t\t\t<\/div>\n\t\t\t\t<\/div>\n\t\t\t\t<div class=\"elementor-element elementor-element-fb95ea0 elementor-widget elementor-widget-wd_counter\" data-id=\"fb95ea0\" data-element_type=\"widget\" data-e-type=\"widget\" data-widget_type=\"wd_counter.default\">\n\t\t\t\t<div class=\"elementor-widget-container\">\n\t\t\t\t\t\t\t<div class=\"woodmart-counter counter-small text-left color-scheme-custom\">\n\t\t\t<div class=\"counter-value\" data-state=\"new\" data-final=\"817\">\n\t\t\t\t0\t\t\t<\/div>\n\n\t\t\t\t\t\t\t<div class=\"counter-label\">\n\t\t\t\t\tClients r\u00e9currents\t\t\t\t<\/div>\n\t\t\t\t\t<\/div>\n\t\t\t\t\t\t<\/div>\n\t\t\t\t<\/div>\n\t\t\t\t<div class=\"elementor-element elementor-element-986c34f elementor-widget elementor-widget-wd_counter\" data-id=\"986c34f\" data-element_type=\"widget\" data-e-type=\"widget\" data-widget_type=\"wd_counter.default\">\n\t\t\t\t<div class=\"elementor-widget-container\">\n\t\t\t\t\t\t\t<div class=\"woodmart-counter counter-small text-left color-scheme-custom\">\n\t\t\t<div class=\"counter-value\" data-state=\"new\" data-final=\"1317\">\n\t\t\t\t0\t\t\t<\/div>\n\n\t\t\t\t\t\t\t<div class=\"counter-label\">\n\t\t\t\t\tUtilisateurs enregistr\u00e9s\t\t\t\t<\/div>\n\t\t\t\t\t<\/div>\n\t\t\t\t\t\t<\/div>\n\t\t\t\t<\/div>\n\t\t\t\t<\/div>\n\t\t\t\t<\/div>\n\t\t\t\t\t<\/div>\n\t\t\t\t<\/div>\n\t\t<div class=\"wd-negative-gap elementor-element elementor-element-4943ff1 wd-section-stretch e-flex e-con-boxed e-con e-parent\" data-id=\"4943ff1\" data-element_type=\"container\" data-e-type=\"container\" data-settings=\"{&quot;background_background&quot;:&quot;classic&quot;}\">\n\t\t\t\t\t<div class=\"e-con-inner\">\n\t\t<div class=\"elementor-element elementor-element-b5f77ef e-con-full e-flex e-con e-child\" data-id=\"b5f77ef\" data-element_type=\"container\" data-e-type=\"container\">\n\t\t\t\t<div class=\"elementor-element elementor-element-614d3f3 elementor-widget elementor-widget-image\" data-id=\"614d3f3\" data-element_type=\"widget\" data-e-type=\"widget\" data-widget_type=\"image.default\">\n\t\t\t\t<div class=\"elementor-widget-container\">\n\t\t\t\t\t\t\t\t\t\t\t\t\t\t\t<img loading=\"lazy\" decoding=\"async\" width=\"1199\" height=\"800\" src=\"https:\/\/www.easyglue.de\/wp-content\/uploads\/2025\/03\/CNC-Slideshow-1199x800.jpg\" class=\"attachment-large size-large wp-image-25376\" alt=\"Easyglue Compatible avec Nordson \u00ae, Robatech \u00ae, Meler \u00ae.\" srcset=\"https:\/\/www.easyglue.de\/wp-content\/uploads\/2025\/03\/CNC-Slideshow-1199x800.jpg 1199w, https:\/\/www.easyglue.de\/wp-content\/uploads\/2025\/03\/CNC-Slideshow-scaled-800x534.jpg 800w, https:\/\/www.easyglue.de\/wp-content\/uploads\/2025\/03\/CNC-Slideshow-400x267.jpg 400w, https:\/\/www.easyglue.de\/wp-content\/uploads\/2025\/03\/CNC-Slideshow-768x513.jpg 768w, https:\/\/www.easyglue.de\/wp-content\/uploads\/2025\/03\/CNC-Slideshow-1536x1025.jpg 1536w, https:\/\/www.easyglue.de\/wp-content\/uploads\/2025\/03\/CNC-Slideshow-2048x1367.jpg 2048w, https:\/\/www.easyglue.de\/wp-content\/uploads\/2025\/03\/CNC-Slideshow-18x12.jpg 18w, https:\/\/www.easyglue.de\/wp-content\/uploads\/2025\/03\/CNC-Slideshow-860x574.jpg 860w\" sizes=\"auto, (max-width: 1199px) 100vw, 1199px\" \/>\t\t\t\t\t\t\t\t\t\t\t\t\t\t\t<\/div>\n\t\t\t\t<\/div>\n\t\t\t\t<\/div>\n\t\t<div class=\"elementor-element elementor-element-26ea522 e-con-full e-flex e-con e-child\" data-id=\"26ea522\" data-element_type=\"container\" data-e-type=\"container\">\n\t\t\t\t<div class=\"elementor-element elementor-element-5b8453f elementor-invisible elementor-widget elementor-widget-heading\" data-id=\"5b8453f\" data-element_type=\"widget\" data-e-type=\"widget\" data-settings=\"{&quot;_animation&quot;:&quot;fadeInUp&quot;}\" data-widget_type=\"heading.default\">\n\t\t\t\t<div class=\"elementor-widget-container\">\n\t\t\t\t\t<h2 class=\"elementor-heading-title elementor-size-default\">Buses \u00e0 colle chaude durables compatibles avec Nordson\u00ae.\n<\/h2>\t\t\t\t<\/div>\n\t\t\t\t<\/div>\n\t\t\t\t<div class=\"elementor-element elementor-element-6848632 elementor-invisible elementor-widget elementor-widget-heading\" data-id=\"6848632\" data-element_type=\"widget\" data-e-type=\"widget\" data-settings=\"{&quot;_animation&quot;:&quot;fadeInUp&quot;}\" data-widget_type=\"heading.default\">\n\t\t\t\t<div class=\"elementor-widget-container\">\n\t\t\t\t\t<h2 class=\"elementor-heading-title elementor-size-default\">Buses compatibles avec Nordson\u00ae.\n<\/h2>\t\t\t\t<\/div>\n\t\t\t\t<\/div>\n\t\t\t\t<div class=\"elementor-element elementor-element-05c9442 color-scheme-inherit text-left elementor-widget elementor-widget-text-editor\" data-id=\"05c9442\" data-element_type=\"widget\" data-e-type=\"widget\" data-widget_type=\"text-editor.default\">\n\t\t\t\t<div class=\"elementor-widget-container\">\n\t\t\t\t\t\t\t\t\t<p data-start=\"142\" data-end=\"215\"><strong data-start=\"142\" data-end=\"215\">Notre alternative \u00e0 vos buses Nordson\u00ae existantes<\/strong><\/p><p data-start=\"217\" data-end=\"421\">D\u00e9couvrez nos filtres et buses - compatibles avec les syst\u00e8mes d&rsquo;application d&rsquo;adh\u00e9sifs Nordson\u00ae. Nos filtres et buses sont extr\u00eamement fiables gr\u00e2ce \u00e0 l&rsquo;utilisation d&rsquo;acier inoxydable pour un fonctionnement continu. <\/p><p>Cliquez ici pour voir nos <strong><a href=\"https:\/\/www.easyglue.de\/fr\/produkt-kategorie\/buses-a-colle-chaude-et-buses-a-colle-froide\/\" target=\"_blank\" rel=\"noopener\">Buses<\/a> <\/strong>et <a href=\"https:\/\/www.easyglue.de\/fr\/produkt-kategorie\/filtres-a-colle-chaude-et-filtres-a-colle-froide\/\"><strong>filtres<\/strong><\/a> compatibles avec Nordson\u00ae.<\/p><p>Comme pour tous nos produits, nos filtres et buses \u00e0 colle sont disponibles imm\u00e9diatement ou \u00e0 court terme et offrent une alternative performante \u00e0 Nordson\u00ae, sans aucun compromis sur la qualit\u00e9.<\/p>\t\t\t\t\t\t\t\t<\/div>\n\t\t\t\t<\/div>\n\t\t\t\t<\/div>\n\t\t\t\t\t<\/div>\n\t\t\t\t<\/div>\n\t\t<div class=\"wd-negative-gap elementor-element elementor-element-d4b370e wd-section-stretch e-flex e-con-boxed e-con e-parent\" data-id=\"d4b370e\" data-element_type=\"container\" data-e-type=\"container\" data-settings=\"{&quot;background_background&quot;:&quot;classic&quot;}\">\n\t\t\t\t\t<div class=\"e-con-inner\">\n\t\t<div class=\"elementor-element elementor-element-a7e8cbf e-con-full e-flex e-con e-child\" data-id=\"a7e8cbf\" data-element_type=\"container\" data-e-type=\"container\">\n\t\t\t\t<div class=\"elementor-element elementor-element-4f04227 elementor-widget elementor-widget-image\" data-id=\"4f04227\" data-element_type=\"widget\" data-e-type=\"widget\" data-widget_type=\"image.default\">\n\t\t\t\t<div class=\"elementor-widget-container\">\n\t\t\t\t\t\t\t\t\t\t\t\t\t\t\t<img loading=\"lazy\" decoding=\"async\" width=\"1199\" height=\"800\" src=\"https:\/\/www.easyglue.de\/wp-content\/uploads\/2025\/03\/CNC-Slideshow-1199x800.jpg\" class=\"attachment-large size-large wp-image-25376\" alt=\"Easyglue Compatible avec Nordson \u00ae, Robatech \u00ae, Meler \u00ae.\" srcset=\"https:\/\/www.easyglue.de\/wp-content\/uploads\/2025\/03\/CNC-Slideshow-1199x800.jpg 1199w, https:\/\/www.easyglue.de\/wp-content\/uploads\/2025\/03\/CNC-Slideshow-scaled-800x534.jpg 800w, https:\/\/www.easyglue.de\/wp-content\/uploads\/2025\/03\/CNC-Slideshow-400x267.jpg 400w, https:\/\/www.easyglue.de\/wp-content\/uploads\/2025\/03\/CNC-Slideshow-768x513.jpg 768w, https:\/\/www.easyglue.de\/wp-content\/uploads\/2025\/03\/CNC-Slideshow-1536x1025.jpg 1536w, https:\/\/www.easyglue.de\/wp-content\/uploads\/2025\/03\/CNC-Slideshow-2048x1367.jpg 2048w, https:\/\/www.easyglue.de\/wp-content\/uploads\/2025\/03\/CNC-Slideshow-18x12.jpg 18w, https:\/\/www.easyglue.de\/wp-content\/uploads\/2025\/03\/CNC-Slideshow-860x574.jpg 860w\" sizes=\"auto, (max-width: 1199px) 100vw, 1199px\" \/>\t\t\t\t\t\t\t\t\t\t\t\t\t\t\t<\/div>\n\t\t\t\t<\/div>\n\t\t\t\t<\/div>\n\t\t<div class=\"elementor-element elementor-element-aa420a7 e-con-full e-flex e-con e-child\" data-id=\"aa420a7\" data-element_type=\"container\" data-e-type=\"container\">\n\t\t\t\t<div class=\"elementor-element elementor-element-97b1ad8 elementor-invisible elementor-widget elementor-widget-heading\" data-id=\"97b1ad8\" data-element_type=\"widget\" data-e-type=\"widget\" data-settings=\"{&quot;_animation&quot;:&quot;fadeInUp&quot;}\" data-widget_type=\"heading.default\">\n\t\t\t\t<div class=\"elementor-widget-container\">\n\t\t\t\t\t<h2 class=\"elementor-heading-title elementor-size-default\">Filtre \u00e0 colle compatible avec Nordson\u00ae.\n<\/h2>\t\t\t\t<\/div>\n\t\t\t\t<\/div>\n\t\t\t\t<div class=\"elementor-element elementor-element-3170d43 elementor-invisible elementor-widget elementor-widget-heading\" data-id=\"3170d43\" data-element_type=\"widget\" data-e-type=\"widget\" data-settings=\"{&quot;_animation&quot;:&quot;fadeInUp&quot;}\" data-widget_type=\"heading.default\">\n\t\t\t\t<div class=\"elementor-widget-container\">\n\t\t\t\t\t<h2 class=\"elementor-heading-title elementor-size-default\">Filtres compatibles avec Nordson\u00ae.\n<\/h2>\t\t\t\t<\/div>\n\t\t\t\t<\/div>\n\t\t\t\t<div class=\"elementor-element elementor-element-59cc866 color-scheme-inherit text-left elementor-widget elementor-widget-text-editor\" data-id=\"59cc866\" data-element_type=\"widget\" data-e-type=\"widget\" data-widget_type=\"text-editor.default\">\n\t\t\t\t<div class=\"elementor-widget-container\">\n\t\t\t\t\t\t\t\t\t<p data-start=\"142\" data-end=\"215\"><strong data-start=\"142\" data-end=\"215\">Notre alternative \u00e0 vos filtres Nordson\u00ae existants<\/strong><\/p><p data-start=\"217\" data-end=\"421\">D\u00e9couvrez notre alternative \u00e0 vos filtres Nordson\u00ae existants - 100% compatible avec les raccords. Nos filtres sont extr\u00eamement fiables gr\u00e2ce \u00e0 l&rsquo;utilisation d&rsquo;acier inoxydable pour un fonctionnement continu. <\/p><p>Cliquez ici pour voir nos <strong><a href=\"https:\/\/www.easyglue.de\/fr\/produkt-kategorie\/buses-a-colle-chaude-et-buses-a-colle-froide\/\" target=\"_blank\" rel=\"noopener\">Buses<\/a> <\/strong>et <a href=\"https:\/\/www.easyglue.de\/fr\/produkt-kategorie\/filtres-a-colle-chaude-et-filtres-a-colle-froide\/\"><strong>filtres<\/strong><\/a> compatibles avec Nordson\u00ae.<\/p><p>Comme pour tous nos produits, nos filtres \u00e0 colle sont disponibles imm\u00e9diatement ou \u00e0 court terme, ils offrent une alternative performante \u00e0 Nordson\u00ae et ce, sans compromis sur la qualit\u00e9.<\/p>\t\t\t\t\t\t\t\t<\/div>\n\t\t\t\t<\/div>\n\t\t\t\t<\/div>\n\t\t\t\t\t<\/div>\n\t\t\t\t<\/div>\n\t\t\t\t<\/div>\n\t\t","protected":false},"excerpt":{"rendered":"<p>Pi\u00e8ces de rechange compatibles avec Nordson\u00ae. Grande disponibilit\u00e9 des pi\u00e8ces de rechange compatibles avec Nordson\u00ae. Pi\u00e8ces de rechange compatibles pour<\/p>\n","protected":false},"author":335,"featured_media":0,"parent":0,"menu_order":0,"comment_status":"closed","ping_status":"closed","template":"","meta":{"_acf_changed":false,"footnotes":""},"class_list":["post-25384","page","type-page","status-publish","hentry"],"acf":[],"_links":{"self":[{"href":"https:\/\/www.easyglue.de\/fr\/wp-json\/wp\/v2\/pages\/25384","targetHints":{"allow":["GET"]}}],"collection":[{"href":"https:\/\/www.easyglue.de\/fr\/wp-json\/wp\/v2\/pages"}],"about":[{"href":"https:\/\/www.easyglue.de\/fr\/wp-json\/wp\/v2\/types\/page"}],"author":[{"embeddable":true,"href":"https:\/\/www.easyglue.de\/fr\/wp-json\/wp\/v2\/users\/335"}],"replies":[{"embeddable":true,"href":"https:\/\/www.easyglue.de\/fr\/wp-json\/wp\/v2\/comments?post=25384"}],"version-history":[{"count":2,"href":"https:\/\/www.easyglue.de\/fr\/wp-json\/wp\/v2\/pages\/25384\/revisions"}],"predecessor-version":[{"id":29496,"href":"https:\/\/www.easyglue.de\/fr\/wp-json\/wp\/v2\/pages\/25384\/revisions\/29496"}],"wp:attachment":[{"href":"https:\/\/www.easyglue.de\/fr\/wp-json\/wp\/v2\/media?parent=25384"}],"curies":[{"name":"wp","href":"https:\/\/api.w.org\/{rel}","templated":true}]}}