{"id":25391,"date":"2025-01-22T14:12:23","date_gmt":"2025-01-22T14:12:23","guid":{"rendered":"https:\/\/www.easyglue.de\/modes-de-paiement\/"},"modified":"2025-11-14T09:59:00","modified_gmt":"2025-11-14T09:59:00","slug":"modes-de-paiement","status":"publish","type":"page","link":"https:\/\/www.easyglue.de\/fr\/modes-de-paiement\/","title":{"rendered":"Modes de paiement"},"content":{"rendered":"<div class=\"woocommerce woocommerce-gzd\">\n\t<ul class=\"payment_methods methods\">\n\t\t\t\t\t<li class=\"payment_method_bacs\">\n\t\t\t\t<label>Virement bancaire direct (paiement anticip\u00e9)<\/label>\n\t\t\t\t\t\t\t\t\t<div class=\"payment_box payment_method_bacs\">\n\t\t\t\t\t\t<p>Transf\u00e9rer le ch\u00e8que offert directement \u00e0 notre compte bancaire. Veuillez utiliser le num\u00e9ro de commande comme crit\u00e8re d'utilisation. Votre commande ne sera vers\u00e9e qu'apr\u00e8s avoir \u00e9t\u00e9 transf\u00e9r\u00e9e sur notre compte.    <\/p>\n\t\t\t\t\t<\/div>\n\t\t\t\t\t\t\t<\/li>\n\t\t\t\t\t<li class=\"payment_method_ppcp\">\n\t\t\t\t<label>PayPal<img decoding=\"async\" src=\"https:\/\/www.easyglue.de\/wp-content\/plugins\/pymntpl-paypal-woocommerce\/assets\/img\/paypal_logo.svg\" alt=\"PayPal\" \/><\/label>\n\t\t\t\t\t\t\t\t\t<div class=\"payment_box payment_method_ppcp\">\n\t\t\t\t\t\t<p><\/p>\n\t\t\t\t\t<\/div>\n\t\t\t\t\t\t\t<\/li>\n\t\t\t\t\t<li class=\"payment_method_ppcp_card\">\n\t\t\t\t<label>Carte de cr\u00e9dit\/d\u00e9bit<img decoding=\"async\" src=\"https:\/\/www.easyglue.de\/wp-content\/uploads\/2025\/10\/ppcp-card-icons.svg\" alt=\"Carte de cr\u00e9dit\/d\u00e9bit\" \/><\/label>\n\t\t\t\t\t\t\t\t\t<div class=\"payment_box payment_method_ppcp_card\">\n\t\t\t\t\t\t<p><\/p>\n\t\t\t\t\t<\/div>\n\t\t\t\t\t\t\t<\/li>\n\t\t\t<\/ul>\n<\/div>\n","protected":false},"excerpt":{"rendered":"","protected":false},"author":335,"featured_media":0,"parent":0,"menu_order":0,"comment_status":"closed","ping_status":"closed","template":"","meta":{"_acf_changed":false,"footnotes":""},"class_list":["post-25391","page","type-page","status-publish","hentry"],"acf":[],"_links":{"self":[{"href":"https:\/\/www.easyglue.de\/fr\/wp-json\/wp\/v2\/pages\/25391","targetHints":{"allow":["GET"]}}],"collection":[{"href":"https:\/\/www.easyglue.de\/fr\/wp-json\/wp\/v2\/pages"}],"about":[{"href":"https:\/\/www.easyglue.de\/fr\/wp-json\/wp\/v2\/types\/page"}],"author":[{"embeddable":true,"href":"https:\/\/www.easyglue.de\/fr\/wp-json\/wp\/v2\/users\/335"}],"replies":[{"embeddable":true,"href":"https:\/\/www.easyglue.de\/fr\/wp-json\/wp\/v2\/comments?post=25391"}],"version-history":[{"count":0,"href":"https:\/\/www.easyglue.de\/fr\/wp-json\/wp\/v2\/pages\/25391\/revisions"}],"wp:attachment":[{"href":"https:\/\/www.easyglue.de\/fr\/wp-json\/wp\/v2\/media?parent=25391"}],"curies":[{"name":"wp","href":"https:\/\/api.w.org\/{rel}","templated":true}]}}