{"id":25462,"date":"2024-10-31T04:58:21","date_gmt":"2024-10-31T04:58:21","guid":{"rendered":"https:\/\/www.easyglue.de\/fondeur-de-cuve-hmks5-ntc\/"},"modified":"2024-10-31T04:58:21","modified_gmt":"2024-10-31T04:58:21","slug":"fondeur-de-cuve-hmks5-ntc","status":"publish","type":"product","link":"https:\/\/www.easyglue.de\/fr\/fondeur-de-cuve-hmks5-ntc\/","title":{"rendered":"Fondeur de cuve HMKS5 NTC"},"content":{"rendered":"","protected":false},"excerpt":{"rendered":"<ul>\n<li>Compatible avec la s\u00e9rie Concept de Robatech\u00ae.<\/li>\n<li>Sonde NTC<\/li>\n<li>1x pompe \u00e0 piston<\/li>\n<li>Jusqu&rsquo;\u00e0 6 raccords de colle compos\u00e9s d&rsquo;un tuyau chauffant et d&rsquo;une t\u00eate d&rsquo;application de colle<\/li>\n<li>5 kg Capacit\u00e9 du r\u00e9servoir<\/li>\n<li>R\u00e9servoir antiadh\u00e9sif avec filtre, chauffage du r\u00e9servoir env. 800W<\/li>\n<li>Contr\u00f4le avec surveillance des canaux, mode abaiss\u00e9 (veille) et minuterie hebdomadaire programmable<\/li>\n<li>Indication de panne avec localisation<\/li>\n<li>Alimentation en tension pour 1 - 2 raccords de colle : 230V\/16A ou pour 3 - 6 raccords de colle : 3x400V\/16A<\/li>\n<li>Manuel d&rsquo;utilisation et sch\u00e9ma \u00e9lectrique en allemand inclus<\/li>\n<li>Temp\u00e9rature maximale de 200\u00b0C<\/li>\n<li>Contact inverseur sans potentiel pour la validation<\/li>\n<\/ul>\n","protected":false},"featured_media":18185,"comment_status":"open","ping_status":"closed","template":"","meta":{"_acf_changed":false},"kompatibel-zu":[349],"leimtyp":[346],"product_brand":[],"product_cat":[350],"product_tag":[],"class_list":{"0":"post-25462","1":"product","2":"type-product","3":"status-publish","4":"has-post-thumbnail","6":"kompatibel-zu-pieces-de-rechange-compatibles-robatech","7":"leimtyp-colle-chaude","8":"product_cat-approvisionnement-en-colle","10":"first","11":"instock","12":"taxable","13":"shipping-taxable","14":"product-type-variable"},"acf":[],"_links":{"self":[{"href":"https:\/\/www.easyglue.de\/fr\/wp-json\/wp\/v2\/product\/25462","targetHints":{"allow":["GET"]}}],"collection":[{"href":"https:\/\/www.easyglue.de\/fr\/wp-json\/wp\/v2\/product"}],"about":[{"href":"https:\/\/www.easyglue.de\/fr\/wp-json\/wp\/v2\/types\/product"}],"replies":[{"embeddable":true,"href":"https:\/\/www.easyglue.de\/fr\/wp-json\/wp\/v2\/comments?post=25462"}],"version-history":[{"count":0,"href":"https:\/\/www.easyglue.de\/fr\/wp-json\/wp\/v2\/product\/25462\/revisions"}],"wp:featuredmedia":[{"embeddable":true,"href":"https:\/\/www.easyglue.de\/fr\/wp-json\/wp\/v2\/media\/18185"}],"wp:attachment":[{"href":"https:\/\/www.easyglue.de\/fr\/wp-json\/wp\/v2\/media?parent=25462"}],"wp:term":[{"taxonomy":"kompatibel-zu","embeddable":true,"href":"https:\/\/www.easyglue.de\/fr\/wp-json\/wp\/v2\/kompatibel-zu?post=25462"},{"taxonomy":"leimtyp","embeddable":true,"href":"https:\/\/www.easyglue.de\/fr\/wp-json\/wp\/v2\/leimtyp?post=25462"},{"taxonomy":"product_brand","embeddable":true,"href":"https:\/\/www.easyglue.de\/fr\/wp-json\/wp\/v2\/product_brand?post=25462"},{"taxonomy":"product_cat","embeddable":true,"href":"https:\/\/www.easyglue.de\/fr\/wp-json\/wp\/v2\/product_cat?post=25462"},{"taxonomy":"product_tag","embeddable":true,"href":"https:\/\/www.easyglue.de\/fr\/wp-json\/wp\/v2\/product_tag?post=25462"}],"curies":[{"name":"wp","href":"https:\/\/api.w.org\/{rel}","templated":true}]}}