{"id":25525,"date":"2024-10-31T04:38:38","date_gmt":"2024-10-31T04:38:38","guid":{"rendered":"https:\/\/www.easyglue.de\/fondeur-de-cuve-hmgs6-ni120\/"},"modified":"2024-10-31T04:38:38","modified_gmt":"2024-10-31T04:38:38","slug":"fondeur-de-cuve-hmgs6-ni120","status":"publish","type":"product","link":"https:\/\/www.easyglue.de\/fr\/fondeur-de-cuve-hmgs6-ni120\/","title":{"rendered":"Fondeur de cuve HMGS6 Ni120"},"content":{"rendered":"","protected":false},"excerpt":{"rendered":"<ul>\n<li>Compatible avec Nordson\u00ae.<\/li>\n<li>Sonde Ni120<\/li>\n<li>Pompe \u00e0 engrenages avec moteur triphas\u00e9 \u00e0 fr\u00e9quence variable<\/li>\n<li>Jusqu&rsquo;\u00e0 2 raccords de colle<\/li>\n<li>6 kg Capacit\u00e9 du r\u00e9servoir<\/li>\n<li>R\u00e9servoir antiadh\u00e9sif avec filtre<\/li>\n<li>Soupape de surpression<\/li>\n<li>Contr\u00f4le de la temp\u00e9rature avec surveillance des canaux<\/li>\n<li>Abaissement de la temp\u00e9rature (veille)<\/li>\n<li>R\u00e9gulateur de temp\u00e9rature avec auto-optimisation de la temp\u00e9rature<\/li>\n<li>Indication de panne avec localisation<\/li>\n<li>Horloge hebdomadaire programmable<\/li>\n<li>Manuel d&rsquo;utilisation et sch\u00e9ma \u00e9lectrique en allemand inclus<\/li>\n<li>Temp\u00e9rature maximale de 200\u00b0C<\/li>\n<li>Contact inverseur sans potentiel pour la validation<\/li>\n<li>Autre r\u00e9f\u00e9rence : HMGS<\/li>\n<\/ul>\n","protected":false},"featured_media":18194,"comment_status":"open","ping_status":"closed","template":"","meta":{"_acf_changed":false},"kompatibel-zu":[351],"leimtyp":[346],"product_brand":[],"product_cat":[350],"product_tag":[],"class_list":{"0":"post-25525","1":"product","2":"type-product","3":"status-publish","4":"has-post-thumbnail","6":"kompatibel-zu-pieces-de-rechange-compatibles-nordson","7":"leimtyp-colle-chaude","8":"product_cat-approvisionnement-en-colle","10":"first","11":"instock","12":"taxable","13":"shipping-taxable","14":"product-type-variable"},"acf":[],"_links":{"self":[{"href":"https:\/\/www.easyglue.de\/fr\/wp-json\/wp\/v2\/product\/25525","targetHints":{"allow":["GET"]}}],"collection":[{"href":"https:\/\/www.easyglue.de\/fr\/wp-json\/wp\/v2\/product"}],"about":[{"href":"https:\/\/www.easyglue.de\/fr\/wp-json\/wp\/v2\/types\/product"}],"replies":[{"embeddable":true,"href":"https:\/\/www.easyglue.de\/fr\/wp-json\/wp\/v2\/comments?post=25525"}],"version-history":[{"count":0,"href":"https:\/\/www.easyglue.de\/fr\/wp-json\/wp\/v2\/product\/25525\/revisions"}],"wp:featuredmedia":[{"embeddable":true,"href":"https:\/\/www.easyglue.de\/fr\/wp-json\/wp\/v2\/media\/18194"}],"wp:attachment":[{"href":"https:\/\/www.easyglue.de\/fr\/wp-json\/wp\/v2\/media?parent=25525"}],"wp:term":[{"taxonomy":"kompatibel-zu","embeddable":true,"href":"https:\/\/www.easyglue.de\/fr\/wp-json\/wp\/v2\/kompatibel-zu?post=25525"},{"taxonomy":"leimtyp","embeddable":true,"href":"https:\/\/www.easyglue.de\/fr\/wp-json\/wp\/v2\/leimtyp?post=25525"},{"taxonomy":"product_brand","embeddable":true,"href":"https:\/\/www.easyglue.de\/fr\/wp-json\/wp\/v2\/product_brand?post=25525"},{"taxonomy":"product_cat","embeddable":true,"href":"https:\/\/www.easyglue.de\/fr\/wp-json\/wp\/v2\/product_cat?post=25525"},{"taxonomy":"product_tag","embeddable":true,"href":"https:\/\/www.easyglue.de\/fr\/wp-json\/wp\/v2\/product_tag?post=25525"}],"curies":[{"name":"wp","href":"https:\/\/api.w.org\/{rel}","templated":true}]}}