{"id":25531,"date":"2024-10-31T04:36:10","date_gmt":"2024-10-31T04:36:10","guid":{"rendered":"https:\/\/www.easyglue.de\/pompe-a-membrane-unite-dalimentation-1-2-avec-filtre-regulation-automatique-de-la-pression-de-la-colle\/"},"modified":"2024-10-31T04:36:10","modified_gmt":"2024-10-31T04:36:10","slug":"pompe-a-membrane-unite-dalimentation-1-2-avec-filtre-regulation-automatique-de-la-pression-de-la-colle","status":"publish","type":"product","link":"https:\/\/www.easyglue.de\/fr\/pompe-a-membrane-unite-dalimentation-1-2-avec-filtre-regulation-automatique-de-la-pression-de-la-colle\/","title":{"rendered":"Pompe \u00e0 membrane Unit\u00e9 d&rsquo;alimentation 1\/2&Prime; avec filtre &amp; r\u00e9gulation automatique de la pression de la colle"},"content":{"rendered":"","protected":false},"excerpt":{"rendered":"<ul>\n<li>Rapport de transmission 1:1<\/li>\n<li>Raccord \u00e0 colle (entr\u00e9e\/sortie) : 1\/2&Prime; femelle<\/li>\n<li>Max. 30 l\/min <\/li>\n<li>R\u00e9gulateur pneumatique de pression produit<\/li>\n<li>Filtre en acier inoxydable<\/li>\n<li>Mont\u00e9 sur un couvercle avec poign\u00e9es et tube d&rsquo;aspiration<\/li>\n<li>Compatible avec Baumerhhs\u00ae\/hhs\u00ae, Nordson\u00ae, Robatech\u00ae, B\u00fchnen\u00ae, Puffe\u00ae, Meler\u00ae, ITW Dynatec\u00ae\/Inatec\u00ae, ValcoMelton\u00ae.<\/li>\n<li>Num\u00e9ro de r\u00e9f\u00e9rence : 15911100<\/li>\n<li>Type de colle : colle froide<\/li>\n<\/ul>\n<div class=\"attributes-row\">\n<div><\/div>\n<\/div>\n","protected":false},"featured_media":18171,"comment_status":"open","ping_status":"closed","template":"","meta":{"_acf_changed":false},"kompatibel-zu":[345,349,351,352,353,354],"leimtyp":[347],"product_brand":[],"product_cat":[350],"product_tag":[],"class_list":{"0":"post-25531","1":"product","2":"type-product","3":"status-publish","4":"has-post-thumbnail","6":"kompatibel-zu-pieces-de-rechange-compatibles-baumer-hhs-hhs","7":"kompatibel-zu-pieces-de-rechange-compatibles-robatech","8":"kompatibel-zu-pieces-de-rechange-compatibles-nordson","9":"kompatibel-zu-pieces-de-rechange-compatibles-meler","10":"kompatibel-zu-pieces-de-rechange-compatibles-itw-dynatec","11":"kompatibel-zu-pieces-de-rechange-compatibles-valco-melton","12":"leimtyp-colle-froide","13":"product_cat-approvisionnement-en-colle","15":"first","16":"instock","17":"taxable","18":"shipping-taxable","19":"product-type-simple"},"acf":[],"_links":{"self":[{"href":"https:\/\/www.easyglue.de\/fr\/wp-json\/wp\/v2\/product\/25531","targetHints":{"allow":["GET"]}}],"collection":[{"href":"https:\/\/www.easyglue.de\/fr\/wp-json\/wp\/v2\/product"}],"about":[{"href":"https:\/\/www.easyglue.de\/fr\/wp-json\/wp\/v2\/types\/product"}],"replies":[{"embeddable":true,"href":"https:\/\/www.easyglue.de\/fr\/wp-json\/wp\/v2\/comments?post=25531"}],"version-history":[{"count":0,"href":"https:\/\/www.easyglue.de\/fr\/wp-json\/wp\/v2\/product\/25531\/revisions"}],"wp:featuredmedia":[{"embeddable":true,"href":"https:\/\/www.easyglue.de\/fr\/wp-json\/wp\/v2\/media\/18171"}],"wp:attachment":[{"href":"https:\/\/www.easyglue.de\/fr\/wp-json\/wp\/v2\/media?parent=25531"}],"wp:term":[{"taxonomy":"kompatibel-zu","embeddable":true,"href":"https:\/\/www.easyglue.de\/fr\/wp-json\/wp\/v2\/kompatibel-zu?post=25531"},{"taxonomy":"leimtyp","embeddable":true,"href":"https:\/\/www.easyglue.de\/fr\/wp-json\/wp\/v2\/leimtyp?post=25531"},{"taxonomy":"product_brand","embeddable":true,"href":"https:\/\/www.easyglue.de\/fr\/wp-json\/wp\/v2\/product_brand?post=25531"},{"taxonomy":"product_cat","embeddable":true,"href":"https:\/\/www.easyglue.de\/fr\/wp-json\/wp\/v2\/product_cat?post=25531"},{"taxonomy":"product_tag","embeddable":true,"href":"https:\/\/www.easyglue.de\/fr\/wp-json\/wp\/v2\/product_tag?post=25531"}],"curies":[{"name":"wp","href":"https:\/\/api.w.org\/{rel}","templated":true}]}}