{"id":25716,"date":"2024-11-09T19:18:49","date_gmt":"2024-11-09T19:18:49","guid":{"rendered":"https:\/\/www.easyglue.de\/filtre-satu-45\/"},"modified":"2025-11-17T13:08:23","modified_gmt":"2025-11-17T13:08:23","slug":"filtre-satu-45","status":"publish","type":"product","link":"https:\/\/www.easyglue.de\/fr\/filtre-satu-45\/","title":{"rendered":"Filtres compatibles avec Nordson\u00ae Saturn\u00ae - 45"},"content":{"rendered":"<div class=\"attributes-row\">\n<ul>\n<li class=\"attributes-label\">\n<div class=\"attributes-row\">\n<div class=\"attributes-label\">Num\u00e9ros de r\u00e9f\u00e9rence : 1007233 ; 1007234 ; 1007235 ; 959xx053 ; 26000016 ; 959xx054 ; 26000017 ; 169893 ; 50.CF1008.100 ; 959xx055 ; 26000018 ; 169894 ; 50.CF1009.100<\/div>\n<\/div>\n<\/li>\n<\/ul>\n<\/div>\n","protected":false},"excerpt":{"rendered":"<ul>\n<li>Compatible avec Nordson\u00ae et Meler<\/li>\n<li>Filetage des deux c\u00f4t\u00e9s 9\/16 \u00ab\u00a0.<\/li>\n<li>Autre r\u00e9f\u00e9rence : Saturn<\/li>\n<\/ul>\n<p>Remarque : les vis du filtre doivent \u00eatre command\u00e9es s\u00e9par\u00e9ment.<\/p>\n","protected":false},"featured_media":25717,"comment_status":"open","ping_status":"closed","template":"","meta":{"_acf_changed":false},"kompatibel-zu":[351,352],"leimtyp":[346],"product_brand":[],"product_cat":[362],"product_tag":[],"class_list":{"0":"post-25716","1":"product","2":"type-product","3":"status-publish","4":"has-post-thumbnail","6":"kompatibel-zu-pieces-de-rechange-compatibles-nordson","7":"kompatibel-zu-pieces-de-rechange-compatibles-meler","8":"leimtyp-colle-chaude","9":"product_cat-filtres-a-colle-chaude-et-filtres-a-colle-froide","11":"first","12":"instock","13":"taxable","14":"shipping-taxable","15":"product-type-simple"},"acf":[],"_links":{"self":[{"href":"https:\/\/www.easyglue.de\/fr\/wp-json\/wp\/v2\/product\/25716","targetHints":{"allow":["GET"]}}],"collection":[{"href":"https:\/\/www.easyglue.de\/fr\/wp-json\/wp\/v2\/product"}],"about":[{"href":"https:\/\/www.easyglue.de\/fr\/wp-json\/wp\/v2\/types\/product"}],"replies":[{"embeddable":true,"href":"https:\/\/www.easyglue.de\/fr\/wp-json\/wp\/v2\/comments?post=25716"}],"version-history":[{"count":0,"href":"https:\/\/www.easyglue.de\/fr\/wp-json\/wp\/v2\/product\/25716\/revisions"}],"wp:featuredmedia":[{"embeddable":true,"href":"https:\/\/www.easyglue.de\/fr\/wp-json\/wp\/v2\/media\/25717"}],"wp:attachment":[{"href":"https:\/\/www.easyglue.de\/fr\/wp-json\/wp\/v2\/media?parent=25716"}],"wp:term":[{"taxonomy":"kompatibel-zu","embeddable":true,"href":"https:\/\/www.easyglue.de\/fr\/wp-json\/wp\/v2\/kompatibel-zu?post=25716"},{"taxonomy":"leimtyp","embeddable":true,"href":"https:\/\/www.easyglue.de\/fr\/wp-json\/wp\/v2\/leimtyp?post=25716"},{"taxonomy":"product_brand","embeddable":true,"href":"https:\/\/www.easyglue.de\/fr\/wp-json\/wp\/v2\/product_brand?post=25716"},{"taxonomy":"product_cat","embeddable":true,"href":"https:\/\/www.easyglue.de\/fr\/wp-json\/wp\/v2\/product_cat?post=25716"},{"taxonomy":"product_tag","embeddable":true,"href":"https:\/\/www.easyglue.de\/fr\/wp-json\/wp\/v2\/product_tag?post=25716"}],"curies":[{"name":"wp","href":"https:\/\/api.w.org\/{rel}","templated":true}]}}