{"id":25718,"date":"2024-11-09T19:18:49","date_gmt":"2024-11-09T19:18:49","guid":{"rendered":"https:\/\/www.easyglue.de\/filtre-satu-90\/"},"modified":"2025-12-14T19:17:49","modified_gmt":"2025-12-14T19:17:49","slug":"filtre-satu-90","status":"publish","type":"product","link":"https:\/\/www.easyglue.de\/fr\/filtre-satu-90\/","title":{"rendered":"Alternative de filtre en ligne Nordson\u00ae Saturn\u00ae - 90"},"content":{"rendered":"<div class=\"attributes-row\">\n<p>Notre alternative au filtre Nordson\u00ae Saturn\u00ae en ligne\/en ligne s&rsquo;int\u00e8gre parfaitement dans votre syst\u00e8me Nordson\u00ae existant. Vous pouvez donc remplacer votre filtre existant par notre alternative. Le d\u00e9lai de livraison est \u00e9galement minime en raison de notre stock important et de notre grande profondeur de fabrication. Le filtre proprement dit n&rsquo;est pas inclus dans la livraison. Celui-ci est disponible s\u00e9par\u00e9ment chez Easyglue en diff\u00e9rentes tailles de mailles (50\/100\/200) sous le num\u00e9ro d&rsquo;article EG106100115. Si vous avez des questions sur nos produits, n&rsquo;h\u00e9sitez pas \u00e0 nous contacter !     <\/p>\n<ul>\n<li class=\"attributes-label\">Num\u00e9ros de r\u00e9f\u00e9rence : 1007230 ; 1007231 ; 1007233 ; 959xx058 ; 26000019 ; 959xx057 ; 26000020 ; 169891 ; 50.CF1011.100 ; 959xx056 ; 26000021 ; 169892 ; 50.CF1012.100<\/li>\n<\/ul>\n<\/div>\n","protected":false},"excerpt":{"rendered":"<ul>\n<li>Compatible avec Nordson\u00ae et Meler<\/li>\n<li>Filetage des deux c\u00f4t\u00e9s 9\/16 \u00ab\u00a0.<\/li>\n<li>Autre r\u00e9f\u00e9rence : Saturn, Inline Filter, In-line Filter<\/li>\n<\/ul>\n<p>Remarque : les vis du filtre doivent \u00eatre command\u00e9es s\u00e9par\u00e9ment et se trouvent sous la r\u00e9f\u00e9rence EG106100115.<\/p>\n","protected":false},"featured_media":25719,"comment_status":"open","ping_status":"closed","template":"","meta":{"_acf_changed":false},"kompatibel-zu":[351,352],"leimtyp":[346],"product_brand":[],"product_cat":[362],"product_tag":[],"class_list":{"0":"post-25718","1":"product","2":"type-product","3":"status-publish","4":"has-post-thumbnail","6":"kompatibel-zu-pieces-de-rechange-compatibles-nordson","7":"kompatibel-zu-pieces-de-rechange-compatibles-meler","8":"leimtyp-colle-chaude","9":"product_cat-filtres-a-colle-chaude-et-filtres-a-colle-froide","11":"first","12":"instock","13":"taxable","14":"shipping-taxable","15":"product-type-simple"},"acf":[],"_links":{"self":[{"href":"https:\/\/www.easyglue.de\/fr\/wp-json\/wp\/v2\/product\/25718","targetHints":{"allow":["GET"]}}],"collection":[{"href":"https:\/\/www.easyglue.de\/fr\/wp-json\/wp\/v2\/product"}],"about":[{"href":"https:\/\/www.easyglue.de\/fr\/wp-json\/wp\/v2\/types\/product"}],"replies":[{"embeddable":true,"href":"https:\/\/www.easyglue.de\/fr\/wp-json\/wp\/v2\/comments?post=25718"}],"version-history":[{"count":0,"href":"https:\/\/www.easyglue.de\/fr\/wp-json\/wp\/v2\/product\/25718\/revisions"}],"wp:featuredmedia":[{"embeddable":true,"href":"https:\/\/www.easyglue.de\/fr\/wp-json\/wp\/v2\/media\/25719"}],"wp:attachment":[{"href":"https:\/\/www.easyglue.de\/fr\/wp-json\/wp\/v2\/media?parent=25718"}],"wp:term":[{"taxonomy":"kompatibel-zu","embeddable":true,"href":"https:\/\/www.easyglue.de\/fr\/wp-json\/wp\/v2\/kompatibel-zu?post=25718"},{"taxonomy":"leimtyp","embeddable":true,"href":"https:\/\/www.easyglue.de\/fr\/wp-json\/wp\/v2\/leimtyp?post=25718"},{"taxonomy":"product_brand","embeddable":true,"href":"https:\/\/www.easyglue.de\/fr\/wp-json\/wp\/v2\/product_brand?post=25718"},{"taxonomy":"product_cat","embeddable":true,"href":"https:\/\/www.easyglue.de\/fr\/wp-json\/wp\/v2\/product_cat?post=25718"},{"taxonomy":"product_tag","embeddable":true,"href":"https:\/\/www.easyglue.de\/fr\/wp-json\/wp\/v2\/product_tag?post=25718"}],"curies":[{"name":"wp","href":"https:\/\/api.w.org\/{rel}","templated":true}]}}