{"id":25720,"date":"2024-11-09T19:18:49","date_gmt":"2024-11-09T19:18:49","guid":{"rendered":"https:\/\/www.easyglue.de\/filtre-en-ligne-45\/"},"modified":"2025-11-17T10:17:10","modified_gmt":"2025-11-17T10:17:10","slug":"filtre-en-ligne-45","status":"publish","type":"product","link":"https:\/\/www.easyglue.de\/fr\/filtre-en-ligne-45\/","title":{"rendered":"Filtres en ligne compatibles avec Nordson\u00ae - 45"},"content":{"rendered":"<div class=\"attributes-row\">\n<ul>\n<li class=\"attributes-label\">Num\u00e9ros de r\u00e9f\u00e9rence : 274989 ; 274990 ; 274991 ; 959xx012 ; D0012 ; CF6064 ; 50.06064.100 ; 959xx013 ; D0013 ; 26000004 ; CF6062 ; 50.06062.100 ; 959xx011 ; D0011 ; CF6061 ; 50.06061.100<\/li>\n<\/ul>\n<\/div>\n","protected":false},"excerpt":{"rendered":"<ul>\n<li>Compatible avec Nordson\u00ae.<\/li>\n<li>Filetage lat\u00e9ral 9\/16 \u00ab\u00a0.<\/li>\n<li>D&rsquo;autres r\u00e9f\u00e9rences sont disponibles : En ligne, En ligne<\/li>\n<\/ul>\n<p>Remarque : les cartouches filtrantes doivent \u00eatre command\u00e9es s\u00e9par\u00e9ment.<\/p>\n","protected":false},"featured_media":25722,"comment_status":"open","ping_status":"closed","template":"","meta":{"_acf_changed":false},"kompatibel-zu":[351],"leimtyp":[346],"product_brand":[],"product_cat":[362],"product_tag":[],"class_list":{"0":"post-25720","1":"product","2":"type-product","3":"status-publish","4":"has-post-thumbnail","6":"kompatibel-zu-pieces-de-rechange-compatibles-nordson","7":"leimtyp-colle-chaude","8":"product_cat-filtres-a-colle-chaude-et-filtres-a-colle-froide","10":"first","11":"instock","12":"taxable","13":"shipping-taxable","14":"product-type-simple"},"acf":[],"_links":{"self":[{"href":"https:\/\/www.easyglue.de\/fr\/wp-json\/wp\/v2\/product\/25720","targetHints":{"allow":["GET"]}}],"collection":[{"href":"https:\/\/www.easyglue.de\/fr\/wp-json\/wp\/v2\/product"}],"about":[{"href":"https:\/\/www.easyglue.de\/fr\/wp-json\/wp\/v2\/types\/product"}],"replies":[{"embeddable":true,"href":"https:\/\/www.easyglue.de\/fr\/wp-json\/wp\/v2\/comments?post=25720"}],"version-history":[{"count":0,"href":"https:\/\/www.easyglue.de\/fr\/wp-json\/wp\/v2\/product\/25720\/revisions"}],"wp:featuredmedia":[{"embeddable":true,"href":"https:\/\/www.easyglue.de\/fr\/wp-json\/wp\/v2\/media\/25722"}],"wp:attachment":[{"href":"https:\/\/www.easyglue.de\/fr\/wp-json\/wp\/v2\/media?parent=25720"}],"wp:term":[{"taxonomy":"kompatibel-zu","embeddable":true,"href":"https:\/\/www.easyglue.de\/fr\/wp-json\/wp\/v2\/kompatibel-zu?post=25720"},{"taxonomy":"leimtyp","embeddable":true,"href":"https:\/\/www.easyglue.de\/fr\/wp-json\/wp\/v2\/leimtyp?post=25720"},{"taxonomy":"product_brand","embeddable":true,"href":"https:\/\/www.easyglue.de\/fr\/wp-json\/wp\/v2\/product_brand?post=25720"},{"taxonomy":"product_cat","embeddable":true,"href":"https:\/\/www.easyglue.de\/fr\/wp-json\/wp\/v2\/product_cat?post=25720"},{"taxonomy":"product_tag","embeddable":true,"href":"https:\/\/www.easyglue.de\/fr\/wp-json\/wp\/v2\/product_tag?post=25720"}],"curies":[{"name":"wp","href":"https:\/\/api.w.org\/{rel}","templated":true}]}}