{"id":25721,"date":"2024-11-09T19:18:49","date_gmt":"2024-11-09T19:18:49","guid":{"rendered":"https:\/\/www.easyglue.de\/filtre-satu-droit\/"},"modified":"2026-02-12T06:51:28","modified_gmt":"2026-02-12T06:51:28","slug":"nordson-saturn-filter-gerade-alternative","status":"publish","type":"product","link":"https:\/\/www.easyglue.de\/fr\/nordson-saturn-filter-gerade-alternative\/","title":{"rendered":"Alternative au filtre Nordson\u00ae Saturn\u00ae - droit"},"content":{"rendered":"<ul>\n<li>Num\u00e9ros de r\u00e9f\u00e9rence : 1007033 ; 1007034 ; 1007035 ; 959xx052 ; 26000013 ; 959xx051 ; 26000014 ; 169895 ; 50.CF1005.100 ; 959xx050 ; 26000015 ; 169896 ; 50.CF1006.100<\/li>\n<\/ul>\n","protected":false},"excerpt":{"rendered":"<ul>\n<li>Compatible avec Nordson\u00ae et Meler<\/li>\n<li>Filetage des deux c\u00f4t\u00e9s 9\/16<\/li>\n<li>Autre r\u00e9f\u00e9rence : Nordson\u00ae Saturn<\/li>\n<\/ul>\n<p>Remarque : Les vis de filtre pour l&rsquo;alternative de filtre Nordson\u00ae Saturn\u00ae doivent \u00eatre command\u00e9es s\u00e9par\u00e9ment. Vous pouvez les trouver sous la r\u00e9f\u00e9rence EG106100115.<br \/>\nLes vis de filtre peuvent \u00e9galement \u00eatre mont\u00e9es sur votre filtre en ligne Nordson\u00ae original. <\/p>\n","protected":false},"featured_media":25723,"comment_status":"open","ping_status":"closed","template":"","meta":{"_acf_changed":false},"kompatibel-zu":[351,352],"leimtyp":[346],"product_brand":[],"product_cat":[362],"product_tag":[],"class_list":{"0":"post-25721","1":"product","2":"type-product","3":"status-publish","4":"has-post-thumbnail","6":"kompatibel-zu-pieces-de-rechange-compatibles-nordson","7":"kompatibel-zu-pieces-de-rechange-compatibles-meler","8":"leimtyp-colle-chaude","9":"product_cat-filtres-a-colle-chaude-et-filtres-a-colle-froide","11":"first","12":"instock","13":"taxable","14":"shipping-taxable","15":"product-type-simple"},"acf":[],"_links":{"self":[{"href":"https:\/\/www.easyglue.de\/fr\/wp-json\/wp\/v2\/product\/25721","targetHints":{"allow":["GET"]}}],"collection":[{"href":"https:\/\/www.easyglue.de\/fr\/wp-json\/wp\/v2\/product"}],"about":[{"href":"https:\/\/www.easyglue.de\/fr\/wp-json\/wp\/v2\/types\/product"}],"replies":[{"embeddable":true,"href":"https:\/\/www.easyglue.de\/fr\/wp-json\/wp\/v2\/comments?post=25721"}],"version-history":[{"count":0,"href":"https:\/\/www.easyglue.de\/fr\/wp-json\/wp\/v2\/product\/25721\/revisions"}],"wp:featuredmedia":[{"embeddable":true,"href":"https:\/\/www.easyglue.de\/fr\/wp-json\/wp\/v2\/media\/25723"}],"wp:attachment":[{"href":"https:\/\/www.easyglue.de\/fr\/wp-json\/wp\/v2\/media?parent=25721"}],"wp:term":[{"taxonomy":"kompatibel-zu","embeddable":true,"href":"https:\/\/www.easyglue.de\/fr\/wp-json\/wp\/v2\/kompatibel-zu?post=25721"},{"taxonomy":"leimtyp","embeddable":true,"href":"https:\/\/www.easyglue.de\/fr\/wp-json\/wp\/v2\/leimtyp?post=25721"},{"taxonomy":"product_brand","embeddable":true,"href":"https:\/\/www.easyglue.de\/fr\/wp-json\/wp\/v2\/product_brand?post=25721"},{"taxonomy":"product_cat","embeddable":true,"href":"https:\/\/www.easyglue.de\/fr\/wp-json\/wp\/v2\/product_cat?post=25721"},{"taxonomy":"product_tag","embeddable":true,"href":"https:\/\/www.easyglue.de\/fr\/wp-json\/wp\/v2\/product_tag?post=25721"}],"curies":[{"name":"wp","href":"https:\/\/api.w.org\/{rel}","templated":true}]}}