{"id":25724,"date":"2024-11-09T19:18:49","date_gmt":"2024-11-09T19:18:49","guid":{"rendered":"https:\/\/www.easyglue.de\/filtre-en-ligne-droit\/"},"modified":"2025-11-17T10:16:26","modified_gmt":"2025-11-17T10:16:26","slug":"filtre-en-ligne-droit","status":"publish","type":"product","link":"https:\/\/www.easyglue.de\/fr\/filtre-en-ligne-droit\/","title":{"rendered":"Filtres en ligne compatibles avec Nordson\u00ae - droit"},"content":{"rendered":"<div class=\"attributes-row\">\n<ul>\n<li class=\"attributes-label\">Num\u00e9ros de r\u00e9f\u00e9rence : 274290 ; 274291 ; 274292 ; 959xx032 ; D0032 ; CF6024 ; 50.06024.100 ; 959xx033 ; D0033 ; 26000000 ; CF6022 ; 50.06022.100 ; 959xx031 ; D0031 ; CF6021 ; 50.06021.100<\/li>\n<\/ul>\n<\/div>\n","protected":false},"excerpt":{"rendered":"<ul>\n<li>Compatible avec Nordson\u00ae.<\/li>\n<li>Filetage des deux c\u00f4t\u00e9s 9\/16 \u00ab\u00a0.<\/li>\n<li>\n<div class=\"attributes-row\">\n<div class=\"attributes-label\">D&rsquo;autres r\u00e9f\u00e9rences sont disponibles : En ligne, En ligne<\/div>\n<\/div>\n<\/li>\n<li>Type de colle : colle chaude<\/li>\n<\/ul>\n<p>Remarque : les cartouches filtrantes doivent \u00eatre command\u00e9es s\u00e9par\u00e9ment.<\/p>\n","protected":false},"featured_media":25725,"comment_status":"open","ping_status":"closed","template":"","meta":{"_acf_changed":false},"kompatibel-zu":[351],"leimtyp":[346],"product_brand":[],"product_cat":[362],"product_tag":[],"class_list":{"0":"post-25724","1":"product","2":"type-product","3":"status-publish","4":"has-post-thumbnail","6":"kompatibel-zu-pieces-de-rechange-compatibles-nordson","7":"leimtyp-colle-chaude","8":"product_cat-filtres-a-colle-chaude-et-filtres-a-colle-froide","10":"first","11":"instock","12":"taxable","13":"shipping-taxable","14":"product-type-simple"},"acf":[],"_links":{"self":[{"href":"https:\/\/www.easyglue.de\/fr\/wp-json\/wp\/v2\/product\/25724","targetHints":{"allow":["GET"]}}],"collection":[{"href":"https:\/\/www.easyglue.de\/fr\/wp-json\/wp\/v2\/product"}],"about":[{"href":"https:\/\/www.easyglue.de\/fr\/wp-json\/wp\/v2\/types\/product"}],"replies":[{"embeddable":true,"href":"https:\/\/www.easyglue.de\/fr\/wp-json\/wp\/v2\/comments?post=25724"}],"version-history":[{"count":0,"href":"https:\/\/www.easyglue.de\/fr\/wp-json\/wp\/v2\/product\/25724\/revisions"}],"wp:featuredmedia":[{"embeddable":true,"href":"https:\/\/www.easyglue.de\/fr\/wp-json\/wp\/v2\/media\/25725"}],"wp:attachment":[{"href":"https:\/\/www.easyglue.de\/fr\/wp-json\/wp\/v2\/media?parent=25724"}],"wp:term":[{"taxonomy":"kompatibel-zu","embeddable":true,"href":"https:\/\/www.easyglue.de\/fr\/wp-json\/wp\/v2\/kompatibel-zu?post=25724"},{"taxonomy":"leimtyp","embeddable":true,"href":"https:\/\/www.easyglue.de\/fr\/wp-json\/wp\/v2\/leimtyp?post=25724"},{"taxonomy":"product_brand","embeddable":true,"href":"https:\/\/www.easyglue.de\/fr\/wp-json\/wp\/v2\/product_brand?post=25724"},{"taxonomy":"product_cat","embeddable":true,"href":"https:\/\/www.easyglue.de\/fr\/wp-json\/wp\/v2\/product_cat?post=25724"},{"taxonomy":"product_tag","embeddable":true,"href":"https:\/\/www.easyglue.de\/fr\/wp-json\/wp\/v2\/product_tag?post=25724"}],"curies":[{"name":"wp","href":"https:\/\/api.w.org\/{rel}","templated":true}]}}