{"id":25737,"date":"2024-11-09T19:18:48","date_gmt":"2024-11-09T19:18:48","guid":{"rendered":"https:\/\/www.easyglue.de\/filtre-de-cuve-element-de-tamisage-2300-3000\/"},"modified":"2025-11-17T13:16:41","modified_gmt":"2025-11-17T13:16:41","slug":"filtre-de-cuve-element-de-tamisage-2300-3000","status":"publish","type":"product","link":"https:\/\/www.easyglue.de\/fr\/filtre-de-cuve-element-de-tamisage-2300-3000\/","title":{"rendered":"Filtre de r\u00e9servoir Tamis compatible avec Nordson\u00ae 2300\/3000"},"content":{"rendered":"","protected":false},"excerpt":{"rendered":"<ul>\n<li>Compatible avec Nordson\u00ae.<\/li>\n<li>Maille de 100 mesh<\/li>\n<li>Num\u00e9ros de r\u00e9f\u00e9rence : 274578 ; 105434 ; 917xx079 ; 06T2306 ; CF1002<\/li>\n<li>\n<div class=\"attributes-row\">\n<div class=\"attributes-label\">Autres r\u00e9f\u00e9rences : Mesa ; Vista ; 2300 ; 3000 ; Melton C<\/div>\n<\/div>\n<\/li>\n<\/ul>\n<div class=\"attributes-row\"><\/div>\n<div><\/div>\n","protected":false},"featured_media":25738,"comment_status":"open","ping_status":"closed","template":"","meta":{"_acf_changed":false},"kompatibel-zu":[351],"leimtyp":[346],"product_brand":[],"product_cat":[362],"product_tag":[],"class_list":{"0":"post-25737","1":"product","2":"type-product","3":"status-publish","4":"has-post-thumbnail","6":"kompatibel-zu-pieces-de-rechange-compatibles-nordson","7":"leimtyp-colle-chaude","8":"product_cat-filtres-a-colle-chaude-et-filtres-a-colle-froide","10":"first","11":"instock","12":"taxable","13":"shipping-taxable","14":"product-type-simple"},"acf":[],"_links":{"self":[{"href":"https:\/\/www.easyglue.de\/fr\/wp-json\/wp\/v2\/product\/25737","targetHints":{"allow":["GET"]}}],"collection":[{"href":"https:\/\/www.easyglue.de\/fr\/wp-json\/wp\/v2\/product"}],"about":[{"href":"https:\/\/www.easyglue.de\/fr\/wp-json\/wp\/v2\/types\/product"}],"replies":[{"embeddable":true,"href":"https:\/\/www.easyglue.de\/fr\/wp-json\/wp\/v2\/comments?post=25737"}],"version-history":[{"count":0,"href":"https:\/\/www.easyglue.de\/fr\/wp-json\/wp\/v2\/product\/25737\/revisions"}],"wp:featuredmedia":[{"embeddable":true,"href":"https:\/\/www.easyglue.de\/fr\/wp-json\/wp\/v2\/media\/25738"}],"wp:attachment":[{"href":"https:\/\/www.easyglue.de\/fr\/wp-json\/wp\/v2\/media?parent=25737"}],"wp:term":[{"taxonomy":"kompatibel-zu","embeddable":true,"href":"https:\/\/www.easyglue.de\/fr\/wp-json\/wp\/v2\/kompatibel-zu?post=25737"},{"taxonomy":"leimtyp","embeddable":true,"href":"https:\/\/www.easyglue.de\/fr\/wp-json\/wp\/v2\/leimtyp?post=25737"},{"taxonomy":"product_brand","embeddable":true,"href":"https:\/\/www.easyglue.de\/fr\/wp-json\/wp\/v2\/product_brand?post=25737"},{"taxonomy":"product_cat","embeddable":true,"href":"https:\/\/www.easyglue.de\/fr\/wp-json\/wp\/v2\/product_cat?post=25737"},{"taxonomy":"product_tag","embeddable":true,"href":"https:\/\/www.easyglue.de\/fr\/wp-json\/wp\/v2\/product_tag?post=25737"}],"curies":[{"name":"wp","href":"https:\/\/api.w.org\/{rel}","templated":true}]}}