{"id":25840,"date":"2024-11-09T19:18:45","date_gmt":"2024-11-09T19:18:45","guid":{"rendered":"https:\/\/www.easyglue.de\/joint-torique-15x1\/"},"modified":"2024-11-09T19:18:45","modified_gmt":"2024-11-09T19:18:45","slug":"joint-torique-15x1","status":"publish","type":"product","link":"https:\/\/www.easyglue.de\/fr\/joint-torique-15x1\/","title":{"rendered":"Joint torique 15&#215;1"},"content":{"rendered":"","protected":false},"excerpt":{"rendered":"<ul>\n<li>Illustration \u00e0 titre d&rsquo;exemple<\/li>\n<li>Mat\u00e9riau : Viton<\/li>\n<li>Diam\u00e8tre int\u00e9rieur : 15 mm<\/li>\n<li>\u00c9paisseur du cordon : 1 mm<\/li>\n<li>R\u00e9sistant \u00e0 la chaleur jusqu&rsquo;\u00e0 200\u00b0C<\/li>\n<li>\n<div class=\"attributes-row\">\n<div class=\"attributes-label\">Compatible avec Baumerhhs\u00ae\/hhs\u00ae, Nordson\u00ae, Robatech\u00ae, B\u00fchnen\u00ae, Puffe\u00ae, Meler\u00ae, ITW Dynatec\u00ae\/Inatec\u00ae, ValcoMelton\u00ae.<\/div>\n<\/div>\n<\/li>\n<li>\n<div class=\"attributes-row\">\n<div class=\"attributes-label\">Num\u00e9ro de r\u00e9f\u00e9rence : 92011501<\/div>\n<\/div>\n<\/li>\n<li>\n<div class=\"attributes-row\">\n<div class=\"attributes-label\">Type de colle : colle chaude, colle froide<\/div>\n<\/div>\n<\/li>\n<\/ul>\n","protected":false},"featured_media":19653,"comment_status":"open","ping_status":"closed","template":"","meta":{"_acf_changed":false},"kompatibel-zu":[345,349,351,352,353,354],"leimtyp":[346,347],"product_brand":[],"product_cat":[364],"product_tag":[],"class_list":{"0":"post-25840","1":"product","2":"type-product","3":"status-publish","4":"has-post-thumbnail","6":"kompatibel-zu-pieces-de-rechange-compatibles-baumer-hhs-hhs","7":"kompatibel-zu-pieces-de-rechange-compatibles-robatech","8":"kompatibel-zu-pieces-de-rechange-compatibles-nordson","9":"kompatibel-zu-pieces-de-rechange-compatibles-meler","10":"kompatibel-zu-pieces-de-rechange-compatibles-itw-dynatec","11":"kompatibel-zu-pieces-de-rechange-compatibles-valco-melton","12":"leimtyp-colle-chaude","13":"leimtyp-colle-froide","14":"product_cat-joints-toriques-et-joints-detancheite","16":"first","17":"instock","18":"taxable","19":"shipping-taxable","20":"product-type-simple"},"acf":[],"_links":{"self":[{"href":"https:\/\/www.easyglue.de\/fr\/wp-json\/wp\/v2\/product\/25840","targetHints":{"allow":["GET"]}}],"collection":[{"href":"https:\/\/www.easyglue.de\/fr\/wp-json\/wp\/v2\/product"}],"about":[{"href":"https:\/\/www.easyglue.de\/fr\/wp-json\/wp\/v2\/types\/product"}],"replies":[{"embeddable":true,"href":"https:\/\/www.easyglue.de\/fr\/wp-json\/wp\/v2\/comments?post=25840"}],"version-history":[{"count":0,"href":"https:\/\/www.easyglue.de\/fr\/wp-json\/wp\/v2\/product\/25840\/revisions"}],"wp:featuredmedia":[{"embeddable":true,"href":"https:\/\/www.easyglue.de\/fr\/wp-json\/wp\/v2\/media\/19653"}],"wp:attachment":[{"href":"https:\/\/www.easyglue.de\/fr\/wp-json\/wp\/v2\/media?parent=25840"}],"wp:term":[{"taxonomy":"kompatibel-zu","embeddable":true,"href":"https:\/\/www.easyglue.de\/fr\/wp-json\/wp\/v2\/kompatibel-zu?post=25840"},{"taxonomy":"leimtyp","embeddable":true,"href":"https:\/\/www.easyglue.de\/fr\/wp-json\/wp\/v2\/leimtyp?post=25840"},{"taxonomy":"product_brand","embeddable":true,"href":"https:\/\/www.easyglue.de\/fr\/wp-json\/wp\/v2\/product_brand?post=25840"},{"taxonomy":"product_cat","embeddable":true,"href":"https:\/\/www.easyglue.de\/fr\/wp-json\/wp\/v2\/product_cat?post=25840"},{"taxonomy":"product_tag","embeddable":true,"href":"https:\/\/www.easyglue.de\/fr\/wp-json\/wp\/v2\/product_tag?post=25840"}],"curies":[{"name":"wp","href":"https:\/\/api.w.org\/{rel}","templated":true}]}}