{"id":25936,"date":"2024-11-09T19:18:42","date_gmt":"2024-11-09T19:18:42","guid":{"rendered":"https:\/\/www.easyglue.de\/buse-kv-03-08mm\/"},"modified":"2024-11-09T19:18:42","modified_gmt":"2024-11-09T19:18:42","slug":"buse-kv-03-08mm","status":"publish","type":"product","link":"https:\/\/www.easyglue.de\/fr\/buse-kv-03-08mm\/","title":{"rendered":"Buse KV 0,3 - 0,8mm"},"content":{"rendered":"","protected":false},"excerpt":{"rendered":"<ul>\n<li>Diam\u00e8tre de la buse : 0,3 - 0,8 mm<\/li>\n<li>Compatible avec les vannes de collage Baumerhhs\u00ae\/hhs\u00ae MMDD ; MMKD ; MKDD, HM700 ; HM200<\/li>\n<li>Num\u00e9ros de r\u00e9f\u00e9rence : 85510003 ; 85510004 ; 85510006 ; 85510008<\/li>\n<li>Autres r\u00e9f\u00e9rences : MMDD ; MMKD ; MKDD, HM700 ; HM200<\/li>\n<li>Type de colle : colle chaude, colle froide<\/li>\n<\/ul>\n","protected":false},"featured_media":17174,"comment_status":"open","ping_status":"closed","template":"","meta":{"_acf_changed":false},"kompatibel-zu":[345],"leimtyp":[346,347],"product_brand":[],"product_cat":[370],"product_tag":[],"class_list":{"0":"post-25936","1":"product","2":"type-product","3":"status-publish","4":"has-post-thumbnail","6":"kompatibel-zu-pieces-de-rechange-compatibles-baumer-hhs-hhs","7":"leimtyp-colle-chaude","8":"leimtyp-colle-froide","9":"product_cat-buses-a-colle-chaude-et-buses-a-colle-froide","11":"first","12":"instock","13":"taxable","14":"shipping-taxable","15":"product-type-variable"},"acf":[],"_links":{"self":[{"href":"https:\/\/www.easyglue.de\/fr\/wp-json\/wp\/v2\/product\/25936","targetHints":{"allow":["GET"]}}],"collection":[{"href":"https:\/\/www.easyglue.de\/fr\/wp-json\/wp\/v2\/product"}],"about":[{"href":"https:\/\/www.easyglue.de\/fr\/wp-json\/wp\/v2\/types\/product"}],"replies":[{"embeddable":true,"href":"https:\/\/www.easyglue.de\/fr\/wp-json\/wp\/v2\/comments?post=25936"}],"version-history":[{"count":0,"href":"https:\/\/www.easyglue.de\/fr\/wp-json\/wp\/v2\/product\/25936\/revisions"}],"wp:featuredmedia":[{"embeddable":true,"href":"https:\/\/www.easyglue.de\/fr\/wp-json\/wp\/v2\/media\/17174"}],"wp:attachment":[{"href":"https:\/\/www.easyglue.de\/fr\/wp-json\/wp\/v2\/media?parent=25936"}],"wp:term":[{"taxonomy":"kompatibel-zu","embeddable":true,"href":"https:\/\/www.easyglue.de\/fr\/wp-json\/wp\/v2\/kompatibel-zu?post=25936"},{"taxonomy":"leimtyp","embeddable":true,"href":"https:\/\/www.easyglue.de\/fr\/wp-json\/wp\/v2\/leimtyp?post=25936"},{"taxonomy":"product_brand","embeddable":true,"href":"https:\/\/www.easyglue.de\/fr\/wp-json\/wp\/v2\/product_brand?post=25936"},{"taxonomy":"product_cat","embeddable":true,"href":"https:\/\/www.easyglue.de\/fr\/wp-json\/wp\/v2\/product_cat?post=25936"},{"taxonomy":"product_tag","embeddable":true,"href":"https:\/\/www.easyglue.de\/fr\/wp-json\/wp\/v2\/product_tag?post=25936"}],"curies":[{"name":"wp","href":"https:\/\/api.w.org\/{rel}","templated":true}]}}