{"id":25958,"date":"2024-11-08T19:34:03","date_gmt":"2024-11-08T19:34:03","guid":{"rendered":"https:\/\/www.easyglue.de\/electrovanne-3-2-1-8-230v-ou-24v\/"},"modified":"2024-11-08T19:34:03","modified_gmt":"2024-11-08T19:34:03","slug":"electrovanne-3-2-1-8-230v-ou-24v","status":"publish","type":"product","link":"https:\/\/www.easyglue.de\/fr\/electrovanne-3-2-1-8-230v-ou-24v\/","title":{"rendered":"Electrovanne 3\/2 1\/8&Prime; 230V ou 24V"},"content":{"rendered":"","protected":false},"excerpt":{"rendered":"<ul>\n<li>Electrovanne 3\/2, r\u00e9sistante \u00e0 la temp\u00e9rature<\/li>\n<li>230V AC ou 24V DC (8,5W)<\/li>\n<li>Entr\u00e9e et sortie d&rsquo;air 1\/8<\/li>\n<li>\n<div class=\"attributes-row\">\n<div class=\"attributes-label\">Compatible avec Baumerhhs\u00ae\/hhs\u00ae, Nordson\u00ae, Robatech\u00ae, B\u00fchnen\u00ae, Puffe\u00ae, Meler\u00ae, ITW Dynatec\u00ae\/Inatec\u00ae, ValcoMelton\u00ae.<\/div>\n<\/div>\n<\/li>\n<li>Num\u00e9ros de r\u00e9f\u00e9rence : 82010300 ; 82010200 ; 82010100 ; 771108 ; 250921 ; 991857 ; 403376 ; 100605 ; 988xx013 ; 21120000 ; 21120010 ; 50.06701.100 ; CN6700 ; 648520 ; 771116 ; 100606 ; 988xx173<\/li>\n<li>\n<div class=\"attributes-row\">\n<div class=\"attributes-label\">\n<div class=\"attributes-row\">\n<div class=\"attributes-label\">Autres r\u00e9f\u00e9rences : 1069256 ; 21100000 ; 21100010 ; 988xx014<\/div>\n<\/div>\n<\/div>\n<\/div>\n<\/li>\n<\/ul>\n","protected":false},"featured_media":18029,"comment_status":"open","ping_status":"closed","template":"","meta":{"_acf_changed":false},"kompatibel-zu":[345,349,351,352,353,354],"leimtyp":[346],"product_brand":[],"product_cat":[361,371],"product_tag":[],"class_list":{"0":"post-25958","1":"product","2":"type-product","3":"status-publish","4":"has-post-thumbnail","6":"kompatibel-zu-pieces-de-rechange-compatibles-baumer-hhs-hhs","7":"kompatibel-zu-pieces-de-rechange-compatibles-robatech","8":"kompatibel-zu-pieces-de-rechange-compatibles-nordson","9":"kompatibel-zu-pieces-de-rechange-compatibles-meler","10":"kompatibel-zu-pieces-de-rechange-compatibles-itw-dynatec","11":"kompatibel-zu-pieces-de-rechange-compatibles-valco-melton","12":"leimtyp-colle-chaude","13":"product_cat-vannes-bobines","14":"product_cat-accessoires","16":"first","17":"instock","18":"taxable","19":"shipping-taxable","20":"product-type-variable"},"acf":[],"_links":{"self":[{"href":"https:\/\/www.easyglue.de\/fr\/wp-json\/wp\/v2\/product\/25958","targetHints":{"allow":["GET"]}}],"collection":[{"href":"https:\/\/www.easyglue.de\/fr\/wp-json\/wp\/v2\/product"}],"about":[{"href":"https:\/\/www.easyglue.de\/fr\/wp-json\/wp\/v2\/types\/product"}],"replies":[{"embeddable":true,"href":"https:\/\/www.easyglue.de\/fr\/wp-json\/wp\/v2\/comments?post=25958"}],"version-history":[{"count":0,"href":"https:\/\/www.easyglue.de\/fr\/wp-json\/wp\/v2\/product\/25958\/revisions"}],"wp:featuredmedia":[{"embeddable":true,"href":"https:\/\/www.easyglue.de\/fr\/wp-json\/wp\/v2\/media\/18029"}],"wp:attachment":[{"href":"https:\/\/www.easyglue.de\/fr\/wp-json\/wp\/v2\/media?parent=25958"}],"wp:term":[{"taxonomy":"kompatibel-zu","embeddable":true,"href":"https:\/\/www.easyglue.de\/fr\/wp-json\/wp\/v2\/kompatibel-zu?post=25958"},{"taxonomy":"leimtyp","embeddable":true,"href":"https:\/\/www.easyglue.de\/fr\/wp-json\/wp\/v2\/leimtyp?post=25958"},{"taxonomy":"product_brand","embeddable":true,"href":"https:\/\/www.easyglue.de\/fr\/wp-json\/wp\/v2\/product_brand?post=25958"},{"taxonomy":"product_cat","embeddable":true,"href":"https:\/\/www.easyglue.de\/fr\/wp-json\/wp\/v2\/product_cat?post=25958"},{"taxonomy":"product_tag","embeddable":true,"href":"https:\/\/www.easyglue.de\/fr\/wp-json\/wp\/v2\/product_tag?post=25958"}],"curies":[{"name":"wp","href":"https:\/\/api.w.org\/{rel}","templated":true}]}}