{"id":25973,"date":"2024-10-31T07:32:22","date_gmt":"2024-10-31T07:32:22","guid":{"rendered":"https:\/\/www.easyglue.de\/cable-pour-vanne-d-vanne-hm-5m\/"},"modified":"2024-10-31T07:32:22","modified_gmt":"2024-10-31T07:32:22","slug":"cable-pour-vanne-d-vanne-hm-5m","status":"publish","type":"product","link":"https:\/\/www.easyglue.de\/fr\/cable-pour-vanne-d-vanne-hm-5m\/","title":{"rendered":"C\u00e2ble pour vanne D\/Vanne HM 5m"},"content":{"rendered":"","protected":false},"excerpt":{"rendered":"<ul>\n<li>Compatible, entre autres, avec Baumerhhs\u00ae\/hhs<\/li>\n<li>C\u00e2ble de vanne 5 m avec connecteur 5 p\u00f4les, rond<\/li>\n<li>\n<div class=\"attributes-row\">\n<div class=\"attributes-label\">Num\u00e9ro de r\u00e9f\u00e9rence : 77230500<\/div>\n<\/div>\n<\/li>\n<li>\n<div class=\"attributes-row\">Type de colle : colle chaude, colle froide<\/div>\n<\/li>\n<\/ul>\n","protected":false},"featured_media":15889,"comment_status":"open","ping_status":"closed","template":"","meta":{"_acf_changed":false},"kompatibel-zu":[345],"leimtyp":[346,347],"product_brand":[],"product_cat":[348],"product_tag":[],"class_list":{"0":"post-25973","1":"product","2":"type-product","3":"status-publish","4":"has-post-thumbnail","6":"kompatibel-zu-pieces-de-rechange-compatibles-baumer-hhs-hhs","7":"leimtyp-colle-chaude","8":"leimtyp-colle-froide","9":"product_cat-controles","11":"first","12":"instock","13":"taxable","14":"shipping-taxable","15":"product-type-simple"},"acf":[],"_links":{"self":[{"href":"https:\/\/www.easyglue.de\/fr\/wp-json\/wp\/v2\/product\/25973","targetHints":{"allow":["GET"]}}],"collection":[{"href":"https:\/\/www.easyglue.de\/fr\/wp-json\/wp\/v2\/product"}],"about":[{"href":"https:\/\/www.easyglue.de\/fr\/wp-json\/wp\/v2\/types\/product"}],"replies":[{"embeddable":true,"href":"https:\/\/www.easyglue.de\/fr\/wp-json\/wp\/v2\/comments?post=25973"}],"version-history":[{"count":0,"href":"https:\/\/www.easyglue.de\/fr\/wp-json\/wp\/v2\/product\/25973\/revisions"}],"wp:featuredmedia":[{"embeddable":true,"href":"https:\/\/www.easyglue.de\/fr\/wp-json\/wp\/v2\/media\/15889"}],"wp:attachment":[{"href":"https:\/\/www.easyglue.de\/fr\/wp-json\/wp\/v2\/media?parent=25973"}],"wp:term":[{"taxonomy":"kompatibel-zu","embeddable":true,"href":"https:\/\/www.easyglue.de\/fr\/wp-json\/wp\/v2\/kompatibel-zu?post=25973"},{"taxonomy":"leimtyp","embeddable":true,"href":"https:\/\/www.easyglue.de\/fr\/wp-json\/wp\/v2\/leimtyp?post=25973"},{"taxonomy":"product_brand","embeddable":true,"href":"https:\/\/www.easyglue.de\/fr\/wp-json\/wp\/v2\/product_brand?post=25973"},{"taxonomy":"product_cat","embeddable":true,"href":"https:\/\/www.easyglue.de\/fr\/wp-json\/wp\/v2\/product_cat?post=25973"},{"taxonomy":"product_tag","embeddable":true,"href":"https:\/\/www.easyglue.de\/fr\/wp-json\/wp\/v2\/product_tag?post=25973"}],"curies":[{"name":"wp","href":"https:\/\/api.w.org\/{rel}","templated":true}]}}