{"id":25978,"date":"2024-10-31T09:55:32","date_gmt":"2024-10-31T09:55:32","guid":{"rendered":"https:\/\/www.easyglue.de\/unite-de-controle-ls-4\/"},"modified":"2024-10-31T09:55:32","modified_gmt":"2024-10-31T09:55:32","slug":"unite-de-controle-ls-4","status":"publish","type":"product","link":"https:\/\/www.easyglue.de\/fr\/unite-de-controle-ls-4\/","title":{"rendered":"Unit\u00e9 de contr\u00f4le LS-4"},"content":{"rendered":"","protected":false},"excerpt":{"rendered":"<ul>\n<li>Compatible avec Baumerhhs\u00ae\/hhs\u00ae, Nordson\u00ae, Robatech\u00ae, etc.<\/li>\n<li>Connexion jusqu&rsquo;\u00e0 4 vannes de colle<\/li>\n<li>Entr\u00e9es pour jusqu&rsquo;\u00e0 2 capteurs de d\u00e9marrage<\/li>\n<li>Entr\u00e9e pour un encodeur<\/li>\n<li>\u00c9cran tactile haute r\u00e9solution<\/li>\n<li>\n<div class=\"attributes-row\">\n<div class=\"attributes-label\">Num\u00e9ro de r\u00e9f\u00e9rence : C-1100<\/div>\n<\/div>\n<\/li>\n<li>\n<div class=\"attributes-row\">Type de colle : colle chaude, colle froide<\/div>\n<\/li>\n<\/ul>\n","protected":false},"featured_media":15903,"comment_status":"open","ping_status":"closed","template":"","meta":{"_acf_changed":false},"kompatibel-zu":[345,349,351],"leimtyp":[346,347],"product_brand":[],"product_cat":[348],"product_tag":[],"class_list":{"0":"post-25978","1":"product","2":"type-product","3":"status-publish","4":"has-post-thumbnail","6":"kompatibel-zu-pieces-de-rechange-compatibles-baumer-hhs-hhs","7":"kompatibel-zu-pieces-de-rechange-compatibles-robatech","8":"kompatibel-zu-pieces-de-rechange-compatibles-nordson","9":"leimtyp-colle-chaude","10":"leimtyp-colle-froide","11":"product_cat-controles","13":"first","14":"instock","15":"taxable","16":"shipping-taxable","17":"product-type-simple"},"acf":[],"_links":{"self":[{"href":"https:\/\/www.easyglue.de\/fr\/wp-json\/wp\/v2\/product\/25978","targetHints":{"allow":["GET"]}}],"collection":[{"href":"https:\/\/www.easyglue.de\/fr\/wp-json\/wp\/v2\/product"}],"about":[{"href":"https:\/\/www.easyglue.de\/fr\/wp-json\/wp\/v2\/types\/product"}],"replies":[{"embeddable":true,"href":"https:\/\/www.easyglue.de\/fr\/wp-json\/wp\/v2\/comments?post=25978"}],"version-history":[{"count":0,"href":"https:\/\/www.easyglue.de\/fr\/wp-json\/wp\/v2\/product\/25978\/revisions"}],"wp:featuredmedia":[{"embeddable":true,"href":"https:\/\/www.easyglue.de\/fr\/wp-json\/wp\/v2\/media\/15903"}],"wp:attachment":[{"href":"https:\/\/www.easyglue.de\/fr\/wp-json\/wp\/v2\/media?parent=25978"}],"wp:term":[{"taxonomy":"kompatibel-zu","embeddable":true,"href":"https:\/\/www.easyglue.de\/fr\/wp-json\/wp\/v2\/kompatibel-zu?post=25978"},{"taxonomy":"leimtyp","embeddable":true,"href":"https:\/\/www.easyglue.de\/fr\/wp-json\/wp\/v2\/leimtyp?post=25978"},{"taxonomy":"product_brand","embeddable":true,"href":"https:\/\/www.easyglue.de\/fr\/wp-json\/wp\/v2\/product_brand?post=25978"},{"taxonomy":"product_cat","embeddable":true,"href":"https:\/\/www.easyglue.de\/fr\/wp-json\/wp\/v2\/product_cat?post=25978"},{"taxonomy":"product_tag","embeddable":true,"href":"https:\/\/www.easyglue.de\/fr\/wp-json\/wp\/v2\/product_tag?post=25978"}],"curies":[{"name":"wp","href":"https:\/\/api.w.org\/{rel}","templated":true}]}}