{"id":25994,"date":"2024-11-09T19:18:58","date_gmt":"2024-11-09T19:18:58","guid":{"rendered":"https:\/\/www.easyglue.de\/tuyau-de-colle-chaude-resistant-a-leau-compatible-avec-robatech-35-m\/"},"modified":"2024-11-09T19:18:58","modified_gmt":"2024-11-09T19:18:58","slug":"tuyau-de-colle-chaude-resistant-a-leau-compatible-avec-robatech-35-m","status":"publish","type":"product","link":"https:\/\/www.easyglue.de\/fr\/tuyau-de-colle-chaude-resistant-a-leau-compatible-avec-robatech-35-m\/","title":{"rendered":"Tuyau de colle chaude r\u00e9sistant \u00e0 l&rsquo;eau compatible avec Robatech \u00ae 3,5 m"},"content":{"rendered":"<ul>\n<li class=\"attributes-label\">Num\u00e9ro de r\u00e9f\u00e9rence : 136469<\/li>\n<li class=\"attributes-label\">Autre r\u00e9f\u00e9rence : Robatech \u00ae NW6 Waterproof<\/li>\n<\/ul>\n<p>Nos tuyaux de colle chaude sont synonymes de qualit\u00e9 et de fiabilit\u00e9 maximales dans le traitement industriel de la colle chaude. Le tuyau chauff\u00e9 garantit un contr\u00f4le constant de la temp\u00e9rature et un transport s\u00fbr de la colle fondue de l&rsquo;unit\u00e9 de fusion \u00e0 la t\u00eate d&rsquo;application.  Gr\u00e2ce \u00e0 l&rsquo;isolation de haute qualit\u00e9, une viscosit\u00e9 optimale de la colle est assur\u00e9e, ce qui permet des applications de colle uniformes et pr\u00e9cises. Nos tuyaux sont disponibles en diff\u00e9rentes longueurs, diam\u00e8tres et types de raccords, de sorte qu&rsquo;ils s&rsquo;int\u00e8grent parfaitement \u00e0 votre syst\u00e8me existant. Tous nos tuyaux sont compatibles avec diff\u00e9rents fabricants d&rsquo;applicateurs de colle et conviennent parfaitement aux environnements de production exigeants tels que l&rsquo;industrie de l&#8217;emballage ou l&rsquo;industrie automobile.  <\/p>\n<p>Ce tuyau \u00e0 colle thermofusible <strong>r\u00e9sistant \u00e0 l&rsquo;eau<\/strong> peut \u00eatre raccord\u00e9 aux appareils Robatech \u00ae avec un <strong>raccord filet\u00e9 G1\/4 \u00ab\u00a0<\/strong> et a un <strong>diam\u00e8tre int\u00e9rieur de 6 mm<\/strong>. Notre alternative performante et \u00e9conomique peut \u00eatre utilis\u00e9e soit comme pi\u00e8ce de rechange, soit pour \u00e9tendre votre installation existante. <\/p>\n","protected":false},"excerpt":{"rendered":"<ul>\n<li>Tuyau de colle chaude pour les appareils \u00e0 colle chaude, les fondoirs de sacs, les fondoirs de f\u00fbts et les fondoirs de r\u00e9servoirs<\/li>\n<li>Longueur : 3,5 m<\/li>\n<li>Diam\u00e8tre int\u00e9rieur : 6 mm<\/li>\n<li>Type de sonde : NTC<\/li>\n<li>R\u00e9sistance \u00e0 la temp\u00e9rature jusqu&rsquo;\u00e0 200 \u00b0C<\/li>\n<li>R\u00e9sistance \u00e0 la pression jusqu&rsquo;\u00e0 149 bar \u00e0 200 \u00b0C<\/li>\n<li>R\u00e9sistant \u00e0 l&rsquo;eau<\/li>\n<li>Raccord de colle : G1\/4<\/li>\n<li>Compatible avec Robatech \u00ae s\u00e9rie Concept<\/li>\n<li>Type de colle : colle chaude<\/li>\n<\/ul>\n","protected":false},"featured_media":17392,"comment_status":"open","ping_status":"closed","template":"","meta":{"_acf_changed":false},"kompatibel-zu":[349],"leimtyp":[346],"product_brand":[],"product_cat":[369],"product_tag":[],"class_list":{"0":"post-25994","1":"product","2":"type-product","3":"status-publish","4":"has-post-thumbnail","6":"kompatibel-zu-pieces-de-rechange-compatibles-robatech","7":"leimtyp-colle-chaude","8":"product_cat-tuyaux","10":"first","11":"instock","12":"taxable","13":"shipping-taxable","14":"product-type-simple"},"acf":[],"_links":{"self":[{"href":"https:\/\/www.easyglue.de\/fr\/wp-json\/wp\/v2\/product\/25994","targetHints":{"allow":["GET"]}}],"collection":[{"href":"https:\/\/www.easyglue.de\/fr\/wp-json\/wp\/v2\/product"}],"about":[{"href":"https:\/\/www.easyglue.de\/fr\/wp-json\/wp\/v2\/types\/product"}],"replies":[{"embeddable":true,"href":"https:\/\/www.easyglue.de\/fr\/wp-json\/wp\/v2\/comments?post=25994"}],"version-history":[{"count":0,"href":"https:\/\/www.easyglue.de\/fr\/wp-json\/wp\/v2\/product\/25994\/revisions"}],"wp:featuredmedia":[{"embeddable":true,"href":"https:\/\/www.easyglue.de\/fr\/wp-json\/wp\/v2\/media\/17392"}],"wp:attachment":[{"href":"https:\/\/www.easyglue.de\/fr\/wp-json\/wp\/v2\/media?parent=25994"}],"wp:term":[{"taxonomy":"kompatibel-zu","embeddable":true,"href":"https:\/\/www.easyglue.de\/fr\/wp-json\/wp\/v2\/kompatibel-zu?post=25994"},{"taxonomy":"leimtyp","embeddable":true,"href":"https:\/\/www.easyglue.de\/fr\/wp-json\/wp\/v2\/leimtyp?post=25994"},{"taxonomy":"product_brand","embeddable":true,"href":"https:\/\/www.easyglue.de\/fr\/wp-json\/wp\/v2\/product_brand?post=25994"},{"taxonomy":"product_cat","embeddable":true,"href":"https:\/\/www.easyglue.de\/fr\/wp-json\/wp\/v2\/product_cat?post=25994"},{"taxonomy":"product_tag","embeddable":true,"href":"https:\/\/www.easyglue.de\/fr\/wp-json\/wp\/v2\/product_tag?post=25994"}],"curies":[{"name":"wp","href":"https:\/\/api.w.org\/{rel}","templated":true}]}}