{"id":26019,"date":"2024-11-09T19:18:56","date_gmt":"2024-11-09T19:18:56","guid":{"rendered":"https:\/\/www.easyglue.de\/tuyau-de-colle-chaude-compatible-avec-baumer-hhs-18-m\/"},"modified":"2024-11-09T19:18:56","modified_gmt":"2024-11-09T19:18:56","slug":"tuyau-de-colle-chaude-compatible-avec-baumer-hhs-18-m","status":"publish","type":"product","link":"https:\/\/www.easyglue.de\/fr\/tuyau-de-colle-chaude-compatible-avec-baumer-hhs-18-m\/","title":{"rendered":"Tuyau de colle chaude compatible avec Baumer hhs \u00ae 1,8 m"},"content":{"rendered":"<div>Nos tuyaux de colle chaude sont synonymes de qualit\u00e9 et de fiabilit\u00e9 maximales dans le traitement industriel de la colle chaude. Le tuyau chauff\u00e9 garantit un contr\u00f4le constant de la temp\u00e9rature et un transport s\u00fbr de la colle fondue de l&rsquo;unit\u00e9 de fusion \u00e0 la t\u00eate d&rsquo;application. Gr\u00e2ce \u00e0 l&rsquo;isolation de haute qualit\u00e9, une viscosit\u00e9 optimale de la colle est assur\u00e9e, ce qui permet des applications de colle uniformes et pr\u00e9cises.   Nos tuyaux sont disponibles en diff\u00e9rentes longueurs, diam\u00e8tres et types de raccords, de sorte qu&rsquo;ils s&rsquo;int\u00e8grent parfaitement \u00e0 votre syst\u00e8me existant. Tous nos tuyaux sont compatibles avec les raccords de diff\u00e9rents fabricants d&rsquo;applicateurs de colle et sont id\u00e9aux pour une utilisation dans des environnements de production exigeants tels que l&rsquo;industrie de l&#8217;emballage ou de l&rsquo;automobile. <\/div>\n<p>Ce tuyau de colle chaude convient pour le raccordement aux appareils de Baumer hhs \u00ae et a un <strong>diam\u00e8tre int\u00e9rieur de 8 mm<\/strong>. Notre alternative performante et \u00e9conomique peut \u00eatre utilis\u00e9e soit comme pi\u00e8ce de rechange, soit pour \u00e9tendre votre \u00e9quipement existant.  Ce tuyau de colle chaude d&rsquo;une <a href=\"https:\/\/www.easyglue.de\/heissleimschlauch-spruehluft-baumer-hhs-18m-kompatibel\/\">longueur de 1,8 m est \u00e9galement disponible avec un tuyau d&rsquo;air de pulv\u00e9risation int\u00e9gr\u00e9<\/a>.<\/p>\n","protected":false},"excerpt":{"rendered":"<ul>\n<li>Tuyau de colle chaude pour les appareils \u00e0 colle chaude, les fondoirs de sacs, les fondoirs de f\u00fbts et les fondoirs de r\u00e9servoirs<\/li>\n<li>Longueur : 1,8 m<\/li>\n<li>Diam\u00e8tre int\u00e9rieur : 8 mm<\/li>\n<li>Type de sonde : Pt100<\/li>\n<li>R\u00e9sistance \u00e0 la temp\u00e9rature jusqu&rsquo;\u00e0 200 \u00b0C<\/li>\n<li>Compatible avec les s\u00e9ries Baumer hhs \u00ae\/hhs \u00ae HMG et HMP<\/li>\n<li>Num\u00e9ro de r\u00e9f\u00e9rence : 41111800<\/li>\n<li>Type de colle : colle chaude<\/li>\n<\/ul>\n","protected":false},"featured_media":17393,"comment_status":"open","ping_status":"closed","template":"","meta":{"_acf_changed":false},"kompatibel-zu":[345],"leimtyp":[346],"product_brand":[],"product_cat":[369],"product_tag":[],"class_list":{"0":"post-26019","1":"product","2":"type-product","3":"status-publish","4":"has-post-thumbnail","6":"kompatibel-zu-pieces-de-rechange-compatibles-baumer-hhs-hhs","7":"leimtyp-colle-chaude","8":"product_cat-tuyaux","10":"first","11":"instock","12":"taxable","13":"shipping-taxable","14":"product-type-simple"},"acf":[],"_links":{"self":[{"href":"https:\/\/www.easyglue.de\/fr\/wp-json\/wp\/v2\/product\/26019","targetHints":{"allow":["GET"]}}],"collection":[{"href":"https:\/\/www.easyglue.de\/fr\/wp-json\/wp\/v2\/product"}],"about":[{"href":"https:\/\/www.easyglue.de\/fr\/wp-json\/wp\/v2\/types\/product"}],"replies":[{"embeddable":true,"href":"https:\/\/www.easyglue.de\/fr\/wp-json\/wp\/v2\/comments?post=26019"}],"version-history":[{"count":0,"href":"https:\/\/www.easyglue.de\/fr\/wp-json\/wp\/v2\/product\/26019\/revisions"}],"wp:featuredmedia":[{"embeddable":true,"href":"https:\/\/www.easyglue.de\/fr\/wp-json\/wp\/v2\/media\/17393"}],"wp:attachment":[{"href":"https:\/\/www.easyglue.de\/fr\/wp-json\/wp\/v2\/media?parent=26019"}],"wp:term":[{"taxonomy":"kompatibel-zu","embeddable":true,"href":"https:\/\/www.easyglue.de\/fr\/wp-json\/wp\/v2\/kompatibel-zu?post=26019"},{"taxonomy":"leimtyp","embeddable":true,"href":"https:\/\/www.easyglue.de\/fr\/wp-json\/wp\/v2\/leimtyp?post=26019"},{"taxonomy":"product_brand","embeddable":true,"href":"https:\/\/www.easyglue.de\/fr\/wp-json\/wp\/v2\/product_brand?post=26019"},{"taxonomy":"product_cat","embeddable":true,"href":"https:\/\/www.easyglue.de\/fr\/wp-json\/wp\/v2\/product_cat?post=26019"},{"taxonomy":"product_tag","embeddable":true,"href":"https:\/\/www.easyglue.de\/fr\/wp-json\/wp\/v2\/product_tag?post=26019"}],"curies":[{"name":"wp","href":"https:\/\/api.w.org\/{rel}","templated":true}]}}