{"id":26045,"date":"2024-11-09T19:18:56","date_gmt":"2024-11-09T19:18:56","guid":{"rendered":"https:\/\/www.easyglue.de\/filtre-reservoir-roba-conc\/"},"modified":"2026-04-10T11:04:44","modified_gmt":"2026-04-10T11:04:44","slug":"kompatibler-tankfilter-robatech-concept-50mm","status":"publish","type":"product","link":"https:\/\/www.easyglue.de\/fr\/kompatibler-tankfilter-robatech-concept-50mm\/","title":{"rendered":"Filtre de r\u00e9servoir compatible avec Robatech\u00ae Concept\u00ae - 50 mm"},"content":{"rendered":"","protected":false},"excerpt":{"rendered":"<ul>\n<li>Convient pour les filtres Robatech\u00ae, convient pour les filtres de r\u00e9servoir Robatech<\/li>\n<li>Compatible avec Robatech\u00ae.<\/li>\n<li>\n<div class=\"attributes-row\">\n<div class=\"attributes-label\">Num\u00e9ro de r\u00e9f\u00e9rence : Robatech\u00ae 100142<\/div>\n<\/div>\n<\/li>\n<li>\n<div class=\"attributes-row\">\n<div class=\"attributes-label\">Autres r\u00e9f\u00e9rences : Robatech\u00ae Concept<\/div>\n<\/div>\n<\/li>\n<li>Type de colle : colle chaude<\/li>\n<\/ul>\n","protected":false},"featured_media":26046,"comment_status":"open","ping_status":"closed","template":"","meta":{"_acf_changed":false},"kompatibel-zu":[349],"leimtyp":[346],"product_brand":[],"product_cat":[362],"product_tag":[],"class_list":{"0":"post-26045","1":"product","2":"type-product","3":"status-publish","4":"has-post-thumbnail","6":"kompatibel-zu-pieces-de-rechange-compatibles-robatech","7":"leimtyp-colle-chaude","8":"product_cat-filtres-a-colle-chaude-et-filtres-a-colle-froide","10":"first","11":"instock","12":"taxable","13":"shipping-taxable","14":"product-type-simple"},"acf":[],"_links":{"self":[{"href":"https:\/\/www.easyglue.de\/fr\/wp-json\/wp\/v2\/product\/26045","targetHints":{"allow":["GET"]}}],"collection":[{"href":"https:\/\/www.easyglue.de\/fr\/wp-json\/wp\/v2\/product"}],"about":[{"href":"https:\/\/www.easyglue.de\/fr\/wp-json\/wp\/v2\/types\/product"}],"replies":[{"embeddable":true,"href":"https:\/\/www.easyglue.de\/fr\/wp-json\/wp\/v2\/comments?post=26045"}],"version-history":[{"count":1,"href":"https:\/\/www.easyglue.de\/fr\/wp-json\/wp\/v2\/product\/26045\/revisions"}],"predecessor-version":[{"id":29466,"href":"https:\/\/www.easyglue.de\/fr\/wp-json\/wp\/v2\/product\/26045\/revisions\/29466"}],"wp:featuredmedia":[{"embeddable":true,"href":"https:\/\/www.easyglue.de\/fr\/wp-json\/wp\/v2\/media\/26046"}],"wp:attachment":[{"href":"https:\/\/www.easyglue.de\/fr\/wp-json\/wp\/v2\/media?parent=26045"}],"wp:term":[{"taxonomy":"kompatibel-zu","embeddable":true,"href":"https:\/\/www.easyglue.de\/fr\/wp-json\/wp\/v2\/kompatibel-zu?post=26045"},{"taxonomy":"leimtyp","embeddable":true,"href":"https:\/\/www.easyglue.de\/fr\/wp-json\/wp\/v2\/leimtyp?post=26045"},{"taxonomy":"product_brand","embeddable":true,"href":"https:\/\/www.easyglue.de\/fr\/wp-json\/wp\/v2\/product_brand?post=26045"},{"taxonomy":"product_cat","embeddable":true,"href":"https:\/\/www.easyglue.de\/fr\/wp-json\/wp\/v2\/product_cat?post=26045"},{"taxonomy":"product_tag","embeddable":true,"href":"https:\/\/www.easyglue.de\/fr\/wp-json\/wp\/v2\/product_tag?post=26045"}],"curies":[{"name":"wp","href":"https:\/\/api.w.org\/{rel}","templated":true}]}}