{"id":26048,"date":"2024-11-09T19:18:56","date_gmt":"2024-11-09T19:18:56","guid":{"rendered":"https:\/\/www.easyglue.de\/filtre-de-reservoir-compatible-avec-robatech-concept\/"},"modified":"2025-11-17T10:14:14","modified_gmt":"2025-11-17T10:14:14","slug":"filtre-de-reservoir-compatible-avec-robatech-concept","status":"publish","type":"product","link":"https:\/\/www.easyglue.de\/fr\/filtre-de-reservoir-compatible-avec-robatech-concept\/","title":{"rendered":"Filtres de r\u00e9servoir compatibles avec Robatech\u00ae Concept"},"content":{"rendered":"<p>Nos filtres de haute qualit\u00e9 pour les fondoirs \u00e0 colle chaude sont compatibles avec la c\u00e9l\u00e8bre s\u00e9rie Robatech \u00ae Concept et offrent des performances optimales pour votre application de colle chaude. Ce filtre de r\u00e9servoir, comme presque toutes nos pi\u00e8ces d\u00e9tach\u00e9es, est fabriqu\u00e9 en Allemagne et garantit une longue dur\u00e9e de vie et un fonctionnement fiable. Il filtre de mani\u00e8re fiable et efficace les impuret\u00e9s du r\u00e9servoir de colle et assure ainsi une alimentation constante et r\u00e9guli\u00e8re en colle. La filtration prot\u00e8ge \u00e9galement tous les composants en aval tels que les tuyaux de colle chaude, les t\u00eates d&rsquo;application ainsi que les modules et les buses contre les impuret\u00e9s. Nos filtres et tamis filtrants sont disponibles en stock et peuvent \u00eatre int\u00e9gr\u00e9s directement dans votre syst\u00e8me Robatech \u00ae Concept existant. Nos filtres sont \u00e9galement disponibles en version fritt\u00e9e.     <\/p>\n","protected":false},"excerpt":{"rendered":"<ul>\n<li>Filtre de r\u00e9servoir compatible avec Robatech \u00ae Concept \u00ae.<\/li>\n<li>Compatible avec Robatech \u00ae.<\/li>\n<li>\n<div class=\"attributes-row\">\n<div class=\"attributes-label\">Num\u00e9ros de r\u00e9f\u00e9rence : 133268 ; 133264 ; 133266<\/div>\n<\/div>\n<\/li>\n<li>\n<div class=\"attributes-row\">\n<div class=\"attributes-label\">Autre r\u00e9f\u00e9rence : Robatech \u00ae Concept<\/div>\n<\/div>\n<\/li>\n<li>Type de colle : colle chaude<\/li>\n<\/ul>\n<div class=\"attributes-row\">\n<div><\/div>\n<\/div>\n","protected":false},"featured_media":26049,"comment_status":"open","ping_status":"closed","template":"","meta":{"_acf_changed":false},"kompatibel-zu":[349],"leimtyp":[346],"product_brand":[],"product_cat":[362],"product_tag":[],"class_list":{"0":"post-26048","1":"product","2":"type-product","3":"status-publish","4":"has-post-thumbnail","6":"kompatibel-zu-pieces-de-rechange-compatibles-robatech","7":"leimtyp-colle-chaude","8":"product_cat-filtres-a-colle-chaude-et-filtres-a-colle-froide","10":"first","11":"instock","12":"taxable","13":"shipping-taxable","14":"product-type-simple"},"acf":[],"_links":{"self":[{"href":"https:\/\/www.easyglue.de\/fr\/wp-json\/wp\/v2\/product\/26048","targetHints":{"allow":["GET"]}}],"collection":[{"href":"https:\/\/www.easyglue.de\/fr\/wp-json\/wp\/v2\/product"}],"about":[{"href":"https:\/\/www.easyglue.de\/fr\/wp-json\/wp\/v2\/types\/product"}],"replies":[{"embeddable":true,"href":"https:\/\/www.easyglue.de\/fr\/wp-json\/wp\/v2\/comments?post=26048"}],"version-history":[{"count":0,"href":"https:\/\/www.easyglue.de\/fr\/wp-json\/wp\/v2\/product\/26048\/revisions"}],"wp:featuredmedia":[{"embeddable":true,"href":"https:\/\/www.easyglue.de\/fr\/wp-json\/wp\/v2\/media\/26049"}],"wp:attachment":[{"href":"https:\/\/www.easyglue.de\/fr\/wp-json\/wp\/v2\/media?parent=26048"}],"wp:term":[{"taxonomy":"kompatibel-zu","embeddable":true,"href":"https:\/\/www.easyglue.de\/fr\/wp-json\/wp\/v2\/kompatibel-zu?post=26048"},{"taxonomy":"leimtyp","embeddable":true,"href":"https:\/\/www.easyglue.de\/fr\/wp-json\/wp\/v2\/leimtyp?post=26048"},{"taxonomy":"product_brand","embeddable":true,"href":"https:\/\/www.easyglue.de\/fr\/wp-json\/wp\/v2\/product_brand?post=26048"},{"taxonomy":"product_cat","embeddable":true,"href":"https:\/\/www.easyglue.de\/fr\/wp-json\/wp\/v2\/product_cat?post=26048"},{"taxonomy":"product_tag","embeddable":true,"href":"https:\/\/www.easyglue.de\/fr\/wp-json\/wp\/v2\/product_tag?post=26048"}],"curies":[{"name":"wp","href":"https:\/\/api.w.org\/{rel}","templated":true}]}}