{"id":26054,"date":"2024-11-09T19:18:56","date_gmt":"2024-11-09T19:18:56","guid":{"rendered":"https:\/\/www.easyglue.de\/filtre-a-colle-chaude-versa-blue-02-08\/"},"modified":"2025-11-16T17:28:09","modified_gmt":"2025-11-16T17:28:09","slug":"filtre-a-colle-chaude-versa-blue-02-08","status":"publish","type":"product","link":"https:\/\/www.easyglue.de\/fr\/filtre-a-colle-chaude-versa-blue-02-08\/","title":{"rendered":"Filtre Alternative \u00e0 Nordson\u00ae VersaBlue\u00ae 0,2\/0,8"},"content":{"rendered":"","protected":false},"excerpt":{"rendered":"<ul>\n<li>\n<div class=\"attributes-row\">\n<div class=\"attributes-label\">Filtre \u00e0 colle chaude compatible avec Nordson \u00ae VersaBlue \u00ae, DuraBlue \u00ae.<\/div>\n<\/div>\n<\/li>\n<li>Compos\u00e9 de : Filtre, graisse et joints toriques<\/li>\n<li>200\/800 mesh<\/li>\n<li>Num\u00e9ros de r\u00e9f\u00e9rence : 394590 ; 7104658 ; 7109691 ; 7157675<\/li>\n<li>Autres r\u00e9f\u00e9rences : Versa Blue ; Dura Blue, VersaBlue \u00ae, DuraBlue \u00ae.<\/li>\n<li>Type de colle : colle chaude<\/li>\n<\/ul>\n<div class=\"attributes-row\">\n<div><\/div>\n<\/div>\n<div class=\"attributes-row\"><\/div>\n","protected":false},"featured_media":26055,"comment_status":"open","ping_status":"closed","template":"","meta":{"_acf_changed":false},"kompatibel-zu":[351],"leimtyp":[346],"product_brand":[],"product_cat":[362],"product_tag":[],"class_list":{"0":"post-26054","1":"product","2":"type-product","3":"status-publish","4":"has-post-thumbnail","6":"kompatibel-zu-pieces-de-rechange-compatibles-nordson","7":"leimtyp-colle-chaude","8":"product_cat-filtres-a-colle-chaude-et-filtres-a-colle-froide","10":"first","11":"instock","12":"taxable","13":"shipping-taxable","14":"product-type-simple"},"acf":[],"_links":{"self":[{"href":"https:\/\/www.easyglue.de\/fr\/wp-json\/wp\/v2\/product\/26054","targetHints":{"allow":["GET"]}}],"collection":[{"href":"https:\/\/www.easyglue.de\/fr\/wp-json\/wp\/v2\/product"}],"about":[{"href":"https:\/\/www.easyglue.de\/fr\/wp-json\/wp\/v2\/types\/product"}],"replies":[{"embeddable":true,"href":"https:\/\/www.easyglue.de\/fr\/wp-json\/wp\/v2\/comments?post=26054"}],"version-history":[{"count":0,"href":"https:\/\/www.easyglue.de\/fr\/wp-json\/wp\/v2\/product\/26054\/revisions"}],"wp:featuredmedia":[{"embeddable":true,"href":"https:\/\/www.easyglue.de\/fr\/wp-json\/wp\/v2\/media\/26055"}],"wp:attachment":[{"href":"https:\/\/www.easyglue.de\/fr\/wp-json\/wp\/v2\/media?parent=26054"}],"wp:term":[{"taxonomy":"kompatibel-zu","embeddable":true,"href":"https:\/\/www.easyglue.de\/fr\/wp-json\/wp\/v2\/kompatibel-zu?post=26054"},{"taxonomy":"leimtyp","embeddable":true,"href":"https:\/\/www.easyglue.de\/fr\/wp-json\/wp\/v2\/leimtyp?post=26054"},{"taxonomy":"product_brand","embeddable":true,"href":"https:\/\/www.easyglue.de\/fr\/wp-json\/wp\/v2\/product_brand?post=26054"},{"taxonomy":"product_cat","embeddable":true,"href":"https:\/\/www.easyglue.de\/fr\/wp-json\/wp\/v2\/product_cat?post=26054"},{"taxonomy":"product_tag","embeddable":true,"href":"https:\/\/www.easyglue.de\/fr\/wp-json\/wp\/v2\/product_tag?post=26054"}],"curies":[{"name":"wp","href":"https:\/\/api.w.org\/{rel}","templated":true}]}}