{"id":26073,"date":"2024-11-09T19:18:55","date_gmt":"2024-11-09T19:18:55","guid":{"rendered":"https:\/\/www.easyglue.de\/vis-detancheite\/"},"modified":"2024-11-09T19:18:55","modified_gmt":"2024-11-09T19:18:55","slug":"vis-detancheite","status":"publish","type":"product","link":"https:\/\/www.easyglue.de\/fr\/vis-detancheite\/","title":{"rendered":"Vis d&rsquo;\u00e9tanch\u00e9it\u00e9"},"content":{"rendered":"<p>Vis d&rsquo;\u00e9tanch\u00e9it\u00e9 ajust\u00e9e, r\u00e9f : 83100104<\/p>\n<p> Joint torique<a href=\"https:\/\/shop.easyglue.de\/de\/o-ring-2-9x1-78-ref-nr-92010202.html\" rel=\"noopener\">en haut<\/a><\/p>\n<p> Joint torique<a href=\"https:\/\/shop.easyglue.de\/de\/o-ring-6-07x1-78-ref-nr-92010604-92010601.html\" rel=\"noopener\">en bas<\/a><\/p>\n","protected":false},"excerpt":{"rendered":"<p>Vis d&rsquo;\u00e9tanch\u00e9it\u00e9 ajust\u00e9e, r\u00e9f : 83100104 Joint toriqueen haut Joint toriqueen bas<\/p>\n","protected":false},"featured_media":0,"comment_status":"open","ping_status":"closed","template":"","meta":{"_acf_changed":false},"kompatibel-zu":[],"leimtyp":[],"product_brand":[],"product_cat":[374],"product_tag":[],"class_list":{"0":"post-26073","1":"product","2":"type-product","3":"status-publish","5":"product_cat-autres","7":"first","8":"instock","9":"taxable","10":"shipping-taxable","11":"product-type-simple"},"acf":[],"_links":{"self":[{"href":"https:\/\/www.easyglue.de\/fr\/wp-json\/wp\/v2\/product\/26073","targetHints":{"allow":["GET"]}}],"collection":[{"href":"https:\/\/www.easyglue.de\/fr\/wp-json\/wp\/v2\/product"}],"about":[{"href":"https:\/\/www.easyglue.de\/fr\/wp-json\/wp\/v2\/types\/product"}],"replies":[{"embeddable":true,"href":"https:\/\/www.easyglue.de\/fr\/wp-json\/wp\/v2\/comments?post=26073"}],"version-history":[{"count":0,"href":"https:\/\/www.easyglue.de\/fr\/wp-json\/wp\/v2\/product\/26073\/revisions"}],"wp:attachment":[{"href":"https:\/\/www.easyglue.de\/fr\/wp-json\/wp\/v2\/media?parent=26073"}],"wp:term":[{"taxonomy":"kompatibel-zu","embeddable":true,"href":"https:\/\/www.easyglue.de\/fr\/wp-json\/wp\/v2\/kompatibel-zu?post=26073"},{"taxonomy":"leimtyp","embeddable":true,"href":"https:\/\/www.easyglue.de\/fr\/wp-json\/wp\/v2\/leimtyp?post=26073"},{"taxonomy":"product_brand","embeddable":true,"href":"https:\/\/www.easyglue.de\/fr\/wp-json\/wp\/v2\/product_brand?post=26073"},{"taxonomy":"product_cat","embeddable":true,"href":"https:\/\/www.easyglue.de\/fr\/wp-json\/wp\/v2\/product_cat?post=26073"},{"taxonomy":"product_tag","embeddable":true,"href":"https:\/\/www.easyglue.de\/fr\/wp-json\/wp\/v2\/product_tag?post=26073"}],"curies":[{"name":"wp","href":"https:\/\/api.w.org\/{rel}","templated":true}]}}