{"id":26125,"date":"2024-11-09T19:18:53","date_gmt":"2024-11-09T19:18:53","guid":{"rendered":"https:\/\/www.easyglue.de\/bouchon-de-fermeture-1-4\/"},"modified":"2024-11-09T19:18:53","modified_gmt":"2024-11-09T19:18:53","slug":"bouchon-de-fermeture-1-4","status":"publish","type":"product","link":"https:\/\/www.easyglue.de\/fr\/bouchon-de-fermeture-1-4\/","title":{"rendered":"Bouchon de fermeture 1\/4"},"content":{"rendered":"","protected":false},"excerpt":{"rendered":"<ul>\n<li>Bouchon 1\/4&Prime; en laiton chimiquement nickel\u00e9<\/li>\n<li>Compatible avec Baumerhhs\u00ae\/hhs\u00ae, Nordson\u00ae, Robatech\u00ae, B\u00fchnen\u00ae, Puffe\u00ae, Meler\u00ae, ITW Dynatec\u00ae\/Inatec\u00ae, ValcoMelton\u00ae.<\/li>\n<li>Num\u00e9ro de r\u00e9f\u00e9rence : 1\/4&Prime; ?<\/li>\n<li>Type de colle : colle chaude, colle froide<\/li>\n<\/ul>\n","protected":false},"featured_media":19607,"comment_status":"open","ping_status":"closed","template":"","meta":{"_acf_changed":false},"kompatibel-zu":[345,349,351,352,353,354],"leimtyp":[346,347],"product_brand":[],"product_cat":[377],"product_tag":[],"class_list":{"0":"post-26125","1":"product","2":"type-product","3":"status-publish","4":"has-post-thumbnail","6":"kompatibel-zu-pieces-de-rechange-compatibles-baumer-hhs-hhs","7":"kompatibel-zu-pieces-de-rechange-compatibles-robatech","8":"kompatibel-zu-pieces-de-rechange-compatibles-nordson","9":"kompatibel-zu-pieces-de-rechange-compatibles-meler","10":"kompatibel-zu-pieces-de-rechange-compatibles-itw-dynatec","11":"kompatibel-zu-pieces-de-rechange-compatibles-valco-melton","12":"leimtyp-colle-chaude","13":"leimtyp-colle-froide","14":"product_cat-raccords","16":"first","17":"instock","18":"taxable","19":"shipping-taxable","20":"product-type-simple"},"acf":[],"_links":{"self":[{"href":"https:\/\/www.easyglue.de\/fr\/wp-json\/wp\/v2\/product\/26125","targetHints":{"allow":["GET"]}}],"collection":[{"href":"https:\/\/www.easyglue.de\/fr\/wp-json\/wp\/v2\/product"}],"about":[{"href":"https:\/\/www.easyglue.de\/fr\/wp-json\/wp\/v2\/types\/product"}],"replies":[{"embeddable":true,"href":"https:\/\/www.easyglue.de\/fr\/wp-json\/wp\/v2\/comments?post=26125"}],"version-history":[{"count":0,"href":"https:\/\/www.easyglue.de\/fr\/wp-json\/wp\/v2\/product\/26125\/revisions"}],"wp:featuredmedia":[{"embeddable":true,"href":"https:\/\/www.easyglue.de\/fr\/wp-json\/wp\/v2\/media\/19607"}],"wp:attachment":[{"href":"https:\/\/www.easyglue.de\/fr\/wp-json\/wp\/v2\/media?parent=26125"}],"wp:term":[{"taxonomy":"kompatibel-zu","embeddable":true,"href":"https:\/\/www.easyglue.de\/fr\/wp-json\/wp\/v2\/kompatibel-zu?post=26125"},{"taxonomy":"leimtyp","embeddable":true,"href":"https:\/\/www.easyglue.de\/fr\/wp-json\/wp\/v2\/leimtyp?post=26125"},{"taxonomy":"product_brand","embeddable":true,"href":"https:\/\/www.easyglue.de\/fr\/wp-json\/wp\/v2\/product_brand?post=26125"},{"taxonomy":"product_cat","embeddable":true,"href":"https:\/\/www.easyglue.de\/fr\/wp-json\/wp\/v2\/product_cat?post=26125"},{"taxonomy":"product_tag","embeddable":true,"href":"https:\/\/www.easyglue.de\/fr\/wp-json\/wp\/v2\/product_tag?post=26125"}],"curies":[{"name":"wp","href":"https:\/\/api.w.org\/{rel}","templated":true}]}}